{"id":4062,"date":"2025-08-20T07:37:14","date_gmt":"2025-08-20T07:37:14","guid":{"rendered":"https:\/\/retayarms.com\/?post_type=product&#038;p=4062"},"modified":"2025-08-20T07:39:06","modified_gmt":"2025-08-20T07:39:06","slug":"retay-50s","status":"publish","type":"product","link":"https:\/\/retayarms.com\/tr\/urun\/retay-50s\/","title":{"rendered":"Retay 50S"},"content":{"rendered":"<table>\n<tbody>\n<tr>\n<td>Pelet Kalibresi<\/td>\n<td>.177 - .22<\/td>\n<\/tr>\n<tr>\n<td>Sistem<\/td>\n<td>K\u0131rma namlu<\/td>\n<\/tr>\n<tr>\n<td>H\u0131z<\/td>\n<td>450 fps (.177) \/ 350 fps (.22)<\/td>\n<\/tr>\n<tr>\n<td>A\u011f\u0131rl\u0131k<\/td>\n<td>2000 g<\/td>\n<\/tr>\n<tr>\n<td>Toplam Uzunluk<\/td>\n<td>870 mm<\/td>\n<\/tr>\n<\/tbody>\n<\/table>\n<p><strong>\u00a0<\/strong><\/p>\n<p><strong>Temel \u00d6zellikler<\/strong><\/p>\n<ol>\n<li>Ergonomik <strong>ah\u015fap stok<\/strong> konforlu kullan\u0131m ve klasik g\u00f6r\u00fcn\u00fcm i\u00e7in<\/li>\n<li>Hafif ve kompakt yap\u0131, a\u015fa\u011f\u0131dakiler i\u00e7in idealdir <strong>gen\u00e7 at\u0131c\u0131lar ve yeni ba\u015flayanlar<\/strong><\/li>\n<li>Orta mesafeli hedef at\u0131c\u0131l\u0131\u011f\u0131 i\u00e7in dengeli g\u00fc\u00e7 ve isabet<\/li>\n<li>Kolay kullan\u0131m i\u00e7in basit ve g\u00fcvenilir k\u0131rma namlu sistemi<\/li>\n<li>\u015e\u0131k tasar\u0131m, e\u011fitim ve e\u011flence ama\u00e7l\u0131 at\u0131\u015flar i\u00e7in m\u00fckemmel<\/li>\n<\/ol>\n<p>&nbsp;<\/p>\n<p><strong>\u00a0En \u0130yi Kullan\u0131m \u00d6rnekleri<\/strong><\/p>\n<ol>\n<li>At\u0131\u015f talimi ve e\u011fitimi<\/li>\n<li>Hobi ve e\u011flence ama\u00e7l\u0131 at\u0131c\u0131l\u0131k<\/li>\n<li>Gen\u00e7 ve yeni ba\u015flayan at\u0131c\u0131lar i\u00e7in g\u00fcvenli ve e\u011flenceli<\/li>\n<\/ol>","protected":false},"excerpt":{"rendered":"<p>Pelet Kalibre .177 - .22 Sistem K\u0131rma namlu H\u0131z 450 fps (.177) \/ 350 fps (.22) A\u011f\u0131rl\u0131k 2000 g Toplam Uzunluk 870 mm Temel \u00d6zellikler Rahat kullan\u0131m ve klasik g\u00f6r\u00fcn\u00fcm i\u00e7in ergonomik ah\u015fap dip\u00e7ik Hafif ve kompakt yap\u0131, gen\u00e7 at\u0131c\u0131lar ve yeni ba\u015flayanlar i\u00e7in ideal Orta mesafeli hedef at\u0131c\u0131l\u0131\u011f\u0131 i\u00e7in dengeli g\u00fc\u00e7 ve isabet Basit ve [...]<\/p>","protected":false},"featured_media":4064,"comment_status":"closed","ping_status":"closed","template":"","meta":{"_acf_changed":false,"_et_pb_use_builder":"","_et_pb_old_content":"","_et_gb_content_width":""},"product_brand":[],"product_cat":[78,31],"product_tag":[],"class_list":{"0":"post-4062","1":"product","2":"type-product","3":"status-publish","4":"has-post-thumbnail","6":"product_cat-air-guns","7":"product_cat-air-rifles","9":"first","10":"instock","11":"shipping-taxable","12":"product-type-simple"},"acf":[],"_links":{"self":[{"href":"https:\/\/retayarms.com\/tr\/wp-json\/wp\/v2\/product\/4062","targetHints":{"allow":["GET"]}}],"collection":[{"href":"https:\/\/retayarms.com\/tr\/wp-json\/wp\/v2\/product"}],"about":[{"href":"https:\/\/retayarms.com\/tr\/wp-json\/wp\/v2\/types\/product"}],"replies":[{"embeddable":true,"href":"https:\/\/retayarms.com\/tr\/wp-json\/wp\/v2\/comments?post=4062"}],"wp:featuredmedia":[{"embeddable":true,"href":"https:\/\/retayarms.com\/tr\/wp-json\/wp\/v2\/media\/4064"}],"wp:attachment":[{"href":"https:\/\/retayarms.com\/tr\/wp-json\/wp\/v2\/media?parent=4062"}],"wp:term":[{"taxonomy":"product_brand","embeddable":true,"href":"https:\/\/retayarms.com\/tr\/wp-json\/wp\/v2\/product_brand?post=4062"},{"taxonomy":"product_cat","embeddable":true,"href":"https:\/\/retayarms.com\/tr\/wp-json\/wp\/v2\/product_cat?post=4062"},{"taxonomy":"product_tag","embeddable":true,"href":"https:\/\/retayarms.com\/tr\/wp-json\/wp\/v2\/product_tag?post=4062"}],"curies":[{"name":"wp","href":"https:\/\/api.w.org\/{rel}","templated":true}]}}