{"id":4020,"date":"2025-08-12T13:54:48","date_gmt":"2025-08-12T13:54:48","guid":{"rendered":"https:\/\/retayarms.com\/?post_type=product&#038;p=4020"},"modified":"2026-02-05T07:59:20","modified_gmt":"2026-02-05T07:59:20","slug":"aspire","status":"publish","type":"product","link":"https:\/\/retayarms.com\/tr\/urun\/aspire\/","title":{"rendered":"Aspire"},"content":{"rendered":"<table width=\"444\">\n<tbody>\n<tr>\n<td width=\"124\">KAL\u0130BRE<\/td>\n<td width=\"64\">243 Kazanmak<\/td>\n<td width=\"64\">308 Kazanmak<\/td>\n<td width=\"64\">6.5 Creedmoor<\/td>\n<td width=\"64\">270 Kazanmak<\/td>\n<td width=\"64\">30-06 Sprg<\/td>\n<\/tr>\n<tr>\n<td>\u015earj\u00f6r Kapasitesi<\/td>\n<td>2<\/td>\n<td>2<\/td>\n<td>2<\/td>\n<td>2<\/td>\n<td>2<\/td>\n<\/tr>\n<tr>\n<td>Toplam Uzunluk<\/td>\n<td>1084 mm<\/td>\n<td>1084 mm<\/td>\n<td>1084 mm<\/td>\n<td>1084 mm<\/td>\n<td>1084 mm<\/td>\n<\/tr>\n<tr>\n<td>Avg. A\u011f\u0131rl\u0131k (Lbs.)<\/td>\n<td>7<\/td>\n<td>7<\/td>\n<td>7<\/td>\n<td>7<\/td>\n<td>7<\/td>\n<\/tr>\n<tr>\n<td>Namlu Uzunlu\u011fu<\/td>\n<td>22''<\/td>\n<td>22''<\/td>\n<td>22''<\/td>\n<td>22''<\/td>\n<td>22''<\/td>\n<\/tr>\n<tr>\n<td>Namlu Malzemesi<\/td>\n<td>4140 \u00c7elik<\/td>\n<td>4140 \u00c7elik<\/td>\n<td>4140 \u00c7elik<\/td>\n<td>4140 \u00c7elik<\/td>\n<td>4140 \u00c7elik<\/td>\n<\/tr>\n<tr>\n<td>Namlu Kaplamas\u0131<\/td>\n<td>Mat Siyah<\/td>\n<td>Mat Siyah<\/td>\n<td>Mat Siyah<\/td>\n<td>Mat Siyah<\/td>\n<td>Mat Siyah<\/td>\n<\/tr>\n<tr>\n<td>Stok Malzeme<\/td>\n<td>Sentetik<\/td>\n<td>Sentetik<\/td>\n<td>Sentetik<\/td>\n<td>Sentetik<\/td>\n<td>Sentetik<\/td>\n<\/tr>\n<tr>\n<td>Stok Kaplama<\/td>\n<td>Mat Siyah<\/td>\n<td>Mat Siyah<\/td>\n<td>Mat Siyah<\/td>\n<td>Mat Siyah<\/td>\n<td>Mat Siyah<\/td>\n<\/tr>\n<tr>\n<td>B\u00fck\u00fcm Oran\u0131<\/td>\n<td>1:10&#8243;<\/td>\n<td>1:10&#8243;<\/td>\n<td>1:8&#8243;<\/td>\n<td>1:10&#8243;<\/td>\n<td>1:10&#8243;<\/td>\n<\/tr>\n<tr>\n<td>Groves<\/td>\n<td>6<\/td>\n<td>4<\/td>\n<td>6<\/td>\n<td>4<\/td>\n<td>4<\/td>\n<\/tr>\n<tr>\n<td>\u00c7ekme Uzunlu\u011fu<\/td>\n<td>342 mm<\/td>\n<td>342 mm<\/td>\n<td>342 mm<\/td>\n<td>342 mm<\/td>\n<td>342 mm<\/td>\n<\/tr>\n<\/tbody>\n<\/table>","protected":false},"excerpt":{"rendered":"<p>KAL\u0130BRE 243 Win 308 Win 6.5 Creedmoor 270 Win 30-06 Sprg \u015earj\u00f6r Kapasitesi 2 2 2 2 2 Toplam Uzunluk 1084 mm 1084 mm 1084 mm 1084 mm 1084 mm Avg. A\u011f\u0131rl\u0131k (Lbs.) 7 7 7 7 Namlu Uzunlu\u011fu 22'' 22'' 22'' 22'' 22'' Namlu Malzemesi 4140 \u00c7elik 4140 \u00c7elik 4140 \u00c7elik 4140 \u00c7elik [...]<\/p>","protected":false},"featured_media":4130,"comment_status":"closed","ping_status":"closed","template":"","meta":{"_acf_changed":false,"_et_pb_use_builder":"","_et_pb_old_content":"","_et_gb_content_width":""},"product_brand":[],"product_cat":[84,63,30],"product_tag":[],"class_list":{"0":"post-4020","1":"product","2":"type-product","3":"status-publish","4":"has-post-thumbnail","6":"product_cat-aspire","7":"product_cat-single-shot-rifle","8":"product_cat-rifles","10":"first","11":"instock","12":"shipping-taxable","13":"product-type-simple"},"acf":[],"_links":{"self":[{"href":"https:\/\/retayarms.com\/tr\/wp-json\/wp\/v2\/product\/4020","targetHints":{"allow":["GET"]}}],"collection":[{"href":"https:\/\/retayarms.com\/tr\/wp-json\/wp\/v2\/product"}],"about":[{"href":"https:\/\/retayarms.com\/tr\/wp-json\/wp\/v2\/types\/product"}],"replies":[{"embeddable":true,"href":"https:\/\/retayarms.com\/tr\/wp-json\/wp\/v2\/comments?post=4020"}],"wp:featuredmedia":[{"embeddable":true,"href":"https:\/\/retayarms.com\/tr\/wp-json\/wp\/v2\/media\/4130"}],"wp:attachment":[{"href":"https:\/\/retayarms.com\/tr\/wp-json\/wp\/v2\/media?parent=4020"}],"wp:term":[{"taxonomy":"product_brand","embeddable":true,"href":"https:\/\/retayarms.com\/tr\/wp-json\/wp\/v2\/product_brand?post=4020"},{"taxonomy":"product_cat","embeddable":true,"href":"https:\/\/retayarms.com\/tr\/wp-json\/wp\/v2\/product_cat?post=4020"},{"taxonomy":"product_tag","embeddable":true,"href":"https:\/\/retayarms.com\/tr\/wp-json\/wp\/v2\/product_tag?post=4020"}],"curies":[{"name":"wp","href":"https:\/\/api.w.org\/{rel}","templated":true}]}}