{"id":3843,"date":"2025-08-07T11:03:41","date_gmt":"2025-08-07T11:03:41","guid":{"rendered":"https:\/\/retayarms.com\/?post_type=product&#038;p=3843"},"modified":"2025-08-07T11:10:55","modified_gmt":"2025-08-07T11:10:55","slug":"no1-co2-pistol","status":"publish","type":"product","link":"https:\/\/retayarms.com\/tr\/urun\/no1-co2-tabanca\/","title":{"rendered":"No1 CO2 Tabanca"},"content":{"rendered":"<table>\n<tbody>\n<tr>\n<td style=\"width: 157.891px;\">\u00dcr\u00fcn<\/td>\n<td style=\"width: 376.109px;\">\u00a0Full Metal Geri Tepmesiz\/ Geri Tepmeli Co2 Tabanca<\/td>\n<\/tr>\n<tr>\n<td style=\"width: 157.891px;\">\u0130\u015fletim Sistemi<\/td>\n<td style=\"width: 376.109px;\">\u00a0Yar\u0131 Otomatik \u00c7al\u0131\u015fma<\/td>\n<\/tr>\n<tr>\n<td style=\"width: 157.891px;\">M\u00fchimmat<\/td>\n<td style=\"width: 376.109px;\">\u00a04.5mm (.177 Cal) \u00c7elik BBs<\/td>\n<\/tr>\n<tr>\n<td style=\"width: 157.891px;\">\u015earj\u00f6r Kapasitesi<\/td>\n<td style=\"width: 376.109px;\">\u00a0Maks. 18 BBs Kapasiteli \u015earj\u00f6r<\/td>\n<\/tr>\n<tr>\n<td style=\"width: 157.891px;\">G\u00fc\u00e7 Kayna\u011f\u0131<\/td>\n<td style=\"width: 376.109px;\">\u00a012g Co2 Kartu\u015f<\/td>\n<\/tr>\n<tr>\n<td style=\"width: 157.891px;\">Enerji<\/td>\n<td style=\"width: 376.109px;\">\u00a0Maks. 2,9 Joule Enerji<\/td>\n<\/tr>\n<tr>\n<td style=\"width: 157.891px;\">Namlu \u00c7\u0131k\u0131\u015f H\u0131z\u0131<\/td>\n<td style=\"width: 376.109px;\">\u00a0Maks. 130 m\/s Namlu \u00c7\u0131k\u0131\u015f H\u0131z\u0131<\/td>\n<\/tr>\n<tr>\n<td style=\"width: 157.891px;\">G\u00fcvenlik<\/td>\n<td style=\"width: 376.109px;\">\u00a0Manuel G\u00fcvenlik<\/td>\n<\/tr>\n<\/tbody>\n<\/table>","protected":false},"excerpt":{"rendered":"<p>\u00dcr\u00fcn Full Metal Non-Blowback\/ Blowback Co2 Tabanca \u00c7al\u0131\u015fma Sistemi Yar\u0131 Otomatik \u00c7al\u0131\u015fma M\u00fchimmat 4.5mm (.177 Cal) \u00c7elik BBs \u015earj\u00f6r Kapasitesi Maks. 18 BBs Kapasiteli \u015earj\u00f6r G\u00fc\u00e7 Kayna\u011f\u0131 12g Co2 Fi\u015fek Enerji Maks. 2,9 Joule Enerji Namlu \u00c7\u0131k\u0131\u015f H\u0131z\u0131 Maks. 130 m\/s Namlu \u00c7\u0131k\u0131\u015f H\u0131z\u0131 G\u00fcvenlik Manuel G\u00fcvenlik<\/p>","protected":false},"featured_media":3844,"comment_status":"closed","ping_status":"closed","template":"","meta":{"_acf_changed":false,"_et_pb_use_builder":"","_et_pb_old_content":"","_et_gb_content_width":""},"product_brand":[],"product_cat":[78,79],"product_tag":[],"class_list":{"0":"post-3843","1":"product","2":"type-product","3":"status-publish","4":"has-post-thumbnail","6":"product_cat-air-guns","7":"product_cat-co2-pistols","9":"first","10":"instock","11":"shipping-taxable","12":"product-type-simple"},"acf":[],"_links":{"self":[{"href":"https:\/\/retayarms.com\/tr\/wp-json\/wp\/v2\/product\/3843","targetHints":{"allow":["GET"]}}],"collection":[{"href":"https:\/\/retayarms.com\/tr\/wp-json\/wp\/v2\/product"}],"about":[{"href":"https:\/\/retayarms.com\/tr\/wp-json\/wp\/v2\/types\/product"}],"replies":[{"embeddable":true,"href":"https:\/\/retayarms.com\/tr\/wp-json\/wp\/v2\/comments?post=3843"}],"wp:featuredmedia":[{"embeddable":true,"href":"https:\/\/retayarms.com\/tr\/wp-json\/wp\/v2\/media\/3844"}],"wp:attachment":[{"href":"https:\/\/retayarms.com\/tr\/wp-json\/wp\/v2\/media?parent=3843"}],"wp:term":[{"taxonomy":"product_brand","embeddable":true,"href":"https:\/\/retayarms.com\/tr\/wp-json\/wp\/v2\/product_brand?post=3843"},{"taxonomy":"product_cat","embeddable":true,"href":"https:\/\/retayarms.com\/tr\/wp-json\/wp\/v2\/product_cat?post=3843"},{"taxonomy":"product_tag","embeddable":true,"href":"https:\/\/retayarms.com\/tr\/wp-json\/wp\/v2\/product_tag?post=3843"}],"curies":[{"name":"wp","href":"https:\/\/api.w.org\/{rel}","templated":true}]}}