{"id":3680,"date":"2025-08-01T09:18:02","date_gmt":"2025-08-01T09:18:02","guid":{"rendered":"https:\/\/retayarms.com\/?post_type=product&#038;p=3680"},"modified":"2025-08-11T13:50:27","modified_gmt":"2025-08-11T13:50:27","slug":"724-patrol","status":"publish","type":"product","link":"https:\/\/retayarms.com\/tr\/urun\/724-devriye\/","title":{"rendered":"724 Patrol"},"content":{"rendered":"<table>\n<tbody>\n<tr style=\"height: 13px;\">\n<td style=\"width: 202px; height: 13px;\">Kalibre<\/td>\n<td style=\"width: 435px; height: 13px;\">12 GA<\/td>\n<\/tr>\n<tr style=\"height: 13px;\">\n<td style=\"width: 202px; height: 13px;\">Kovan yata\u011f\u0131<\/td>\n<td style=\"width: 435px; height: 13px;\">2-3\/4\" ila 3\" | 76mm<\/td>\n<\/tr>\n<tr style=\"height: 13px;\">\n<td style=\"width: 202px; height: 13px;\">\u00c7al\u0131\u015fma Sistemi<\/td>\n<td style=\"width: 435px; height: 13px;\">Inertia Plus Sistemi<\/td>\n<\/tr>\n<tr style=\"height: 13px;\">\n<td style=\"width: 202px; height: 13px;\">Namlu<\/td>\n<td style=\"width: 435px; height: 13px;\">Hassas Delinmi\u015f \u00c7elik<\/td>\n<\/tr>\n<tr style=\"height: 13px;\">\n<td style=\"width: 202px; height: 13px;\">\u015eok<\/td>\n<td style=\"width: 435px; height: 13px;\">\u00c7\u0131kar\u0131labilir \u015eoklar C-IC-M-IM-F -70mm<\/td>\n<\/tr>\n<tr style=\"height: 13px;\">\n<td style=\"width: 202px; height: 13px;\">Geri Tepme Pedi<\/td>\n<td style=\"width: 435px; height: 13px;\">\u015eekillendirilmi\u015f Ergonomik Konfor Geri Tepme Pedi<\/td>\n<\/tr>\n<tr style=\"height: 13px;\">\n<td style=\"width: 202px; height: 13px;\">Mekanizma G\u00f6vdesi<\/td>\n<td style=\"width: 435px; height: 13px;\">Al\u00fcminyum\/Anodize<\/td>\n<\/tr>\n<tr style=\"height: 13px;\">\n<td style=\"width: 202px; height: 13px;\">El Korumas\u0131<\/td>\n<td style=\"width: 435px; height: 13px;\">Al\u00fcminyum\/Anodize<\/td>\n<\/tr>\n<tr style=\"height: 13px;\">\n<td style=\"width: 202px; height: 13px;\">Yanakl\u0131k<\/td>\n<td style=\"width: 435px; height: 13px;\">Kau\u00e7uk yanak yast\u0131\u011f\u0131<\/td>\n<\/tr>\n<tr style=\"height: 26px;\">\n<td style=\"width: 202px; height: 26px;\">Dip\u00e7ik Topu\u011fu A\u00e7\u0131s\u0131<\/td>\n<td style=\"width: 435px; height: 26px;\">2.16\"\u00b1.04\" 1.77\"-1.96\"-2.36\" olarak ayarlanabilir - 55\u00b11mm 45-50-60 olarak ayarlanabilir<\/td>\n<\/tr>\n<tr style=\"height: 13px;\">\n<td style=\"width: 202px; height: 13px;\">Dip\u00e7ik G\u00f6z Yast\u0131\u011f\u0131<\/td>\n<td style=\"width: 435px; height: 13px;\">1.45\"\u00b1.04\" | 37\u00b11mm<\/td>\n<\/tr>\n<tr style=\"height: 13px;\">\n<td style=\"width: 202px; height: 13px;\">A\u011f\u0131rl\u0131k<\/td>\n<td style=\"width: 435px; height: 13px;\">6lbs 9,8oz | 3000g\u00b1100<\/td>\n<\/tr>\n<tr style=\"height: 13px;\">\n<td style=\"width: 202px; height: 13px;\">Dib\u00e7ik Opsiyonlar\u0131<\/td>\n<td style=\"width: 435px; height: 13px;\">Hidrografik veya Boya Kal\u0131pl\u0131\/ Teleskopik\/ Katlanabilir<\/td>\n<\/tr>\n<tr style=\"height: 13px;\">\n<td style=\"width: 202px; height: 13px;\">\u015earj\u00f6r Kapasitesi<\/td>\n<td style=\"width: 435px; height: 13px;\">7+1 - 3\" Fi\u015fekler<\/td>\n<\/tr>\n<tr style=\"height: 13px;\">\n<td style=\"width: 202px; height: 13px;\">Y\u00fckleme Portu<\/td>\n<td style=\"width: 435px; height: 13px;\">Kolay y\u00fckleme i\u00e7in Geni\u015fletilmi\u015f Y\u00fckleme Portu<\/td>\n<\/tr>\n<tr style=\"height: 13px;\">\n<td style=\"width: 202px; height: 13px;\">G\u00fcvenlik<\/td>\n<td style=\"width: 435px; height: 13px;\">\u00c7apraz C\u0131vata Basmal\u0131 D\u00fc\u011fme Durdurucu, Geni\u015fletilmi\u015f G\u00fcvenlik<\/td>\n<\/tr>\n<tr style=\"height: 13px;\">\n<td style=\"width: 202px; height: 13px;\">Tetik Gurubu<\/td>\n<td style=\"width: 435px; height: 13px;\">Al\u00fcminyum Tetik Korumas\u0131<\/td>\n<\/tr>\n<tr style=\"height: 13px;\">\n<td style=\"width: 202px; height: 13px;\">Tetik<\/td>\n<td style=\"width: 435px; height: 13px;\">Otomatik Tekrarlama \u00d6nleme Sistemi<\/td>\n<\/tr>\n<tr style=\"height: 13px;\">\n<td style=\"width: 202px; height: 13px;\">Ray<\/td>\n<td style=\"width: 435px; height: 13px;\">#8-40 Vidal\u0131 Bowtie Picatinny Ray\u0131<\/td>\n<\/tr>\n<tr style=\"height: 13px;\">\n<td style=\"width: 202px; height: 13px;\">Ni\u015fangah<\/td>\n<td style=\"width: 435px; height: 13px;\">Ayarlanabilir Ghost Ring Arka Ni\u015fangah ve Retay Tactical \u00d6n Ni\u015fangah<\/td>\n<\/tr>\n<tr style=\"height: 13px;\">\n<td style=\"width: 202px; height: 13px;\">Optik Kabul Edebilme \u00d6zelli\u011fi<\/td>\n<td style=\"width: 435px; height: 13px;\">RMR\/RMSC optik plakas\u0131<\/td>\n<\/tr>\n<tr style=\"height: 13px;\">\n<td style=\"width: 202px; height: 13px;\">Spor Kontrol D\u00fc\u011fmesi<\/td>\n<td style=\"width: 435px; height: 13px;\"><\/td>\n<\/tr>\n<\/tbody>\n<\/table>","protected":false},"excerpt":{"rendered":"<p>Gauge 12 GA Hazne 2-3\/4\" ila 3\" | 76mm Aksiyon Inertia Plus Sistem Namlu Hassas Delinmi\u015f \u00c7elik \u015eok \u00c7\u0131kar\u0131labilir \u015eoklar C-IC-M-IM-F -70mm Geri Tepme Pedi \u015eekillendirilmi\u015f Ergonomik Konfor Geri Tepme Pedi Al\u0131c\u0131 Al\u00fcminyum \/ Eloksal El Kunda\u011f\u0131 Al\u00fcminyum \/ Eloksal Yanak Kau\u00e7uk yanak pedi Topukta D\u00fc\u015fme 2.16\"\u00b1.04\" ayarlanabilir 1.77\"-1.96\"-2.36\" - 55\u00b11mm ayarlanabilir 45-50-60 Tarakta D\u00fc\u015f\u00fc\u015f 1.45\"\u00b1.04\" | 37\u00b11mm [...]<\/p>","protected":false},"featured_media":3681,"comment_status":"closed","ping_status":"closed","template":"","meta":{"_acf_changed":false,"_et_pb_use_builder":"","_et_pb_old_content":"","_et_gb_content_width":""},"product_brand":[],"product_cat":[76,22],"product_tag":[],"class_list":{"0":"post-3680","1":"product","2":"type-product","3":"status-publish","4":"has-post-thumbnail","6":"product_cat-724-patrol","7":"product_cat-semi-auto","9":"first","10":"instock","11":"shipping-taxable","12":"product-type-simple"},"acf":[],"_links":{"self":[{"href":"https:\/\/retayarms.com\/tr\/wp-json\/wp\/v2\/product\/3680","targetHints":{"allow":["GET"]}}],"collection":[{"href":"https:\/\/retayarms.com\/tr\/wp-json\/wp\/v2\/product"}],"about":[{"href":"https:\/\/retayarms.com\/tr\/wp-json\/wp\/v2\/types\/product"}],"replies":[{"embeddable":true,"href":"https:\/\/retayarms.com\/tr\/wp-json\/wp\/v2\/comments?post=3680"}],"wp:featuredmedia":[{"embeddable":true,"href":"https:\/\/retayarms.com\/tr\/wp-json\/wp\/v2\/media\/3681"}],"wp:attachment":[{"href":"https:\/\/retayarms.com\/tr\/wp-json\/wp\/v2\/media?parent=3680"}],"wp:term":[{"taxonomy":"product_brand","embeddable":true,"href":"https:\/\/retayarms.com\/tr\/wp-json\/wp\/v2\/product_brand?post=3680"},{"taxonomy":"product_cat","embeddable":true,"href":"https:\/\/retayarms.com\/tr\/wp-json\/wp\/v2\/product_cat?post=3680"},{"taxonomy":"product_tag","embeddable":true,"href":"https:\/\/retayarms.com\/tr\/wp-json\/wp\/v2\/product_tag?post=3680"}],"curies":[{"name":"wp","href":"https:\/\/api.w.org\/{rel}","templated":true}]}}