{"id":3529,"date":"2025-07-07T12:36:33","date_gmt":"2025-07-07T12:36:33","guid":{"rendered":"https:\/\/retayarms.com\/?post_type=product&#038;p=3529"},"modified":"2025-07-30T10:10:10","modified_gmt":"2025-07-30T10:10:10","slug":"gamelander-2","status":"publish","type":"product","link":"https:\/\/retayarms.com\/tr\/urun\/gamelander-2\/","title":{"rendered":"Gamelander"},"content":{"rendered":"<table>\n<tbody>\n<tr style=\"height: 26px;\">\n<td style=\"height: 26px;\" width=\"138\">\u00c7al\u0131\u015fma Sistemi<\/td>\n<td style=\"height: 26px;\" width=\"238\">Tek At\u0131\u015f<\/td>\n<\/tr>\n<tr style=\"height: 26px;\">\n<td style=\"height: 26px;\" width=\"138\">Namlu<\/td>\n<td style=\"height: 26px;\" width=\"238\">Derin Delik Namlu - H\u0131zl\u0131 Namlu \u0130ndirme Hareketi<\/td>\n<\/tr>\n<tr style=\"height: 26px;\">\n<td style=\"height: 26px;\" width=\"138\">\u015eok<\/td>\n<td style=\"height: 26px;\" width=\"238\">\u00c7\u0131kar\u0131labilir \u015eoklar C-IC-M-IM-F -70mm<\/td>\n<\/tr>\n<tr style=\"height: 26px;\">\n<td style=\"height: 26px;\" width=\"138\">Mekanizma G\u00f6vdesi<\/td>\n<td style=\"height: 26px;\" width=\"238\">4140 \u00c7elik<\/td>\n<\/tr>\n<tr style=\"height: 13px;\">\n<td style=\"height: 13px;\">A\u011f\u0131rl\u0131k<\/td>\n<td style=\"height: 13px;\">3<\/td>\n<\/tr>\n<tr style=\"height: 13px;\">\n<td style=\"height: 13px;\">Ni\u015fangah<\/td>\n<td style=\"height: 13px;\">Opsiyonel<\/td>\n<\/tr>\n<tr style=\"height: 13px;\">\n<td style=\"height: 13px;\">Kaplama Se\u00e7enekleri<\/td>\n<td style=\"height: 13px;\">Camo Cerakote<\/td>\n<\/tr>\n<tr style=\"height: 13px;\">\n<td style=\"height: 13px;\">Namlu<\/td>\n<td style=\"height: 13px;\">Evet<\/td>\n<\/tr>\n<tr style=\"height: 13px;\">\n<td style=\"height: 13px;\">Picattiny Rail<\/td>\n<td style=\"height: 13px;\">Evet<\/td>\n<\/tr>\n<tr style=\"height: 13px;\">\n<td style=\"height: 13px;\">Geri Tepme Pedi<\/td>\n<td style=\"height: 13px;\">AIRY Geri Tepme Pedi<\/td>\n<\/tr>\n<tr style=\"height: 13px;\">\n<td style=\"height: 13px;\">Ayarlanabilir Yanakl\u0131k<\/td>\n<td style=\"height: 13px;\">Evet<\/td>\n<\/tr>\n<tr style=\"height: 13px;\">\n<td style=\"height: 13px;\">Ray<\/td>\n<td style=\"height: 13px;\">#8-40 Vidal\u0131 Bowtie Picatinny Ray\u0131<\/td>\n<\/tr>\n<tr style=\"height: 13px;\">\n<td style=\"height: 13px;\">Di\u011fer \u00d6zellikler.<\/td>\n<td style=\"height: 13px;\">Basmal\u0131 D\u00fc\u011fme \u0130ndirme Sistemi<\/td>\n<\/tr>\n<tr style=\"height: 13px;\">\n<td style=\"height: 13px;\"><\/td>\n<td style=\"height: 13px;\"><\/td>\n<\/tr>\n<tr style=\"height: 41px;\">\n<td style=\"height: 41px;\" colspan=\"2\">\n<h3><strong>Mevcut Kalibre Se\u00e7enekleri<\/strong><\/h3>\n<\/td>\n<\/tr>\n<tr style=\"height: 13.7188px;\">\n<td style=\"height: 13.7188px;\">16 GA<\/td>\n<td style=\"height: 13.7188px;\">51-56-61-66-71-76<\/td>\n<\/tr>\n<tr style=\"height: 13px;\">\n<td style=\"height: 13px;\">20 GA<\/td>\n<td style=\"height: 13px;\">51-56-61-66-71-76<\/td>\n<\/tr>\n<tr style=\"height: 13px;\">\n<td style=\"height: 13px;\">28 GA<\/td>\n<td style=\"height: 13px;\">51-56-61-66-71-76<\/td>\n<\/tr>\n<tr style=\"height: 13px;\">\n<td style=\"height: 13px;\">36 GA<\/td>\n<td style=\"height: 13px;\">51-56-61-66-71-76<\/td>\n<\/tr>\n<\/tbody>\n<\/table>","protected":false},"excerpt":{"rendered":"<p>Eylem Tek At\u0131\u015f Namlu Derin Delik Delinmi\u015f - H\u0131zl\u0131 A\u015fa\u011f\u0131 \u00c7ekme Namlu Eylem \u015eoku \u00c7\u0131kar\u0131labilir \u015eoklar C-IC-M-IM-F -70mm Al\u0131c\u0131 4140 \u00c7elik A\u011f\u0131rl\u0131k 3 Ni\u015fangah \u0130ste\u011fe Ba\u011fl\u0131 Kaplama Se\u00e7enekleri Camo Cerakote Namlu Evet Picattiny Ray Evet Geri Tepme Pedi Havadar Geri Tepme Pedi Ayarlanabilir Yanakl\u0131k Evet Ray Bowtie Picatinny Ray #8-40 Vidal\u0131 Di\u011fer \u00d6zellikler. Basmal\u0131 D\u00fc\u011fme \u0130ndir [...]<\/p>","protected":false},"featured_media":3128,"comment_status":"closed","ping_status":"closed","template":"","meta":{"_acf_changed":false,"_et_pb_use_builder":"","_et_pb_old_content":"","_et_gb_content_width":""},"product_brand":[],"product_cat":[73],"product_tag":[],"class_list":{"0":"post-3529","1":"product","2":"type-product","3":"status-publish","4":"has-post-thumbnail","6":"product_cat-gamelander-single-shotgun","8":"first","9":"instock","10":"shipping-taxable","11":"product-type-simple"},"acf":[],"_links":{"self":[{"href":"https:\/\/retayarms.com\/tr\/wp-json\/wp\/v2\/product\/3529","targetHints":{"allow":["GET"]}}],"collection":[{"href":"https:\/\/retayarms.com\/tr\/wp-json\/wp\/v2\/product"}],"about":[{"href":"https:\/\/retayarms.com\/tr\/wp-json\/wp\/v2\/types\/product"}],"replies":[{"embeddable":true,"href":"https:\/\/retayarms.com\/tr\/wp-json\/wp\/v2\/comments?post=3529"}],"wp:featuredmedia":[{"embeddable":true,"href":"https:\/\/retayarms.com\/tr\/wp-json\/wp\/v2\/media\/3128"}],"wp:attachment":[{"href":"https:\/\/retayarms.com\/tr\/wp-json\/wp\/v2\/media?parent=3529"}],"wp:term":[{"taxonomy":"product_brand","embeddable":true,"href":"https:\/\/retayarms.com\/tr\/wp-json\/wp\/v2\/product_brand?post=3529"},{"taxonomy":"product_cat","embeddable":true,"href":"https:\/\/retayarms.com\/tr\/wp-json\/wp\/v2\/product_cat?post=3529"},{"taxonomy":"product_tag","embeddable":true,"href":"https:\/\/retayarms.com\/tr\/wp-json\/wp\/v2\/product_tag?post=3529"}],"curies":[{"name":"wp","href":"https:\/\/api.w.org\/{rel}","templated":true}]}}