{"id":3266,"date":"2025-06-18T10:03:27","date_gmt":"2025-06-18T10:03:27","guid":{"rendered":"https:\/\/retayarms.com\/?post_type=product&#038;p=3266"},"modified":"2025-09-01T11:11:35","modified_gmt":"2025-09-01T11:11:35","slug":"2022-sporter-timber","status":"publish","type":"product","link":"https:\/\/retayarms.com\/tr\/urun\/2022-sporter-kereste\/","title":{"rendered":"2022 Sporcu Kerestesi"},"content":{"rendered":"<table style=\"width: 100%;\">\n<tbody>\n<tr>\n<td style=\"width: 192px;\">Kalibre<\/td>\n<td style=\"width: 255.781px;\">.22 LR<\/td>\n<\/tr>\n<tr>\n<td style=\"width: 192px;\">\u015earj\u00f6r Kapasitesi<\/td>\n<td style=\"width: 255.781px;\">10 Tur<\/td>\n<\/tr>\n<tr>\n<td style=\"width: 192px;\">A\u011f\u0131rl\u0131k<\/td>\n<td style=\"width: 255.781px;\">2.88 Kg<\/td>\n<\/tr>\n<tr>\n<td style=\"width: 192px;\">Uzunluk (mm)<\/td>\n<td style=\"width: 255.781px;\">970<\/td>\n<\/tr>\n<tr>\n<td style=\"width: 192px;\">Namlu Uzunlu\u011fu<\/td>\n<td style=\"width: 255.781px;\">51-56-61-66 cm<\/td>\n<\/tr>\n<tr>\n<td style=\"width: 192px;\">Namlu Profili<\/td>\n<td style=\"width: 255.781px;\">A\u011f\u0131r, d\u00fcz konik<\/td>\n<\/tr>\n<tr>\n<td style=\"width: 192px;\">Namlu Malzemesi<\/td>\n<td style=\"width: 255.781px;\">\u00d6zel Ala\u015f\u0131ml\u0131 \u00c7elik, Hassas Delinmi\u015f Namlu<\/td>\n<\/tr>\n<tr>\n<td style=\"width: 192px;\">Ni\u015fangah<\/td>\n<td style=\"width: 255.781px;\">Opsiyonel<\/td>\n<\/tr>\n<tr>\n<td style=\"width: 192px;\">Kompansat\u00f6r<\/td>\n<td style=\"width: 255.781px;\">Hay\u0131r<\/td>\n<\/tr>\n<tr>\n<td style=\"width: 192px;\">Dip\u00e7ik<\/td>\n<td style=\"width: 255.781px;\">Hidrografik \/ Cerakote<\/td>\n<\/tr>\n<tr>\n<td style=\"width: 192px;\">Kaplama<\/td>\n<td style=\"width: 255.781px;\">Siyah Krom<\/td>\n<\/tr>\n<tr>\n<td style=\"width: 192px;\">Yanakl\u0131k<\/td>\n<td style=\"width: 255.781px;\">Evet<\/td>\n<\/tr>\n<tr>\n<td style=\"width: 192px;\">Lop (mm)<\/td>\n<td style=\"width: 255.781px;\">Sabit- 344 mm<\/td>\n<\/tr>\n<tr>\n<td style=\"width: 192px;\">Tetik<\/td>\n<td style=\"width: 255.781px;\">3 Kademeli Ayarlanabilir Tetik<\/td>\n<\/tr>\n<tr>\n<td style=\"width: 192px;\">\u00c7ekme A\u011f\u0131rl\u0131\u011f\u0131<\/td>\n<td style=\"width: 255.781px;\">2 Kg<\/td>\n<\/tr>\n<tr>\n<td style=\"width: 192px;\">B\u00fck\u00fcm Oran\u0131 ve Oluk Say\u0131s\u0131<\/td>\n<td style=\"width: 255.781px;\">1:16 B\u00fck\u00fcm, 6 Yivli Delik<\/td>\n<\/tr>\n<tr>\n<td style=\"width: 192px;\">Ray<\/td>\n<td style=\"width: 255.781px;\">#8-40 Vidal\u0131 Bowtie Picatinny Ray\u0131<\/td>\n<\/tr>\n<\/tbody>\n<\/table>","protected":false},"excerpt":{"rendered":"<p>Kalibre .22 LR \u015earj\u00f6r Kapasitesi 10 Mermi A\u011f\u0131rl\u0131k 2.88 Kg Uzunluk (mm) 970 Namlu Uzunlu\u011fu 51-56-61-66 cm Namlu Profili A\u011f\u0131r, d\u00fcz konik Namlu Malzemesi \u00d6zel Ala\u015f\u0131ml\u0131 \u00c7elik, Hassas Delikli Namlu Ni\u015fangahlar\u0131 Opsiyonel Kompansat\u00f6r Yok Dip\u00e7ik Hidrografik \/ Cerakote Kaplama Siyah Krom Arpac\u0131k Evet Lop (mm) Sabit- 344 mm Tetik 3 Kademeli Ayarlanabilir Tetik \u00c7eki\u015f A\u011f\u0131rl\u0131\u011f\u0131 2 [...]<\/p>","protected":false},"featured_media":3267,"comment_status":"closed","ping_status":"closed","template":"","meta":{"_acf_changed":false,"_et_pb_use_builder":"","_et_pb_old_content":"","_et_gb_content_width":""},"product_brand":[],"product_cat":[61,30],"product_tag":[],"class_list":{"0":"post-3266","1":"product","2":"type-product","3":"status-publish","4":"has-post-thumbnail","6":"product_cat-rimfire-rifle","7":"product_cat-rifles","9":"first","10":"instock","11":"shipping-taxable","12":"product-type-simple"},"acf":[],"_links":{"self":[{"href":"https:\/\/retayarms.com\/tr\/wp-json\/wp\/v2\/product\/3266","targetHints":{"allow":["GET"]}}],"collection":[{"href":"https:\/\/retayarms.com\/tr\/wp-json\/wp\/v2\/product"}],"about":[{"href":"https:\/\/retayarms.com\/tr\/wp-json\/wp\/v2\/types\/product"}],"replies":[{"embeddable":true,"href":"https:\/\/retayarms.com\/tr\/wp-json\/wp\/v2\/comments?post=3266"}],"wp:featuredmedia":[{"embeddable":true,"href":"https:\/\/retayarms.com\/tr\/wp-json\/wp\/v2\/media\/3267"}],"wp:attachment":[{"href":"https:\/\/retayarms.com\/tr\/wp-json\/wp\/v2\/media?parent=3266"}],"wp:term":[{"taxonomy":"product_brand","embeddable":true,"href":"https:\/\/retayarms.com\/tr\/wp-json\/wp\/v2\/product_brand?post=3266"},{"taxonomy":"product_cat","embeddable":true,"href":"https:\/\/retayarms.com\/tr\/wp-json\/wp\/v2\/product_cat?post=3266"},{"taxonomy":"product_tag","embeddable":true,"href":"https:\/\/retayarms.com\/tr\/wp-json\/wp\/v2\/product_tag?post=3266"}],"curies":[{"name":"wp","href":"https:\/\/api.w.org\/{rel}","templated":true}]}}