{"id":3095,"date":"2025-06-16T11:35:07","date_gmt":"2025-06-16T11:35:07","guid":{"rendered":"https:\/\/retayarms.com\/?post_type=product&#038;p=3095"},"modified":"2025-09-01T11:14:36","modified_gmt":"2025-09-01T11:14:36","slug":"asend-sporter","status":"publish","type":"product","link":"https:\/\/retayarms.com\/tr\/urun\/asend-sporter\/","title":{"rendered":"ASEND Sporter"},"content":{"rendered":"<table>\n<tbody>\n<tr>\n<td style=\"width: 245px;\">Kalibre<\/td>\n<td style=\"width: 299.328px;\">.22 LR<\/td>\n<\/tr>\n<tr>\n<td style=\"width: 245px;\">\u015earj\u00f6r Kapasitesi<\/td>\n<td style=\"width: 299.328px;\">10 Tur<\/td>\n<\/tr>\n<tr>\n<td style=\"width: 245px;\">A\u011f\u0131rl\u0131k<\/td>\n<td style=\"width: 299.328px;\">3.26 Kg<\/td>\n<\/tr>\n<tr>\n<td style=\"width: 245px;\">Uzunluk (mm)<\/td>\n<td style=\"width: 299.328px;\">970<\/td>\n<\/tr>\n<tr>\n<td style=\"width: 245px;\">Namlu Uzunlu\u011fu<\/td>\n<td style=\"width: 299.328px;\">51-56-61-66 cm<\/td>\n<\/tr>\n<tr>\n<td style=\"width: 245px;\">Namlu Profili<\/td>\n<td style=\"width: 299.328px;\">A\u011f\u0131r, d\u00fcz konik<\/td>\n<\/tr>\n<tr>\n<td style=\"width: 245px;\">Namlu Malzemesi<\/td>\n<td style=\"width: 299.328px;\">\u00d6zel Ala\u015f\u0131ml\u0131 \u00c7elik, Hassas Delinmi\u015f Namlu<\/td>\n<\/tr>\n<tr>\n<td style=\"width: 245px;\">Ni\u015fangah<\/td>\n<td style=\"width: 299.328px;\">Opsiyonel<\/td>\n<\/tr>\n<tr>\n<td style=\"width: 245px;\">Kompansat\u00f6r<\/td>\n<td style=\"width: 299.328px;\">1\/2''28 UNF<\/td>\n<\/tr>\n<tr>\n<td style=\"width: 245px;\">Dip\u00e7ik<\/td>\n<td style=\"width: 299.328px;\">Kal\u0131planm\u0131\u015f ABS<\/td>\n<\/tr>\n<tr>\n<td style=\"width: 245px;\">Kaplama<\/td>\n<td style=\"width: 299.328px;\">Siyah Krom<\/td>\n<\/tr>\n<tr>\n<td style=\"width: 245px;\">Yanakl\u0131k<\/td>\n<td style=\"width: 299.328px;\">Hay\u0131r<\/td>\n<\/tr>\n<tr>\n<td style=\"width: 245px;\">LOP (mm)<\/td>\n<td style=\"width: 299.328px;\">Sabit- 340 mm<\/td>\n<\/tr>\n<tr>\n<td style=\"width: 245px;\">Tetik<\/td>\n<td style=\"width: 299.328px;\">3 A\u015famal\u0131<\/td>\n<\/tr>\n<tr>\n<td style=\"width: 544.328px;\" colspan=\"2\">Ayarlanabilir Tetik<\/td>\n<\/tr>\n<tr>\n<td style=\"width: 245px;\">\u00c7ekme A\u011f\u0131rl\u0131\u011f\u0131<\/td>\n<td style=\"width: 299.328px;\">2 Kg<\/td>\n<\/tr>\n<tr>\n<td style=\"width: 245px;\">Namlu Burgu Oran\u0131<\/td>\n<td style=\"width: 299.328px;\">1:16 B\u00fck\u00fcm, 6 Yivli Delik<\/td>\n<\/tr>\n<tr>\n<td style=\"width: 245px;\">Ray<\/td>\n<td style=\"width: 299.328px;\">#8-40 Vidal\u0131 Bowtie Picatinny Ray\u0131<\/td>\n<\/tr>\n<\/tbody>\n<\/table>","protected":false},"excerpt":{"rendered":"<p>Kalibre .22 LR \u015earj\u00f6r Kapasitesi 10 Mermi A\u011f\u0131rl\u0131k 3.26 Kg Uzunluk (mm) 970 Namlu Uzunlu\u011fu 51-56-61-66 cm Namlu Profili A\u011f\u0131r, d\u00fcz konik Namlu Malzemesi \u00d6zel Ala\u015f\u0131ml\u0131 \u00c7elik, Hassas Delikli Namlu Ni\u015fangahlar\u0131 Opsiyonel Kompansat\u00f6r 1\/2''28 UNF Dip\u00e7ik Kal\u0131p ABS Kaplama Siyah Krom Yanak Par\u00e7as\u0131 Yok LOP (mm) Sabit - 340 mm Tetik 3 Kademeli Ayarlanabilir Tetik \u00c7eki\u015f A\u011f\u0131rl\u0131\u011f\u0131 2 [...]<\/p>","protected":false},"featured_media":3101,"comment_status":"closed","ping_status":"closed","template":"","meta":{"_acf_changed":false,"_et_pb_use_builder":"","_et_pb_old_content":"","_et_gb_content_width":""},"product_brand":[],"product_cat":[68,61,30],"product_tag":[],"class_list":{"0":"post-3095","1":"product","2":"type-product","3":"status-publish","4":"has-post-thumbnail","6":"product_cat-asend","7":"product_cat-rimfire-rifle","8":"product_cat-rifles","10":"first","11":"instock","12":"shipping-taxable","13":"product-type-simple"},"acf":[],"_links":{"self":[{"href":"https:\/\/retayarms.com\/tr\/wp-json\/wp\/v2\/product\/3095","targetHints":{"allow":["GET"]}}],"collection":[{"href":"https:\/\/retayarms.com\/tr\/wp-json\/wp\/v2\/product"}],"about":[{"href":"https:\/\/retayarms.com\/tr\/wp-json\/wp\/v2\/types\/product"}],"replies":[{"embeddable":true,"href":"https:\/\/retayarms.com\/tr\/wp-json\/wp\/v2\/comments?post=3095"}],"wp:featuredmedia":[{"embeddable":true,"href":"https:\/\/retayarms.com\/tr\/wp-json\/wp\/v2\/media\/3101"}],"wp:attachment":[{"href":"https:\/\/retayarms.com\/tr\/wp-json\/wp\/v2\/media?parent=3095"}],"wp:term":[{"taxonomy":"product_brand","embeddable":true,"href":"https:\/\/retayarms.com\/tr\/wp-json\/wp\/v2\/product_brand?post=3095"},{"taxonomy":"product_cat","embeddable":true,"href":"https:\/\/retayarms.com\/tr\/wp-json\/wp\/v2\/product_cat?post=3095"},{"taxonomy":"product_tag","embeddable":true,"href":"https:\/\/retayarms.com\/tr\/wp-json\/wp\/v2\/product_tag?post=3095"}],"curies":[{"name":"wp","href":"https:\/\/api.w.org\/{rel}","templated":true}]}}