{"id":3088,"date":"2025-06-16T10:03:18","date_gmt":"2025-06-16T10:03:18","guid":{"rendered":"https:\/\/retayarms.com\/product\/air-control-extreme-r-bottomland-bronze-4\/"},"modified":"2025-09-06T09:35:49","modified_gmt":"2025-09-06T09:35:49","slug":"air-control-extreme-r-bottomland-bronze-4","status":"publish","type":"product","link":"https:\/\/retayarms.com\/tr\/urun\/hava-kontrol-extreme-r-bottomland-bronz-4\/","title":{"rendered":"Air Control Extreme R Bottomland Bronz"},"content":{"rendered":"<table>\n<tbody>\n<tr>\n<td style=\"width: 109px;\"><strong>Kalibre\u00a0<\/strong><\/td>\n<td style=\"width: 350px;\">28 GA<\/td>\n<\/tr>\n<tr>\n<td style=\"width: 109px;\"><strong>Kovan yata\u011f\u0131\u00a0<\/strong><\/td>\n<td style=\"width: 350px;\">2-3\/4'' veya 3'' - 76mm<\/td>\n<\/tr>\n<tr>\n<td style=\"width: 109px;\"><strong>\u00c7al\u0131\u015fma Sistemi\u00a0<\/strong><\/td>\n<td style=\"width: 350px;\">Inertia Plus D\u00f6ner C\u0131vatal\u0131 Inertia Sistemi<\/td>\n<\/tr>\n<tr>\n<td style=\"width: 109px;\"><strong>Namlu\u00a0<\/strong><\/td>\n<td style=\"width: 350px;\">Hassas Delinmi\u015f Bohler Antinit \u00c7elik<\/td>\n<\/tr>\n<tr>\n<td style=\"width: 109px;\"><strong>\u015eok\u00a0<\/strong><\/td>\n<td style=\"width: 350px;\">Uzat\u0131lm\u0131\u015f \u015eok<\/td>\n<\/tr>\n<tr>\n<td style=\"width: 109px;\"><strong>K\u0131lavuz S\u0131rt\u0131\u00a0<\/strong><\/td>\n<td style=\"width: 350px;\">8mm<\/td>\n<\/tr>\n<tr>\n<td style=\"width: 109px;\"><strong>Geri Tepme Pedi\u00a0\u00a0<\/strong><\/td>\n<td style=\"width: 350px;\">AIRY Geri Tepme Pedi<\/td>\n<\/tr>\n<tr>\n<td style=\"width: 109px;\"><strong>Yanakl\u0131k\u00a0\u00a0<\/strong><\/td>\n<td style=\"width: 350px;\">Kau\u00e7uk yanak yast\u0131\u011f\u0131<\/td>\n<\/tr>\n<tr>\n<td style=\"width: 109px;\"><strong>LOP\u00a0<\/strong><\/td>\n<td style=\"width: 350px;\">14,37\" | 365mm<\/td>\n<\/tr>\n<tr>\n<td style=\"width: 109px;\"><strong>Dip\u00e7ik Topu\u011fu A\u00e7\u0131s\u0131\u00a0<\/strong><\/td>\n<td style=\"width: 350px;\">2.16\"\u00b1.04\" ayarlanabilir 1.77\"-1.96\"-2.36\" 55\u00b11mm ayarlanabilir 45-50-60<\/td>\n<\/tr>\n<tr>\n<td style=\"width: 109px;\"><strong>Dip\u00e7ik G\u00f6z Yast\u0131\u011f\u0131\u00a0<\/strong><\/td>\n<td style=\"width: 350px;\">1.45\"\u00b1.04\" | 37\u00b11mm<\/td>\n<\/tr>\n<tr>\n<td style=\"width: 109px;\"><strong>A\u011f\u0131rl\u0131k\u00a0<\/strong><\/td>\n<td style=\"width: 350px;\">7lbs 4oz | 3.288g \/ 6lbz 45oz - 2.850g<\/td>\n<\/tr>\n<tr>\n<td style=\"width: 109px;\"><strong>Alt G\u00f6vde\u00a0<\/strong><\/td>\n<td style=\"width: 350px;\">Al\u00fcminyum, Eloksall\u0131, Hidrografik veya Serakot Kaplama<\/td>\n<\/tr>\n<tr>\n<td style=\"width: 109px;\"><strong>\u00dcst G\u00f6vde\u00a0\u00a0<\/strong><\/td>\n<td style=\"width: 350px;\">Delinmi\u015f ve bantlanm\u0131\u015f Namlu Monoblok Frezelenmi\u015f Bohler \u00c7elik<\/td>\n<\/tr>\n<tr>\n<td style=\"width: 109px;\"><strong>Kundak\u00a0<\/strong><\/td>\n<td style=\"width: 350px;\">Alt\u0131gen dokulu terleme \u00f6nleyici kavrama<\/td>\n<\/tr>\n<tr>\n<td style=\"width: 109px;\"><strong>Dip\u00e7ik\u00a0<\/strong><\/td>\n<td style=\"width: 350px;\">Ceviz, Kal\u0131planm\u0131\u015f ABS, Ayarlanabilir Uyum Plakas\u0131 ve \u015eim Sistemi<\/td>\n<\/tr>\n<tr>\n<td style=\"width: 109px;\"><strong>\u015earj\u00f6r\u00a0<\/strong><\/td>\n<td style=\"width: 350px;\">Geni\u015fletilmi\u015f \u015earj\u00f6r<\/td>\n<\/tr>\n<tr>\n<td style=\"width: 109px;\"><strong>Y\u00fckleme Portu\u00a0\u00a0<\/strong><\/td>\n<td style=\"width: 350px;\">Kolay y\u00fckleme i\u00e7in Geni\u015fletilmi\u015f Y\u00fckleme Portu<\/td>\n<\/tr>\n<tr>\n<td style=\"width: 109px;\"><strong>G\u00fcvenlik\u00a0<\/strong><\/td>\n<td style=\"width: 350px;\">Ters \u00c7evrilebilir ve Geni\u015fletilmi\u015f Emniyet ve \u00c7\u0131kar\u0131labilir Tetik Sistemi (RTS)<\/td>\n<\/tr>\n<tr>\n<td style=\"width: 109px;\"><strong>Tetik Gurubu\u00a0<\/strong><\/td>\n<td style=\"width: 350px;\">Frezelenmi\u015f Al\u00fcminyum G\u00f6vde ve Tetik Muhafazas\u0131<\/td>\n<\/tr>\n<tr>\n<td style=\"width: 109px;\"><strong>Tetik\u00a0<\/strong><\/td>\n<td style=\"width: 350px;\">Basmal\u0131 D\u00fc\u011fme \u00c7\u0131kar\u0131labilir (RTS) Sistem, Otomatik Tekrarlama \u00d6nleyici Sistem<\/td>\n<\/tr>\n<\/tbody>\n<\/table>","protected":false},"excerpt":{"rendered":"<p>\u00d6l\u00e7er 28 GA Hazne 2-3 \/ 4 '' veya 3 '' - 76mm Eylem Inertia Plus D\u00f6ner S\u00fcrg\u00fc ile Atalet Sistemi Namlu Hassas Delinmi\u015f Bohler Antinit \u00c7elik \u015eok Uzat\u0131lm\u0131\u015f \u015fok Kaburga 8mm Geri Tepme Pedi Havadar Geri Tepme Pedi Yanak Kau\u00e7uk yanak pedi LOP 14.37 \"| 365mm Topukta D\u00fc\u015f\u00fc\u015f 2.16\"\u00b1.04\" 1.77\"-1.96\"-2.36\" 55 \u00b1 1mm ayarlanabilir 45-50-60 Tarakta D\u00fc\u015f\u00fc\u015f [...]<\/p>","protected":false},"featured_media":3030,"comment_status":"closed","ping_status":"closed","template":"","meta":{"_acf_changed":false,"_et_pb_use_builder":"","_et_pb_old_content":"","_et_gb_content_width":""},"product_brand":[],"product_cat":[67,21],"product_tag":[],"class_list":{"0":"post-3088","1":"product","2":"type-product","3":"status-publish","4":"has-post-thumbnail","6":"product_cat-air-control-extreme-r","7":"product_cat-shotguns","9":"first","10":"instock","11":"product-type-simple"},"acf":[],"_links":{"self":[{"href":"https:\/\/retayarms.com\/tr\/wp-json\/wp\/v2\/product\/3088","targetHints":{"allow":["GET"]}}],"collection":[{"href":"https:\/\/retayarms.com\/tr\/wp-json\/wp\/v2\/product"}],"about":[{"href":"https:\/\/retayarms.com\/tr\/wp-json\/wp\/v2\/types\/product"}],"replies":[{"embeddable":true,"href":"https:\/\/retayarms.com\/tr\/wp-json\/wp\/v2\/comments?post=3088"}],"wp:featuredmedia":[{"embeddable":true,"href":"https:\/\/retayarms.com\/tr\/wp-json\/wp\/v2\/media\/3030"}],"wp:attachment":[{"href":"https:\/\/retayarms.com\/tr\/wp-json\/wp\/v2\/media?parent=3088"}],"wp:term":[{"taxonomy":"product_brand","embeddable":true,"href":"https:\/\/retayarms.com\/tr\/wp-json\/wp\/v2\/product_brand?post=3088"},{"taxonomy":"product_cat","embeddable":true,"href":"https:\/\/retayarms.com\/tr\/wp-json\/wp\/v2\/product_cat?post=3088"},{"taxonomy":"product_tag","embeddable":true,"href":"https:\/\/retayarms.com\/tr\/wp-json\/wp\/v2\/product_tag?post=3088"}],"curies":[{"name":"wp","href":"https:\/\/api.w.org\/{rel}","templated":true}]}}