{"id":3004,"date":"2025-06-13T07:34:31","date_gmt":"2025-06-13T07:34:31","guid":{"rendered":"https:\/\/retayarms.com\/?post_type=product&#038;p=3004"},"modified":"2025-08-06T15:29:58","modified_gmt":"2025-08-06T15:29:58","slug":"antalya-ss-elegant","status":"publish","type":"product","link":"https:\/\/retayarms.com\/tr\/urun\/antalya-ss-elegant\/","title":{"rendered":"Antalya SS Elegant"},"content":{"rendered":"<table>\n<tbody>\n<tr>\n<td width=\"\"><strong>Kalibre<\/strong><\/td>\n<td width=\"\">12 GA<\/td>\n<\/tr>\n<tr>\n<td width=\"\"><strong>Kovan yata\u011f\u0131<\/strong><\/td>\n<td width=\"\">2-3\/4'' ila 3'' - 76mm<\/td>\n<\/tr>\n<tr>\n<td width=\"\"><strong>\u00c7al\u0131\u015fma Sistemi<\/strong><\/td>\n<td width=\"\">Inertia Plus D\u00f6ner C\u0131vatal\u0131 Inertia Sistemi \u00ae<\/td>\n<\/tr>\n<tr>\n<td width=\"\"><strong>Namlu<\/strong><\/td>\n<td width=\"\">Hassas Delinmi\u015f Antinit \u00c7elik Krom Kaplama 61-66-71-76cm<\/td>\n<\/tr>\n<tr>\n<td width=\"\"><strong>\u015eok<\/strong><\/td>\n<td width=\"\">\u00c7\u0131kar\u0131labilir Marapro \u015eoklar 70mm S-IC-M-IM-F<\/td>\n<\/tr>\n<tr>\n<td width=\"\"><strong>K\u0131lavuz S\u0131rt\u0131<\/strong><\/td>\n<td width=\"\">8mm<\/td>\n<\/tr>\n<tr>\n<td width=\"\"><strong>Geri Tepme Pedi<\/strong><\/td>\n<td width=\"\">\u015eekillendirilmi\u015f Ergonomik Microcell Poli\u00fcretan<\/td>\n<\/tr>\n<tr>\n<td width=\"\"><strong>LOP<\/strong><\/td>\n<td width=\"\">14,37\" - 365mm<\/td>\n<\/tr>\n<tr>\n<td width=\"\"><strong>Dip\u00e7ik Topu\u011fu A\u00e7\u0131s\u0131<\/strong><\/td>\n<td width=\"\">2.16\"\u00b1.04\" ayarlanabilir 1.77\"-1.96\"-2.36\" 55\u00b11mm ayarlanabilir 45-50-60<\/td>\n<\/tr>\n<tr>\n<td width=\"\"><strong>Dip\u00e7ik G\u00f6z Yast\u0131\u011f\u0131<\/strong><\/td>\n<td width=\"\">1.45\"\u00b1.04\" - 37\u00b11mm<\/td>\n<\/tr>\n<tr>\n<td width=\"\"><strong>A\u011f\u0131rl\u0131k<\/strong><\/td>\n<td width=\"\">6lbz 9oz - 3.000g \u00b1100<\/td>\n<\/tr>\n<tr>\n<td width=\"\"><strong>Alt G\u00f6vde<\/strong><\/td>\n<td width=\"\">Al\u00fcminyum, Eloksal Kaplama<\/td>\n<\/tr>\n<tr>\n<td width=\"\"><strong>\u00dcst G\u00f6vde<\/strong><\/td>\n<td width=\"\">Al\u00fcminyum, Eloksal Kaplama<\/td>\n<\/tr>\n<tr>\n<td width=\"\"><strong>Dip\u00e7ik<\/strong><\/td>\n<td width=\"\">Ya\u011fl\u0131\/Vernik Kaplama T\u00fcrk Cevizi, Ayarlanabilir Ge\u00e7me Plakal\u0131 ve \u015eim Sistemli<\/td>\n<\/tr>\n<tr>\n<td width=\"\"><strong>\u015earj\u00f6r Kapasitesi<\/strong><\/td>\n<td width=\"\">4+1-3\u2033\" Kabuklar<\/td>\n<\/tr>\n<tr>\n<td width=\"\"><strong>G\u00fcvenlik<\/strong><\/td>\n<td width=\"\">\u00c7apraz S\u00fcrg\u00fc Basmal\u0131 D\u00fc\u011fme Durdurucu ve \u00c7\u0131kar\u0131labilir Tetik Sistemi (RTS)<\/td>\n<\/tr>\n<tr>\n<td width=\"\"><strong>Tetik Gurubu<\/strong><\/td>\n<td width=\"\">Frezelenmi\u015f Al\u00fcminyum G\u00f6vde ve Tetik Muhafazas\u0131<\/td>\n<\/tr>\n<tr>\n<td width=\"\"><strong>Tetik<\/strong><\/td>\n<td width=\"\">Basmal\u0131 D\u00fc\u011fme \u00c7\u0131kar\u0131labilir (RTS) Sistem\u00ae, Otomatik Tekrarlama \u00d6nleyici Sistem<\/td>\n<\/tr>\n<tr>\n<td width=\"\"><strong>Ni\u015fangah<\/strong><\/td>\n<td width=\"\">Tek Boncuklu TruGlo Fiber optik (K\u0131rm\u0131z\u0131)<\/td>\n<\/tr>\n<\/tbody>\n<\/table>\n<p>&nbsp;<\/p>","protected":false},"excerpt":{"rendered":"<p>Gauge 12 GA Hazne 2-3\/4'' ila 3'' - 76mm Aksiyon Inertia Plus D\u00f6ner S\u00fcrg\u00fcl\u00fc Atalet Sistemi \u00ae Namlu Hassas Delinmi\u015f Antinit \u00c7elik Krom Kaplama 61-66-71-76cm \u015eok \u00c7\u0131kar\u0131labilir Marapro \u015eoklar 70mm S-IC-M-IM-F Kaburga 8mm Geri Tepme Pedi \u015eekillendirilmi\u015f Ergonomik Microcell Poli\u00fcretan LOP 14.37\" - 365mm Topuk D\u00fc\u015f\u00fc\u015f\u00fc 2.16\"\u00b1.04\" 1.77\"-1.96\"-2.36\" 55\u00b11mm 45-50-60 D\u00fc\u015f\u00fc\u015fe Ayarlanabilir [...]<\/p>","protected":false},"featured_media":3001,"comment_status":"closed","ping_status":"closed","template":"","meta":{"_acf_changed":false,"_et_pb_use_builder":"","_et_pb_old_content":"","_et_gb_content_width":""},"product_brand":[],"product_cat":[49,21,22],"product_tag":[],"class_list":{"0":"post-3004","1":"product","2":"type-product","3":"status-publish","4":"has-post-thumbnail","6":"product_cat-antalya-ss","7":"product_cat-shotguns","8":"product_cat-semi-auto","10":"first","11":"instock","12":"shipping-taxable","13":"product-type-simple"},"acf":[],"_links":{"self":[{"href":"https:\/\/retayarms.com\/tr\/wp-json\/wp\/v2\/product\/3004","targetHints":{"allow":["GET"]}}],"collection":[{"href":"https:\/\/retayarms.com\/tr\/wp-json\/wp\/v2\/product"}],"about":[{"href":"https:\/\/retayarms.com\/tr\/wp-json\/wp\/v2\/types\/product"}],"replies":[{"embeddable":true,"href":"https:\/\/retayarms.com\/tr\/wp-json\/wp\/v2\/comments?post=3004"}],"wp:featuredmedia":[{"embeddable":true,"href":"https:\/\/retayarms.com\/tr\/wp-json\/wp\/v2\/media\/3001"}],"wp:attachment":[{"href":"https:\/\/retayarms.com\/tr\/wp-json\/wp\/v2\/media?parent=3004"}],"wp:term":[{"taxonomy":"product_brand","embeddable":true,"href":"https:\/\/retayarms.com\/tr\/wp-json\/wp\/v2\/product_brand?post=3004"},{"taxonomy":"product_cat","embeddable":true,"href":"https:\/\/retayarms.com\/tr\/wp-json\/wp\/v2\/product_cat?post=3004"},{"taxonomy":"product_tag","embeddable":true,"href":"https:\/\/retayarms.com\/tr\/wp-json\/wp\/v2\/product_tag?post=3004"}],"curies":[{"name":"wp","href":"https:\/\/api.w.org\/{rel}","templated":true}]}}