{"id":2989,"date":"2025-06-13T07:01:07","date_gmt":"2025-06-13T07:01:07","guid":{"rendered":"https:\/\/retayarms.com\/?post_type=product&#038;p=2989"},"modified":"2025-08-06T14:07:32","modified_gmt":"2025-08-06T14:07:32","slug":"ra-15-22-pistol","status":"publish","type":"product","link":"https:\/\/retayarms.com\/tr\/urun\/ra-15-22-tabanca\/","title":{"rendered":"RA 15-22 Tabanca"},"content":{"rendered":"<table width=\"112\">\n<tbody>\n<tr>\n<td width=\"56\">Kalibre<\/td>\n<td width=\"56\">.22 LR<\/td>\n<\/tr>\n<tr>\n<td>Sistem<\/td>\n<td>Geri tepme<\/td>\n<\/tr>\n<tr>\n<td>Boyut<\/td>\n<td>Yar\u0131 Otomatik Tabanca<\/td>\n<\/tr>\n<tr>\n<td>G\u00fcvenlik<\/td>\n<td>Ba\u015fparmak G\u00fcvenli\u011fi<\/td>\n<\/tr>\n<tr>\n<td>Renk \/ Kaplama<\/td>\n<td>Black<\/td>\n<\/tr>\n<tr>\n<td>\u00c7er\u00e7eve<\/td>\n<td>Polimer<\/td>\n<\/tr>\n<tr>\n<td>El Korumas\u0131<\/td>\n<td>Al\u00fcminyum - Polimer<\/td>\n<\/tr>\n<tr>\n<td>Uzunluk<\/td>\n<td>405 mm<\/td>\n<\/tr>\n<tr>\n<td>Geni\u015flik<\/td>\n<td>60 mm<\/td>\n<\/tr>\n<tr>\n<td>Y\u00fckseklik<\/td>\n<td>245 mm<\/td>\n<\/tr>\n<tr>\n<td>A\u011f\u0131rl\u0131k<\/td>\n<td>1605 gr (\u00b1100 gr)<\/td>\n<\/tr>\n<tr>\n<td>\u015earj\u00f6r Kapasitesi<\/td>\n<td>25<\/td>\n<\/tr>\n<tr>\n<td>Namlu Uzunlu\u011fu<\/td>\n<td>212 mm<\/td>\n<\/tr>\n<\/tbody>\n<\/table>","protected":false},"excerpt":{"rendered":"<p>Kalibre .22 LR Sistem Blowback Boyut Yar\u0131 Otomatik Tabanca Emniyet Ba\u015fparmak Emniyeti Renk \/ Kaplama Siyah G\u00f6vde Polimer El Kunda\u011f\u0131 Al\u00fcminyum - Polimer Uzunluk 405 mm Geni\u015flik 60 mm Y\u00fckseklik 245 mm A\u011f\u0131rl\u0131k 1605 gr (\u00b1100gr) \u015earj\u00f6r Kapasitesi 25 Namlu Uzunlu\u011fu 212 mm<\/p>","protected":false},"featured_media":2979,"comment_status":"closed","ping_status":"closed","template":"","meta":{"_acf_changed":false,"_et_pb_use_builder":"","_et_pb_old_content":"<table width=\"112\">\r\n<tbody>\r\n<tr>\r\n<td width=\"56\">Caliber<\/td>\r\n<td width=\"56\">.22 LR<\/td>\r\n<\/tr>\r\n<tr>\r\n<td>System<\/td>\r\n<td>Blowback<\/td>\r\n<\/tr>\r\n<tr>\r\n<td>Size<\/td>\r\n<td>Semi Auto Pistol<\/td>\r\n<\/tr>\r\n<tr>\r\n<td>Safety<\/td>\r\n<td>Thumb Safety<\/td>\r\n<\/tr>\r\n<tr>\r\n<td>Color\/Finish<\/td>\r\n<td>Black<\/td>\r\n<\/tr>\r\n<tr>\r\n<td>Frame<\/td>\r\n<td>Polymer<\/td>\r\n<\/tr>\r\n<tr>\r\n<td>Handguard<\/td>\r\n<td>Aluminium - Polymer<\/td>\r\n<\/tr>\r\n<tr>\r\n<td>Length<\/td>\r\n<td>405 mm<\/td>\r\n<\/tr>\r\n<tr>\r\n<td>Width<\/td>\r\n<td>60 mm<\/td>\r\n<\/tr>\r\n<tr>\r\n<td>Height<\/td>\r\n<td>245 mm<\/td>\r\n<\/tr>\r\n<tr>\r\n<td>Weight<\/td>\r\n<td>1605 gr(\u00b1100gr)<\/td>\r\n<\/tr>\r\n<tr>\r\n<td>Magazine Capacity<\/td>\r\n<td>25<\/td>\r\n<\/tr>\r\n<tr>\r\n<td>Barrel Length<\/td>\r\n<td>212 mm<\/td>\r\n<\/tr>\r\n<\/tbody>\r\n<\/table>","_et_gb_content_width":""},"product_brand":[],"product_cat":[62,28],"product_tag":[],"class_list":{"0":"post-2989","1":"product","2":"type-product","3":"status-publish","4":"has-post-thumbnail","6":"product_cat-pistols","7":"product_cat-handguns","9":"first","10":"instock","11":"shipping-taxable","12":"product-type-simple"},"acf":[],"_links":{"self":[{"href":"https:\/\/retayarms.com\/tr\/wp-json\/wp\/v2\/product\/2989","targetHints":{"allow":["GET"]}}],"collection":[{"href":"https:\/\/retayarms.com\/tr\/wp-json\/wp\/v2\/product"}],"about":[{"href":"https:\/\/retayarms.com\/tr\/wp-json\/wp\/v2\/types\/product"}],"replies":[{"embeddable":true,"href":"https:\/\/retayarms.com\/tr\/wp-json\/wp\/v2\/comments?post=2989"}],"wp:featuredmedia":[{"embeddable":true,"href":"https:\/\/retayarms.com\/tr\/wp-json\/wp\/v2\/media\/2979"}],"wp:attachment":[{"href":"https:\/\/retayarms.com\/tr\/wp-json\/wp\/v2\/media?parent=2989"}],"wp:term":[{"taxonomy":"product_brand","embeddable":true,"href":"https:\/\/retayarms.com\/tr\/wp-json\/wp\/v2\/product_brand?post=2989"},{"taxonomy":"product_cat","embeddable":true,"href":"https:\/\/retayarms.com\/tr\/wp-json\/wp\/v2\/product_cat?post=2989"},{"taxonomy":"product_tag","embeddable":true,"href":"https:\/\/retayarms.com\/tr\/wp-json\/wp\/v2\/product_tag?post=2989"}],"curies":[{"name":"wp","href":"https:\/\/api.w.org\/{rel}","templated":true}]}}