{"id":2941,"date":"2025-06-12T11:03:05","date_gmt":"2025-06-12T11:03:05","guid":{"rendered":"https:\/\/retayarms.com\/?post_type=product&#038;p=2941"},"modified":"2025-09-01T09:30:42","modified_gmt":"2025-09-01T09:30:42","slug":"ra-15-22-aluminium-m-lok","status":"publish","type":"product","link":"https:\/\/retayarms.com\/tr\/urun\/ra-15-22-alumi\u0307nyum-m-lok\/","title":{"rendered":"RA 15-22 Al\u00fcminyum M-LOK"},"content":{"rendered":"<table>\n<tbody>\n<tr>\n<td style=\"width: 102.997px;\">Kalibre<\/td>\n<td style=\"width: 179.134px;\">.22 LR<\/td>\n<\/tr>\n<tr>\n<td style=\"width: 102.997px;\">Sistem<\/td>\n<td style=\"width: 179.134px;\">Geri tepme<\/td>\n<\/tr>\n<tr>\n<td style=\"width: 102.997px;\">Boyut<\/td>\n<td style=\"width: 179.134px;\">Yar\u0131 Otomatik<\/td>\n<\/tr>\n<tr>\n<td style=\"width: 102.997px;\">G\u00fcvenlik<\/td>\n<td style=\"width: 179.134px;\">Ba\u015fparmak G\u00fcvenli\u011fi<\/td>\n<\/tr>\n<tr>\n<td style=\"width: 102.997px;\">Renk \/ Kaplama<\/td>\n<td style=\"width: 179.134px;\">Black<\/td>\n<\/tr>\n<tr>\n<td style=\"width: 102.997px;\">\u00c7er\u00e7eve<\/td>\n<td style=\"width: 179.134px;\">Polimer<\/td>\n<\/tr>\n<tr>\n<td style=\"width: 102.997px;\">Dip\u00e7ik<\/td>\n<td style=\"width: 179.134px;\">Ayarlanabilir<\/td>\n<\/tr>\n<tr>\n<td style=\"width: 102.997px;\">Uzunluk<\/td>\n<td style=\"width: 179.134px;\">824mm(min)-924mm(max)<\/td>\n<\/tr>\n<tr>\n<td style=\"width: 102.997px;\">Geni\u015flik<\/td>\n<td style=\"width: 179.134px;\">62 mm<\/td>\n<\/tr>\n<tr>\n<td style=\"width: 102.997px;\">Y\u00fckseklik<\/td>\n<td style=\"width: 179.134px;\">220 mm<\/td>\n<\/tr>\n<tr>\n<td style=\"width: 102.997px;\">A\u011f\u0131rl\u0131k<\/td>\n<td style=\"width: 179.134px;\">2150gr (\u00b1100gr)<\/td>\n<\/tr>\n<tr>\n<td style=\"width: 102.997px;\">\u015earj\u00f6r Kapasitesi<\/td>\n<td style=\"width: 179.134px;\">25<\/td>\n<\/tr>\n<tr>\n<td style=\"width: 102.997px;\">Namlu Uzunlu\u011fu<\/td>\n<td style=\"width: 179.134px;\">422 mm<\/td>\n<\/tr>\n<\/tbody>\n<\/table>","protected":false},"excerpt":{"rendered":"<p>Kalibre .22 LR Sistem Blowback Boyut Yar\u0131 Otomatik T\u00fcfekler Emniyet Ba\u015fparmak Emniyeti Renk\/Cila Siyah G\u00f6vde Polimer Dip\u00e7ik Ayarlanabilir Uzunluk 824mm(min)-924mm(max) Geni\u015flik 62 mm Y\u00fckseklik 220 mm A\u011f\u0131rl\u0131k 2150gr(\u00b1100gr) \u015earj\u00f6r Kapasitesi 25 Namlu Uzunlu\u011fu 422 mm<\/p>","protected":false},"featured_media":2961,"comment_status":"closed","ping_status":"closed","template":"","meta":{"_acf_changed":false,"_et_pb_use_builder":"","_et_pb_old_content":"","_et_gb_content_width":""},"product_brand":[],"product_cat":[70,61,30],"product_tag":[],"class_list":{"0":"post-2941","1":"product","2":"type-product","3":"status-publish","4":"has-post-thumbnail","6":"product_cat-ra-15-22","7":"product_cat-rimfire-rifle","8":"product_cat-rifles","10":"first","11":"instock","12":"shipping-taxable","13":"product-type-simple"},"acf":[],"_links":{"self":[{"href":"https:\/\/retayarms.com\/tr\/wp-json\/wp\/v2\/product\/2941","targetHints":{"allow":["GET"]}}],"collection":[{"href":"https:\/\/retayarms.com\/tr\/wp-json\/wp\/v2\/product"}],"about":[{"href":"https:\/\/retayarms.com\/tr\/wp-json\/wp\/v2\/types\/product"}],"replies":[{"embeddable":true,"href":"https:\/\/retayarms.com\/tr\/wp-json\/wp\/v2\/comments?post=2941"}],"wp:featuredmedia":[{"embeddable":true,"href":"https:\/\/retayarms.com\/tr\/wp-json\/wp\/v2\/media\/2961"}],"wp:attachment":[{"href":"https:\/\/retayarms.com\/tr\/wp-json\/wp\/v2\/media?parent=2941"}],"wp:term":[{"taxonomy":"product_brand","embeddable":true,"href":"https:\/\/retayarms.com\/tr\/wp-json\/wp\/v2\/product_brand?post=2941"},{"taxonomy":"product_cat","embeddable":true,"href":"https:\/\/retayarms.com\/tr\/wp-json\/wp\/v2\/product_cat?post=2941"},{"taxonomy":"product_tag","embeddable":true,"href":"https:\/\/retayarms.com\/tr\/wp-json\/wp\/v2\/product_tag?post=2941"}],"curies":[{"name":"wp","href":"https:\/\/api.w.org\/{rel}","templated":true}]}}