{"id":2909,"date":"2025-06-03T08:33:51","date_gmt":"2025-06-03T08:33:51","guid":{"rendered":"https:\/\/retayarms.com\/?post_type=product&#038;p=2909"},"modified":"2025-08-11T14:11:03","modified_gmt":"2025-08-11T14:11:03","slug":"rxp-22","status":"publish","type":"product","link":"https:\/\/retayarms.com\/tr\/urun\/rxp-22\/","title":{"rendered":"RXP 22"},"content":{"rendered":"<table width=\"100%\">\n<tbody>\n<tr style=\"height: 13px;\">\n<td style=\"height: 13px;\" width=\"64\">Kalibre<\/td>\n<td style=\"height: 13px;\" width=\"64\">.22 LR<\/td>\n<\/tr>\n<tr style=\"height: 13px;\">\n<td style=\"height: 13px;\">\u015earj\u00f6r Kapasitesi<\/td>\n<td style=\"height: 13px;\">10 Tur (13 - 18)<\/td>\n<\/tr>\n<tr style=\"height: 13px;\">\n<td style=\"height: 13px;\">A\u011f\u0131rl\u0131k<\/td>\n<td style=\"height: 13px;\">603gr (\u00b1 50gr)<\/td>\n<\/tr>\n<tr style=\"height: 13px;\">\n<td style=\"height: 13px;\">Boyutlar (L*W*H) mm<\/td>\n<td style=\"height: 13px;\">189x37x140<\/td>\n<\/tr>\n<tr style=\"height: 13px;\">\n<td style=\"height: 13px;\">Namlu Uzunlu\u011fu (mm)<\/td>\n<td style=\"height: 13px;\">101<\/td>\n<\/tr>\n<tr style=\"height: 13px;\">\n<td style=\"height: 13px;\">Namlu Malzemesi<\/td>\n<td style=\"height: 13px;\">Krom Kapl\u0131 \u00d6zel \u00c7elik<\/td>\n<\/tr>\n<tr style=\"height: 13px;\">\n<td style=\"height: 13px;\">Ni\u015fangah<\/td>\n<td style=\"height: 13px;\">Ayarlanabilir Ni\u015fangahlar<\/td>\n<\/tr>\n<tr style=\"height: 13px;\">\n<td style=\"height: 13px;\">Tetik \u00c7eki\u015fi<\/td>\n<td style=\"height: 13px;\">1.8 Kg<\/td>\n<\/tr>\n<tr style=\"height: 13px;\">\n<td style=\"height: 13px;\">\u00c7er\u00e7eve<\/td>\n<td style=\"height: 13px;\">Polimer Kabza<\/td>\n<\/tr>\n<tr style=\"height: 13px;\">\n<td style=\"height: 13px;\">G\u00fcvenlik \u00d6zellikleri<\/td>\n<td style=\"height: 13px;\">Manuel Tetik ve \u00c7eki\u00e7 Emniyeti<\/td>\n<\/tr>\n<\/tbody>\n<\/table>","protected":false},"excerpt":{"rendered":"<p>Kalibre .22 LR \u015earj\u00f6r Kapasitesi 10 Mermi (13 - 18) A\u011f\u0131rl\u0131k 603gr (\u00b1 50gr) Boyutlar (L*W*H) mm 189x37x140 Namlu Uzunlu\u011fu (mm) 101 Namlu Malzemesi Krom Kapl\u0131 \u00d6zel \u00c7elik Ni\u015fangah Ayarlanabilir Ni\u015fangah Tetik \u00c7eki\u015fi 1,8 Kg G\u00f6vde Polimer Kabza Emniyet \u00d6zellikleri Manuel Tetik ve Horoz Emniyeti<\/p>","protected":false},"featured_media":3476,"comment_status":"closed","ping_status":"closed","template":"","meta":{"_acf_changed":false,"_et_pb_use_builder":"","_et_pb_old_content":"","_et_gb_content_width":""},"product_brand":[],"product_cat":[28],"product_tag":[],"class_list":{"0":"post-2909","1":"product","2":"type-product","3":"status-publish","4":"has-post-thumbnail","6":"product_cat-handguns","8":"first","9":"instock","10":"shipping-taxable","11":"product-type-simple"},"acf":[],"_links":{"self":[{"href":"https:\/\/retayarms.com\/tr\/wp-json\/wp\/v2\/product\/2909","targetHints":{"allow":["GET"]}}],"collection":[{"href":"https:\/\/retayarms.com\/tr\/wp-json\/wp\/v2\/product"}],"about":[{"href":"https:\/\/retayarms.com\/tr\/wp-json\/wp\/v2\/types\/product"}],"replies":[{"embeddable":true,"href":"https:\/\/retayarms.com\/tr\/wp-json\/wp\/v2\/comments?post=2909"}],"wp:featuredmedia":[{"embeddable":true,"href":"https:\/\/retayarms.com\/tr\/wp-json\/wp\/v2\/media\/3476"}],"wp:attachment":[{"href":"https:\/\/retayarms.com\/tr\/wp-json\/wp\/v2\/media?parent=2909"}],"wp:term":[{"taxonomy":"product_brand","embeddable":true,"href":"https:\/\/retayarms.com\/tr\/wp-json\/wp\/v2\/product_brand?post=2909"},{"taxonomy":"product_cat","embeddable":true,"href":"https:\/\/retayarms.com\/tr\/wp-json\/wp\/v2\/product_cat?post=2909"},{"taxonomy":"product_tag","embeddable":true,"href":"https:\/\/retayarms.com\/tr\/wp-json\/wp\/v2\/product_tag?post=2909"}],"curies":[{"name":"wp","href":"https:\/\/api.w.org\/{rel}","templated":true}]}}