{"id":2832,"date":"2025-06-02T09:24:33","date_gmt":"2025-06-02T09:24:33","guid":{"rendered":"https:\/\/retayarms.com\/product\/retay-70s-wood\/"},"modified":"2025-06-02T10:33:14","modified_gmt":"2025-06-02T10:33:14","slug":"retay-70s-wood","status":"publish","type":"product","link":"https:\/\/retayarms.com\/tr\/urun\/retay-70ler-ahsabi\/","title":{"rendered":"RETAY 70S AH\u015eAP"},"content":{"rendered":"<table>\n<tbody>\n<tr>\n<td width=\"214\">Kalibre<\/td>\n<td width=\"214\">.177\u2033 \/ 4.5mm - .22\u2033 \/ 5.5mm<\/td>\n<\/tr>\n<tr>\n<td width=\"214\">Horozlama Sistemi<\/td>\n<td width=\"214\">K\u0131rma Namlu<\/td>\n<\/tr>\n<tr>\n<td width=\"214\">H\u0131z (FPS)<\/td>\n<td width=\"214\">560-450 fps<\/td>\n<\/tr>\n<tr>\n<td width=\"214\">A\u011f\u0131rl\u0131k<\/td>\n<td width=\"214\">2416 gr<\/td>\n<\/tr>\n<tr>\n<td width=\"214\">Uzunluk<\/td>\n<td width=\"214\">1022 mm<\/td>\n<\/tr>\n<tr>\n<td width=\"214\">Dip\u00e7ik<\/td>\n<td width=\"214\">Sentetik, Karbon film kapl\u0131<\/td>\n<\/tr>\n<tr>\n<td width=\"214\">Picatinny Ray\u0131<\/td>\n<td width=\"214\">\u221a<\/td>\n<\/tr>\n<\/tbody>\n<\/table>","protected":false},"excerpt":{"rendered":"<p>Modern taktik tasar\u0131ml\u0131, orta boy ve g\u00fc\u00e7l\u00fc polimer dip\u00e7ik, K\u0131rma namlu yayl\u0131 horoz sistemi, A\u00e7\u0131k arpac\u0131k \/ geni\u015f namlu k\u0131rma, Hassas yivli derin tabanca delikli, krom kapl\u0131 namlu, Hem g\u00f6r\u00fc\u015f hem de y\u00fckseklik i\u00e7in mikro ayarlanabilir arpac\u0131k, Orijinal Truglo fiberleri, Paslanmaz siyah krom kapl\u0131 \u00e7elik \u00e7er\u00e7eve, Otomatik tetik emniyet sistemi,<\/p>","protected":false},"featured_media":2798,"comment_status":"closed","ping_status":"open","template":"","meta":{"_acf_changed":false,"_et_pb_use_builder":"","_et_pb_old_content":"","_et_gb_content_width":""},"product_brand":[],"product_cat":[58,57,31],"product_tag":[],"class_list":{"0":"post-2832","1":"product","2":"type-product","3":"status-publish","4":"has-post-thumbnail","6":"product_cat-break-barrel","7":"product_cat-retay-70s","8":"product_cat-air-rifles","10":"first","11":"instock","12":"product-type-simple"},"acf":[],"_links":{"self":[{"href":"https:\/\/retayarms.com\/tr\/wp-json\/wp\/v2\/product\/2832","targetHints":{"allow":["GET"]}}],"collection":[{"href":"https:\/\/retayarms.com\/tr\/wp-json\/wp\/v2\/product"}],"about":[{"href":"https:\/\/retayarms.com\/tr\/wp-json\/wp\/v2\/types\/product"}],"replies":[{"embeddable":true,"href":"https:\/\/retayarms.com\/tr\/wp-json\/wp\/v2\/comments?post=2832"}],"wp:featuredmedia":[{"embeddable":true,"href":"https:\/\/retayarms.com\/tr\/wp-json\/wp\/v2\/media\/2798"}],"wp:attachment":[{"href":"https:\/\/retayarms.com\/tr\/wp-json\/wp\/v2\/media?parent=2832"}],"wp:term":[{"taxonomy":"product_brand","embeddable":true,"href":"https:\/\/retayarms.com\/tr\/wp-json\/wp\/v2\/product_brand?post=2832"},{"taxonomy":"product_cat","embeddable":true,"href":"https:\/\/retayarms.com\/tr\/wp-json\/wp\/v2\/product_cat?post=2832"},{"taxonomy":"product_tag","embeddable":true,"href":"https:\/\/retayarms.com\/tr\/wp-json\/wp\/v2\/product_tag?post=2832"}],"curies":[{"name":"wp","href":"https:\/\/api.w.org\/{rel}","templated":true}]}}