{"id":2829,"date":"2025-06-02T09:24:33","date_gmt":"2025-06-02T09:24:33","guid":{"rendered":"https:\/\/retayarms.com\/product\/retay-125x-camo\/"},"modified":"2025-06-02T10:32:39","modified_gmt":"2025-06-02T10:32:39","slug":"retay-125x-camo","status":"publish","type":"product","link":"https:\/\/retayarms.com\/tr\/urun\/retay-125x-camo\/","title":{"rendered":"RETAY 125X CAMO"},"content":{"rendered":"<table width=\"348\">\n<tbody>\n<tr>\n<td width=\"174\">Kalibre<\/td>\n<td width=\"174\">.177\u2033 \/ 4.5mm - .22\u2033 \/ 5.5mm<\/td>\n<\/tr>\n<tr>\n<td width=\"174\">Horozlama Sistemi<\/td>\n<td width=\"174\">K\u0131rma Namlu<\/td>\n<\/tr>\n<tr>\n<td width=\"174\">H\u0131z (FPS)<\/td>\n<td width=\"174\">4,5:850 \/ 5,5:650 fps<\/td>\n<\/tr>\n<tr>\n<td width=\"174\">A\u011f\u0131rl\u0131k<\/td>\n<td width=\"174\">3390 gr<\/td>\n<\/tr>\n<tr>\n<td width=\"174\">Uzunluk<\/td>\n<td width=\"174\">1161mm<\/td>\n<\/tr>\n<tr>\n<td width=\"174\">Dip\u00e7ik<\/td>\n<td width=\"174\">Sentetik, Softouch kaplamal\u0131, ba\u015fparmak delikli<\/td>\n<\/tr>\n<tr>\n<td width=\"174\">Picatinny Ray\u0131<\/td>\n<td width=\"174\">\u221a<\/td>\n<\/tr>\n<tr>\n<td width=\"174\">G\u00fcvenlik<\/td>\n<td width=\"174\">\u221a<\/td>\n<\/tr>\n<\/tbody>\n<\/table>","protected":false},"excerpt":{"rendered":"<div>125X yeni bir orta g\u00f6vdeli ve hafif boyutlu, k\u0131rma namlulu haval\u0131 t\u00fcfektir.<\/div>\n<div>Gen\u00e7ler i\u00e7in hedefleme ve ku\u015f av\u0131 i\u00e7indir. Orta g\u00fc\u00e7te alt\u0131 farkl\u0131 kaplamas\u0131 mevcuttur<\/div>","protected":false},"featured_media":2808,"comment_status":"closed","ping_status":"open","template":"","meta":{"_acf_changed":false,"_et_pb_use_builder":"","_et_pb_old_content":"","_et_gb_content_width":""},"product_brand":[],"product_cat":[56,58,31],"product_tag":[],"class_list":{"0":"post-2829","1":"product","2":"type-product","3":"status-publish","4":"has-post-thumbnail","6":"product_cat-125x-high-tech","7":"product_cat-break-barrel","8":"product_cat-air-rifles","10":"first","11":"instock","12":"product-type-simple"},"acf":[],"_links":{"self":[{"href":"https:\/\/retayarms.com\/tr\/wp-json\/wp\/v2\/product\/2829","targetHints":{"allow":["GET"]}}],"collection":[{"href":"https:\/\/retayarms.com\/tr\/wp-json\/wp\/v2\/product"}],"about":[{"href":"https:\/\/retayarms.com\/tr\/wp-json\/wp\/v2\/types\/product"}],"replies":[{"embeddable":true,"href":"https:\/\/retayarms.com\/tr\/wp-json\/wp\/v2\/comments?post=2829"}],"wp:featuredmedia":[{"embeddable":true,"href":"https:\/\/retayarms.com\/tr\/wp-json\/wp\/v2\/media\/2808"}],"wp:attachment":[{"href":"https:\/\/retayarms.com\/tr\/wp-json\/wp\/v2\/media?parent=2829"}],"wp:term":[{"taxonomy":"product_brand","embeddable":true,"href":"https:\/\/retayarms.com\/tr\/wp-json\/wp\/v2\/product_brand?post=2829"},{"taxonomy":"product_cat","embeddable":true,"href":"https:\/\/retayarms.com\/tr\/wp-json\/wp\/v2\/product_cat?post=2829"},{"taxonomy":"product_tag","embeddable":true,"href":"https:\/\/retayarms.com\/tr\/wp-json\/wp\/v2\/product_tag?post=2829"}],"curies":[{"name":"wp","href":"https:\/\/api.w.org\/{rel}","templated":true}]}}