{"id":2823,"date":"2025-06-02T09:24:33","date_gmt":"2025-06-02T09:24:33","guid":{"rendered":"https:\/\/retayarms.com\/product\/retay-135x-black\/"},"modified":"2025-06-02T10:32:05","modified_gmt":"2025-06-02T10:32:05","slug":"retay-135x-black","status":"publish","type":"product","link":"https:\/\/retayarms.com\/tr\/urun\/retay-135x-siyah\/","title":{"rendered":"RETAY 135X SIYAH"},"content":{"rendered":"<table width=\"348\">\n<tbody>\n<tr>\n<td width=\"174\">Kalibre<\/td>\n<td width=\"174\">.177\u2033 \/ 4.5mm - .22\u2033 \/ 5.5mm<\/td>\n<\/tr>\n<tr>\n<td width=\"174\">Horozlama Sistemi<\/td>\n<td width=\"174\">K\u0131rma Namlu<\/td>\n<\/tr>\n<tr>\n<td width=\"174\">H\u0131z (FPS)<\/td>\n<td width=\"174\">1100-950 fps<\/td>\n<\/tr>\n<tr>\n<td width=\"174\">A\u011f\u0131rl\u0131k<\/td>\n<td width=\"174\">3960gr<\/td>\n<\/tr>\n<tr>\n<td width=\"174\">Uzunluk<\/td>\n<td width=\"174\">1110mm<\/td>\n<\/tr>\n<tr>\n<td width=\"174\">Dip\u00e7ik<\/td>\n<td width=\"174\">Sentetik, Softouch kaplamal\u0131, ba\u015fparmak delikli<\/td>\n<\/tr>\n<tr>\n<td width=\"174\">Yanak Par\u00e7as\u0131<\/td>\n<td width=\"174\">Ayarlanabilir Yanak Par\u00e7as\u0131<\/td>\n<\/tr>\n<tr>\n<td width=\"174\">Picatinny Ray\u0131<\/td>\n<td width=\"174\">\u221a<\/td>\n<\/tr>\n<tr>\n<td width=\"174\">G\u00fcvenlik<\/td>\n<td width=\"174\">Tetik emniyeti, Mekanizma emniyeti<\/td>\n<\/tr>\n<\/tbody>\n<\/table>","protected":false},"excerpt":{"rendered":"<p>Kalibre .177\u2033 \/ 4.5mm - .22\u2033 \/ 5.5mm Kurma Sistemi Break Namlu H\u0131z (FPS) 1100-950 fps A\u011f\u0131rl\u0131k 3960gr Uzunluk 1110mm Dip\u00e7ik Sentetik, Softouch kaplamal\u0131, ba\u015fparmak delikli Yanak Par\u00e7as\u0131 Ayarlanabilir Yanak Par\u00e7as\u0131 Picatinny Ray\u0131 \u221a Emniyet Tetik emniyeti, Mekanizma emniyeti<\/p>","protected":false},"featured_media":2812,"comment_status":"closed","ping_status":"open","template":"","meta":{"_acf_changed":false,"_et_pb_use_builder":"","_et_pb_old_content":"","_et_gb_content_width":""},"product_brand":[],"product_cat":[55,31,58],"product_tag":[],"class_list":{"0":"post-2823","1":"product","2":"type-product","3":"status-publish","4":"has-post-thumbnail","6":"product_cat-135x-high-tech","7":"product_cat-air-rifles","8":"product_cat-break-barrel","10":"first","11":"instock","12":"product-type-simple"},"acf":[],"_links":{"self":[{"href":"https:\/\/retayarms.com\/tr\/wp-json\/wp\/v2\/product\/2823","targetHints":{"allow":["GET"]}}],"collection":[{"href":"https:\/\/retayarms.com\/tr\/wp-json\/wp\/v2\/product"}],"about":[{"href":"https:\/\/retayarms.com\/tr\/wp-json\/wp\/v2\/types\/product"}],"replies":[{"embeddable":true,"href":"https:\/\/retayarms.com\/tr\/wp-json\/wp\/v2\/comments?post=2823"}],"wp:featuredmedia":[{"embeddable":true,"href":"https:\/\/retayarms.com\/tr\/wp-json\/wp\/v2\/media\/2812"}],"wp:attachment":[{"href":"https:\/\/retayarms.com\/tr\/wp-json\/wp\/v2\/media?parent=2823"}],"wp:term":[{"taxonomy":"product_brand","embeddable":true,"href":"https:\/\/retayarms.com\/tr\/wp-json\/wp\/v2\/product_brand?post=2823"},{"taxonomy":"product_cat","embeddable":true,"href":"https:\/\/retayarms.com\/tr\/wp-json\/wp\/v2\/product_cat?post=2823"},{"taxonomy":"product_tag","embeddable":true,"href":"https:\/\/retayarms.com\/tr\/wp-json\/wp\/v2\/product_tag?post=2823"}],"curies":[{"name":"wp","href":"https:\/\/api.w.org\/{rel}","templated":true}]}}