{"id":2795,"date":"2025-05-31T10:00:15","date_gmt":"2025-05-31T10:00:15","guid":{"rendered":"https:\/\/retayarms.com\/product\/retay-pm\/"},"modified":"2025-05-31T10:00:22","modified_gmt":"2025-05-31T10:00:22","slug":"retay-pm","status":"publish","type":"product","link":"https:\/\/retayarms.com\/tr\/urun\/retay-pm\/","title":{"rendered":"RETAY PM"},"content":{"rendered":"<table style=\"width: 100%;\">\n<tbody>\n<tr style=\"height: 13px;\">\n<td style=\"height: 13px; width: 181.609px;\">Kalibre<\/td>\n<td style=\"height: 13px; width: 310.391px;\">9 mm P.A.K<\/td>\n<\/tr>\n<tr style=\"height: 13px;\">\n<td style=\"height: 13px; width: 181.609px;\">\u015earj\u00f6r Kapasitesi<\/td>\n<td style=\"height: 13px; width: 310.391px;\">6+1<\/td>\n<\/tr>\n<tr style=\"height: 13px;\">\n<td style=\"height: 13px; width: 181.609px;\">G\u00fcvenlik<\/td>\n<td style=\"height: 13px; width: 310.391px;\">Ate\u015fleme i\u011fnesi emniyeti<\/td>\n<\/tr>\n<tr style=\"height: 13px;\">\n<td style=\"height: 13px; width: 181.609px;\">Uzunluk<\/td>\n<td style=\"height: 13px; width: 310.391px;\">160 mm<\/td>\n<\/tr>\n<tr style=\"height: 13px;\">\n<td style=\"height: 13px; width: 181.609px;\">Y\u00fckseklik<\/td>\n<td style=\"height: 13px; width: 310.391px;\">120 mm<\/td>\n<\/tr>\n<tr style=\"height: 13px;\">\n<td style=\"height: 13px; width: 181.609px;\">A\u011f\u0131rl\u0131k<\/td>\n<td style=\"height: 13px; width: 310.391px;\">805 gr<\/td>\n<\/tr>\n<tr style=\"height: 13px;\">\n<td style=\"height: 13px; width: 181.609px;\">Tetik<\/td>\n<td style=\"height: 13px; width: 310.391px;\">Tek hareketli<\/td>\n<\/tr>\n<tr style=\"height: 13px;\">\n<td style=\"height: 13px; width: 181.609px;\">Sistem<\/td>\n<td style=\"height: 13px; width: 310.391px;\">Yar\u0131 otomatik<\/td>\n<\/tr>\n<\/tbody>\n<\/table>","protected":false},"excerpt":{"rendered":"<p>Kalibre 9 mm P.A.K \u015earj\u00f6r Kapasitesi 6+1 Emniyet Ate\u015fleme i\u011fnesi emniyeti Uzunluk 160 mm Y\u00fckseklik 120 mm A\u011f\u0131rl\u0131k 805 gr Tetik Tek hareketli Sistem Yar\u0131 otomatik<\/p>","protected":false},"featured_media":2694,"comment_status":"closed","ping_status":"open","template":"","meta":{"_acf_changed":false,"_et_pb_use_builder":"","_et_pb_old_content":"","_et_gb_content_width":""},"product_brand":[],"product_cat":[53],"product_tag":[],"class_list":{"0":"post-2795","1":"product","2":"type-product","3":"status-publish","4":"has-post-thumbnail","6":"product_cat-pistol","8":"first","9":"instock","10":"product-type-simple"},"acf":[],"_links":{"self":[{"href":"https:\/\/retayarms.com\/tr\/wp-json\/wp\/v2\/product\/2795","targetHints":{"allow":["GET"]}}],"collection":[{"href":"https:\/\/retayarms.com\/tr\/wp-json\/wp\/v2\/product"}],"about":[{"href":"https:\/\/retayarms.com\/tr\/wp-json\/wp\/v2\/types\/product"}],"replies":[{"embeddable":true,"href":"https:\/\/retayarms.com\/tr\/wp-json\/wp\/v2\/comments?post=2795"}],"wp:featuredmedia":[{"embeddable":true,"href":"https:\/\/retayarms.com\/tr\/wp-json\/wp\/v2\/media\/2694"}],"wp:attachment":[{"href":"https:\/\/retayarms.com\/tr\/wp-json\/wp\/v2\/media?parent=2795"}],"wp:term":[{"taxonomy":"product_brand","embeddable":true,"href":"https:\/\/retayarms.com\/tr\/wp-json\/wp\/v2\/product_brand?post=2795"},{"taxonomy":"product_cat","embeddable":true,"href":"https:\/\/retayarms.com\/tr\/wp-json\/wp\/v2\/product_cat?post=2795"},{"taxonomy":"product_tag","embeddable":true,"href":"https:\/\/retayarms.com\/tr\/wp-json\/wp\/v2\/product_tag?post=2795"}],"curies":[{"name":"wp","href":"https:\/\/api.w.org\/{rel}","templated":true}]}}