{"id":2792,"date":"2025-05-31T10:00:15","date_gmt":"2025-05-31T10:00:15","guid":{"rendered":"https:\/\/retayarms.com\/product\/retay-s20\/"},"modified":"2025-05-31T10:00:21","modified_gmt":"2025-05-31T10:00:21","slug":"retay-s20","status":"publish","type":"product","link":"https:\/\/retayarms.com\/tr\/urun\/retay-s20\/","title":{"rendered":"RETAY S20"},"content":{"rendered":"<table width=\"366\">\n<tbody>\n<tr>\n<td width=\"179\">Kalibre<\/td>\n<td width=\"187\">9 mm P.A.K<\/td>\n<\/tr>\n<tr>\n<td width=\"179\">\u015earj\u00f6r Kapasitesi<\/td>\n<td width=\"187\">17+1<\/td>\n<\/tr>\n<tr>\n<td width=\"179\">G\u00fcvenlik<\/td>\n<td width=\"187\">Ate\u015fleme i\u011fnesi emniyeti<\/td>\n<\/tr>\n<tr>\n<td width=\"179\">Uzunluk<\/td>\n<td width=\"187\">188 mm<\/td>\n<\/tr>\n<tr>\n<td width=\"179\">Y\u00fckseklik<\/td>\n<td width=\"187\">149 mm<\/td>\n<\/tr>\n<tr>\n<td width=\"179\">A\u011f\u0131rl\u0131k<\/td>\n<td width=\"187\">923 gr<\/td>\n<\/tr>\n<tr>\n<td width=\"179\">Tetik<\/td>\n<td width=\"187\">\u00c7ift hareketli<\/td>\n<\/tr>\n<tr>\n<td width=\"179\">Sistem<\/td>\n<td width=\"187\">Yar\u0131 otomatik<\/td>\n<\/tr>\n<\/tbody>\n<\/table>","protected":false},"excerpt":{"rendered":"<p>Caliber 9 mm P.A.K Magazine Capacity 17+1 Safety Firing pin safety Length 188 mm Height 149 mm Weight 923 gr Trigger Double action System Semi automatic<\/p>","protected":false},"featured_media":2768,"comment_status":"closed","ping_status":"open","template":"","meta":{"_acf_changed":false,"_et_pb_use_builder":"","_et_pb_old_content":"","_et_gb_content_width":""},"product_brand":[],"product_cat":[53],"product_tag":[],"class_list":{"0":"post-2792","1":"product","2":"type-product","3":"status-publish","4":"has-post-thumbnail","6":"product_cat-pistol","8":"first","9":"instock","10":"product-type-simple"},"acf":[],"_links":{"self":[{"href":"https:\/\/retayarms.com\/tr\/wp-json\/wp\/v2\/product\/2792","targetHints":{"allow":["GET"]}}],"collection":[{"href":"https:\/\/retayarms.com\/tr\/wp-json\/wp\/v2\/product"}],"about":[{"href":"https:\/\/retayarms.com\/tr\/wp-json\/wp\/v2\/types\/product"}],"replies":[{"embeddable":true,"href":"https:\/\/retayarms.com\/tr\/wp-json\/wp\/v2\/comments?post=2792"}],"wp:featuredmedia":[{"embeddable":true,"href":"https:\/\/retayarms.com\/tr\/wp-json\/wp\/v2\/media\/2768"}],"wp:attachment":[{"href":"https:\/\/retayarms.com\/tr\/wp-json\/wp\/v2\/media?parent=2792"}],"wp:term":[{"taxonomy":"product_brand","embeddable":true,"href":"https:\/\/retayarms.com\/tr\/wp-json\/wp\/v2\/product_brand?post=2792"},{"taxonomy":"product_cat","embeddable":true,"href":"https:\/\/retayarms.com\/tr\/wp-json\/wp\/v2\/product_cat?post=2792"},{"taxonomy":"product_tag","embeddable":true,"href":"https:\/\/retayarms.com\/tr\/wp-json\/wp\/v2\/product_tag?post=2792"}],"curies":[{"name":"wp","href":"https:\/\/api.w.org\/{rel}","templated":true}]}}