{"id":2791,"date":"2025-05-31T10:00:15","date_gmt":"2025-05-31T10:00:15","guid":{"rendered":"https:\/\/retayarms.com\/product\/retay-xpro\/"},"modified":"2025-05-31T10:00:20","modified_gmt":"2025-05-31T10:00:20","slug":"retay-xpro","status":"publish","type":"product","link":"https:\/\/retayarms.com\/tr\/urun\/retay-xpro\/","title":{"rendered":"RETAY XPRO"},"content":{"rendered":"<table>\n<tbody>\n<tr style=\"height: 13px;\">\n<td style=\"height: 13px;\" width=\"163\">Kalibre<\/td>\n<td style=\"height: 13px;\" width=\"135\">9 mm P.A.K<\/td>\n<\/tr>\n<tr style=\"height: 13px;\">\n<td style=\"height: 13px;\" width=\"163\">\u015earj\u00f6r Kapasitesi<\/td>\n<td style=\"height: 13px;\" width=\"135\">14+1<\/td>\n<\/tr>\n<tr style=\"height: 13px;\">\n<td style=\"height: 13px;\" width=\"163\">G\u00fcvenlik<\/td>\n<td style=\"height: 13px;\" width=\"135\">Ate\u015fleme i\u011fnesi emniyeti<\/td>\n<\/tr>\n<tr style=\"height: 13px;\">\n<td style=\"height: 13px;\" width=\"163\">Uzunluk<\/td>\n<td style=\"height: 13px;\" width=\"135\">197,5 mm<\/td>\n<\/tr>\n<tr style=\"height: 13px;\">\n<td style=\"height: 13px;\" width=\"163\">Y\u00fckseklik<\/td>\n<td style=\"height: 13px;\" width=\"135\">136 mm<\/td>\n<\/tr>\n<tr style=\"height: 13px;\">\n<td style=\"height: 13px;\" width=\"163\">A\u011f\u0131rl\u0131k<\/td>\n<td style=\"height: 13px;\" width=\"135\">816 gr<\/td>\n<\/tr>\n<tr style=\"height: 13px;\">\n<td style=\"height: 13px;\" width=\"163\">Tetik<\/td>\n<td style=\"height: 13px;\" width=\"135\">\u00c7ift hareketli<\/td>\n<\/tr>\n<tr style=\"height: 13px;\">\n<td style=\"height: 13px;\" width=\"163\">Sistem<\/td>\n<td style=\"height: 13px;\" width=\"135\">Yar\u0131 otomatik<\/td>\n<\/tr>\n<\/tbody>\n<\/table>","protected":false},"excerpt":{"rendered":"<p>Caliber 9 mm P.A.K Magazine Capacity 14+1 Safety Firing pin safety Length 197.5 mm Height 136 mm Weight 816 gr Trigger Double action System Semi automatic<\/p>","protected":false},"featured_media":2773,"comment_status":"closed","ping_status":"open","template":"","meta":{"_acf_changed":false,"_et_pb_use_builder":"","_et_pb_old_content":"","_et_gb_content_width":""},"product_brand":[],"product_cat":[53],"product_tag":[],"class_list":{"0":"post-2791","1":"product","2":"type-product","3":"status-publish","4":"has-post-thumbnail","6":"product_cat-pistol","8":"first","9":"instock","10":"product-type-simple"},"acf":[],"_links":{"self":[{"href":"https:\/\/retayarms.com\/tr\/wp-json\/wp\/v2\/product\/2791","targetHints":{"allow":["GET"]}}],"collection":[{"href":"https:\/\/retayarms.com\/tr\/wp-json\/wp\/v2\/product"}],"about":[{"href":"https:\/\/retayarms.com\/tr\/wp-json\/wp\/v2\/types\/product"}],"replies":[{"embeddable":true,"href":"https:\/\/retayarms.com\/tr\/wp-json\/wp\/v2\/comments?post=2791"}],"wp:featuredmedia":[{"embeddable":true,"href":"https:\/\/retayarms.com\/tr\/wp-json\/wp\/v2\/media\/2773"}],"wp:attachment":[{"href":"https:\/\/retayarms.com\/tr\/wp-json\/wp\/v2\/media?parent=2791"}],"wp:term":[{"taxonomy":"product_brand","embeddable":true,"href":"https:\/\/retayarms.com\/tr\/wp-json\/wp\/v2\/product_brand?post=2791"},{"taxonomy":"product_cat","embeddable":true,"href":"https:\/\/retayarms.com\/tr\/wp-json\/wp\/v2\/product_cat?post=2791"},{"taxonomy":"product_tag","embeddable":true,"href":"https:\/\/retayarms.com\/tr\/wp-json\/wp\/v2\/product_tag?post=2791"}],"curies":[{"name":"wp","href":"https:\/\/api.w.org\/{rel}","templated":true}]}}