{"id":2790,"date":"2025-05-31T10:00:15","date_gmt":"2025-05-31T10:00:15","guid":{"rendered":"https:\/\/retayarms.com\/product\/retay-xtreme\/"},"modified":"2025-05-31T10:00:20","modified_gmt":"2025-05-31T10:00:20","slug":"retay-xtreme","status":"publish","type":"product","link":"https:\/\/retayarms.com\/tr\/urun\/retay-xtreme\/","title":{"rendered":"RETAY XTREME"},"content":{"rendered":"<table width=\"509\">\n<tbody>\n<tr>\n<td width=\"187\">Kalibre<\/td>\n<td width=\"322\">9 mm P.A.K<\/td>\n<\/tr>\n<tr>\n<td width=\"187\">\u015earj\u00f6r Kapasitesi<\/td>\n<td width=\"322\">14+1<\/td>\n<\/tr>\n<tr>\n<td width=\"187\">G\u00fcvenlik<\/td>\n<td width=\"322\">Ate\u015fleme i\u011fnesi emniyeti<\/td>\n<\/tr>\n<tr>\n<td width=\"187\">Uzunluk<\/td>\n<td width=\"322\">189 mm<\/td>\n<\/tr>\n<tr>\n<td width=\"187\">Y\u00fckseklik<\/td>\n<td width=\"322\">138 mm<\/td>\n<\/tr>\n<tr>\n<td width=\"187\">A\u011f\u0131rl\u0131k<\/td>\n<td width=\"322\">843 gr<\/td>\n<\/tr>\n<tr>\n<td width=\"187\">Tetik<\/td>\n<td width=\"322\">\u00c7ift hareketli<\/td>\n<\/tr>\n<tr>\n<td width=\"187\">Sistem<\/td>\n<td width=\"322\">Yar\u0131 otomatik<\/td>\n<\/tr>\n<\/tbody>\n<\/table>","protected":false},"excerpt":{"rendered":"<p>Caliber 9 mm P.A.K Magazine Capacity 14+1 Safety Firing pin safety Length 189&nbsp;mm Height 138&nbsp;mm Weight 843&nbsp;gr Trigger Double action System Semi automatic<\/p>","protected":false},"featured_media":2775,"comment_status":"closed","ping_status":"open","template":"","meta":{"_acf_changed":false,"_et_pb_use_builder":"","_et_pb_old_content":"","_et_gb_content_width":""},"product_brand":[],"product_cat":[53],"product_tag":[],"class_list":{"0":"post-2790","1":"product","2":"type-product","3":"status-publish","4":"has-post-thumbnail","6":"product_cat-pistol","8":"first","9":"instock","10":"product-type-simple"},"acf":[],"_links":{"self":[{"href":"https:\/\/retayarms.com\/tr\/wp-json\/wp\/v2\/product\/2790","targetHints":{"allow":["GET"]}}],"collection":[{"href":"https:\/\/retayarms.com\/tr\/wp-json\/wp\/v2\/product"}],"about":[{"href":"https:\/\/retayarms.com\/tr\/wp-json\/wp\/v2\/types\/product"}],"replies":[{"embeddable":true,"href":"https:\/\/retayarms.com\/tr\/wp-json\/wp\/v2\/comments?post=2790"}],"wp:featuredmedia":[{"embeddable":true,"href":"https:\/\/retayarms.com\/tr\/wp-json\/wp\/v2\/media\/2775"}],"wp:attachment":[{"href":"https:\/\/retayarms.com\/tr\/wp-json\/wp\/v2\/media?parent=2790"}],"wp:term":[{"taxonomy":"product_brand","embeddable":true,"href":"https:\/\/retayarms.com\/tr\/wp-json\/wp\/v2\/product_brand?post=2790"},{"taxonomy":"product_cat","embeddable":true,"href":"https:\/\/retayarms.com\/tr\/wp-json\/wp\/v2\/product_cat?post=2790"},{"taxonomy":"product_tag","embeddable":true,"href":"https:\/\/retayarms.com\/tr\/wp-json\/wp\/v2\/product_tag?post=2790"}],"curies":[{"name":"wp","href":"https:\/\/api.w.org\/{rel}","templated":true}]}}