{"id":2787,"date":"2025-05-31T10:00:15","date_gmt":"2025-05-31T10:00:15","guid":{"rendered":"https:\/\/retayarms.com\/product\/retay-eagle-l\/"},"modified":"2025-05-31T10:00:19","modified_gmt":"2025-05-31T10:00:19","slug":"retay-eagle-l","status":"publish","type":"product","link":"https:\/\/retayarms.com\/tr\/urun\/retay-eagle-l\/","title":{"rendered":"RETAY EAGLE L"},"content":{"rendered":"<table>\n<tbody>\n<tr>\n<td width=\"180\">Kalibre<\/td>\n<td width=\"206\">9 mm P.A.K<\/td>\n<\/tr>\n<tr>\n<td width=\"180\">\u015earj\u00f6r Kapasitesi<\/td>\n<td width=\"206\">17+1<\/td>\n<\/tr>\n<tr>\n<td width=\"180\">G\u00fcvenlik<\/td>\n<td width=\"206\">Ate\u015fleme i\u011fnesi emniyeti<\/td>\n<\/tr>\n<tr>\n<td width=\"180\">Uzunluk<\/td>\n<td width=\"206\">225 mm<\/td>\n<\/tr>\n<tr>\n<td width=\"180\">Y\u00fckseklik<\/td>\n<td width=\"206\">140 mm<\/td>\n<\/tr>\n<tr>\n<td width=\"180\">A\u011f\u0131rl\u0131k<\/td>\n<td width=\"206\">1400 gr<\/td>\n<\/tr>\n<tr>\n<td width=\"180\">Tetik<\/td>\n<td width=\"206\">Tek hareketli<\/td>\n<\/tr>\n<tr>\n<td width=\"180\">Sistem<\/td>\n<td width=\"206\">Yar\u0131 otomatik<\/td>\n<\/tr>\n<\/tbody>\n<\/table>","protected":false},"excerpt":{"rendered":"<p>Kalibre 9 mm P.A.K \u015earj\u00f6r Kapasitesi 17+1 Emniyet Ate\u015fleme pimi emniyeti Uzunluk 225 mm Y\u00fckseklik 140 mm A\u011f\u0131rl\u0131k 1400 gr Tetik Tek hareketli Sistem Yar\u0131 otomatik<\/p>","protected":false},"featured_media":2756,"comment_status":"closed","ping_status":"open","template":"","meta":{"_acf_changed":false,"_et_pb_use_builder":"","_et_pb_old_content":"","_et_gb_content_width":""},"product_brand":[],"product_cat":[53],"product_tag":[],"class_list":{"0":"post-2787","1":"product","2":"type-product","3":"status-publish","4":"has-post-thumbnail","6":"product_cat-pistol","8":"first","9":"instock","10":"product-type-simple"},"acf":[],"_links":{"self":[{"href":"https:\/\/retayarms.com\/tr\/wp-json\/wp\/v2\/product\/2787","targetHints":{"allow":["GET"]}}],"collection":[{"href":"https:\/\/retayarms.com\/tr\/wp-json\/wp\/v2\/product"}],"about":[{"href":"https:\/\/retayarms.com\/tr\/wp-json\/wp\/v2\/types\/product"}],"replies":[{"embeddable":true,"href":"https:\/\/retayarms.com\/tr\/wp-json\/wp\/v2\/comments?post=2787"}],"wp:featuredmedia":[{"embeddable":true,"href":"https:\/\/retayarms.com\/tr\/wp-json\/wp\/v2\/media\/2756"}],"wp:attachment":[{"href":"https:\/\/retayarms.com\/tr\/wp-json\/wp\/v2\/media?parent=2787"}],"wp:term":[{"taxonomy":"product_brand","embeddable":true,"href":"https:\/\/retayarms.com\/tr\/wp-json\/wp\/v2\/product_brand?post=2787"},{"taxonomy":"product_cat","embeddable":true,"href":"https:\/\/retayarms.com\/tr\/wp-json\/wp\/v2\/product_cat?post=2787"},{"taxonomy":"product_tag","embeddable":true,"href":"https:\/\/retayarms.com\/tr\/wp-json\/wp\/v2\/product_tag?post=2787"}],"curies":[{"name":"wp","href":"https:\/\/api.w.org\/{rel}","templated":true}]}}