{"id":2785,"date":"2025-05-31T10:00:15","date_gmt":"2025-05-31T10:00:15","guid":{"rendered":"https:\/\/retayarms.com\/product\/retay-84fs\/"},"modified":"2025-05-31T10:00:18","modified_gmt":"2025-05-31T10:00:18","slug":"retay-84fs","status":"publish","type":"product","link":"https:\/\/retayarms.com\/tr\/urun\/retay-84fs\/","title":{"rendered":"RETAY 84FS"},"content":{"rendered":"<table>\n<tbody>\n<tr>\n<td width=\"180\">Kalibre<\/td>\n<td width=\"206\">9mm P.A.K<\/td>\n<\/tr>\n<tr>\n<td width=\"180\">Uzunluk<\/td>\n<td width=\"206\">169 mm<\/td>\n<\/tr>\n<tr>\n<td width=\"180\">Y\u00fckseklik<\/td>\n<td width=\"206\">123,5 mm<\/td>\n<\/tr>\n<tr>\n<td width=\"180\">A\u011f\u0131rl\u0131k<\/td>\n<td width=\"206\">758 g<\/td>\n<\/tr>\n<tr>\n<td width=\"180\">\u015earj\u00f6r Kapasitesi<\/td>\n<td width=\"206\">9+1<\/td>\n<\/tr>\n<tr>\n<td width=\"180\">Tetik Mekanizmas\u0131<\/td>\n<td width=\"206\">\u00c7ift Etkili<\/td>\n<\/tr>\n<tr>\n<td width=\"180\">G\u00fcvenlik<\/td>\n<td width=\"206\">Ate\u015fleme Pimi<\/td>\n<\/tr>\n<\/tbody>\n<\/table>","protected":false},"excerpt":{"rendered":"<p>Kalibre 9mm P.A.K Uzunluk 169 mm Y\u00fckseklik 123,5 mm A\u011f\u0131rl\u0131k 758 g \u015earj\u00f6r Kapasitesi 9+1 Tetik Mekanizmas\u0131 \u00c7ift Hareketli Emniyet Ate\u015fleme Pimi<\/p>","protected":false},"featured_media":2755,"comment_status":"closed","ping_status":"open","template":"","meta":{"_acf_changed":false,"_et_pb_use_builder":"","_et_pb_old_content":"","_et_gb_content_width":""},"product_brand":[],"product_cat":[53],"product_tag":[],"class_list":{"0":"post-2785","1":"product","2":"type-product","3":"status-publish","4":"has-post-thumbnail","6":"product_cat-pistol","8":"first","9":"instock","10":"product-type-simple"},"acf":[],"_links":{"self":[{"href":"https:\/\/retayarms.com\/tr\/wp-json\/wp\/v2\/product\/2785","targetHints":{"allow":["GET"]}}],"collection":[{"href":"https:\/\/retayarms.com\/tr\/wp-json\/wp\/v2\/product"}],"about":[{"href":"https:\/\/retayarms.com\/tr\/wp-json\/wp\/v2\/types\/product"}],"replies":[{"embeddable":true,"href":"https:\/\/retayarms.com\/tr\/wp-json\/wp\/v2\/comments?post=2785"}],"wp:featuredmedia":[{"embeddable":true,"href":"https:\/\/retayarms.com\/tr\/wp-json\/wp\/v2\/media\/2755"}],"wp:attachment":[{"href":"https:\/\/retayarms.com\/tr\/wp-json\/wp\/v2\/media?parent=2785"}],"wp:term":[{"taxonomy":"product_brand","embeddable":true,"href":"https:\/\/retayarms.com\/tr\/wp-json\/wp\/v2\/product_brand?post=2785"},{"taxonomy":"product_cat","embeddable":true,"href":"https:\/\/retayarms.com\/tr\/wp-json\/wp\/v2\/product_cat?post=2785"},{"taxonomy":"product_tag","embeddable":true,"href":"https:\/\/retayarms.com\/tr\/wp-json\/wp\/v2\/product_tag?post=2785"}],"curies":[{"name":"wp","href":"https:\/\/api.w.org\/{rel}","templated":true}]}}