{"id":2778,"date":"2025-05-31T10:00:15","date_gmt":"2025-05-31T10:00:15","guid":{"rendered":"https:\/\/retayarms.com\/product\/retay-mod-92\/"},"modified":"2025-05-31T10:00:16","modified_gmt":"2025-05-31T10:00:16","slug":"retay-mod-92","status":"publish","type":"product","link":"https:\/\/retayarms.com\/tr\/urun\/retay-mod-92\/","title":{"rendered":"RETAY MOD 92"},"content":{"rendered":"<table width=\"509\">\n<tbody>\n<tr>\n<td width=\"187\">Kalibre<\/td>\n<td width=\"322\">9 mm P.A.K<\/td>\n<\/tr>\n<tr>\n<td width=\"187\">\u015earj\u00f6r Kapasitesi<\/td>\n<td width=\"322\">14+1<\/td>\n<\/tr>\n<tr>\n<td width=\"187\">G\u00fcvenlik<\/td>\n<td width=\"322\">Ate\u015fleme i\u011fnesi emniyeti<\/td>\n<\/tr>\n<tr>\n<td width=\"187\">Uzunluk<\/td>\n<td width=\"322\">212 mm<\/td>\n<\/tr>\n<tr>\n<td width=\"187\">Y\u00fckseklik<\/td>\n<td width=\"322\">140 mm<\/td>\n<\/tr>\n<tr>\n<td width=\"187\">A\u011f\u0131rl\u0131k<\/td>\n<td width=\"322\">1155 gr<\/td>\n<\/tr>\n<tr>\n<td width=\"187\">Tetik<\/td>\n<td width=\"322\">\u00c7ift hareketli<\/td>\n<\/tr>\n<tr>\n<td width=\"187\">Sistem<\/td>\n<td width=\"322\">Yar\u0131 otomatik<\/td>\n<\/tr>\n<\/tbody>\n<\/table>","protected":false},"excerpt":{"rendered":"<p>Kalibre 9 mm P.A.K \u015earj\u00f6r Kapasitesi 14+1 Emniyet Ate\u015fleme pimi emniyeti Uzunluk 212 mm Y\u00fckseklik 140 mm A\u011f\u0131rl\u0131k 1155 gr Tetik \u00c7ift hareketli Sistem Yar\u0131 otomatik<\/p>","protected":false},"featured_media":2762,"comment_status":"closed","ping_status":"open","template":"","meta":{"_acf_changed":false,"_et_pb_use_builder":"","_et_pb_old_content":"","_et_gb_content_width":""},"product_brand":[],"product_cat":[53],"product_tag":[],"class_list":{"0":"post-2778","1":"product","2":"type-product","3":"status-publish","4":"has-post-thumbnail","6":"product_cat-pistol","8":"first","9":"instock","10":"product-type-simple"},"acf":[],"_links":{"self":[{"href":"https:\/\/retayarms.com\/tr\/wp-json\/wp\/v2\/product\/2778","targetHints":{"allow":["GET"]}}],"collection":[{"href":"https:\/\/retayarms.com\/tr\/wp-json\/wp\/v2\/product"}],"about":[{"href":"https:\/\/retayarms.com\/tr\/wp-json\/wp\/v2\/types\/product"}],"replies":[{"embeddable":true,"href":"https:\/\/retayarms.com\/tr\/wp-json\/wp\/v2\/comments?post=2778"}],"wp:featuredmedia":[{"embeddable":true,"href":"https:\/\/retayarms.com\/tr\/wp-json\/wp\/v2\/media\/2762"}],"wp:attachment":[{"href":"https:\/\/retayarms.com\/tr\/wp-json\/wp\/v2\/media?parent=2778"}],"wp:term":[{"taxonomy":"product_brand","embeddable":true,"href":"https:\/\/retayarms.com\/tr\/wp-json\/wp\/v2\/product_brand?post=2778"},{"taxonomy":"product_cat","embeddable":true,"href":"https:\/\/retayarms.com\/tr\/wp-json\/wp\/v2\/product_cat?post=2778"},{"taxonomy":"product_tag","embeddable":true,"href":"https:\/\/retayarms.com\/tr\/wp-json\/wp\/v2\/product_tag?post=2778"}],"curies":[{"name":"wp","href":"https:\/\/api.w.org\/{rel}","templated":true}]}}