{"id":2777,"date":"2025-05-31T10:00:15","date_gmt":"2025-05-31T10:00:15","guid":{"rendered":"https:\/\/retayarms.com\/product\/retay-eagle-x\/"},"modified":"2025-05-31T10:00:15","modified_gmt":"2025-05-31T10:00:15","slug":"retay-eagle-x","status":"publish","type":"product","link":"https:\/\/retayarms.com\/tr\/urun\/retay-eagle-x\/","title":{"rendered":"RETAY EAGLE X"},"content":{"rendered":"<table width=\"509\">\n<tbody>\n<tr>\n<td width=\"187\">Kalibre<\/td>\n<td width=\"322\">9 mm P.A.K<\/td>\n<\/tr>\n<tr>\n<td width=\"187\">\u015earj\u00f6r Kapasitesi<\/td>\n<td width=\"322\">17+1<\/td>\n<\/tr>\n<tr>\n<td width=\"187\">G\u00fcvenlik<\/td>\n<td width=\"322\">Ate\u015fleme i\u011fnesi emniyeti<\/td>\n<\/tr>\n<tr>\n<td width=\"187\">Uzunluk<\/td>\n<td width=\"322\">225 mm<\/td>\n<\/tr>\n<tr>\n<td width=\"187\">Y\u00fckseklik<\/td>\n<td width=\"322\">140 mm<\/td>\n<\/tr>\n<tr>\n<td width=\"187\">A\u011f\u0131rl\u0131k<\/td>\n<td width=\"322\">1400 gr<\/td>\n<\/tr>\n<tr>\n<td width=\"187\">Tetik<\/td>\n<td width=\"322\">Tek hareketli<\/td>\n<\/tr>\n<tr>\n<td width=\"187\">Sistem<\/td>\n<td width=\"322\">Yar\u0131 otomatik<\/td>\n<\/tr>\n<\/tbody>\n<\/table>","protected":false},"excerpt":{"rendered":"<p>Kalibre 9 mm P.A.K \u015earj\u00f6r Kapasitesi 17+1 Emniyet Ate\u015fleme pimi emniyeti Uzunluk 225 mm Y\u00fckseklik 140 mm A\u011f\u0131rl\u0131k 1400 gr Tetik Tek hareketli Sistem Yar\u0131 otomatik<\/p>","protected":false},"featured_media":2758,"comment_status":"closed","ping_status":"open","template":"","meta":{"_acf_changed":false,"_et_pb_use_builder":"","_et_pb_old_content":"","_et_gb_content_width":""},"product_brand":[],"product_cat":[53],"product_tag":[],"class_list":{"0":"post-2777","1":"product","2":"type-product","3":"status-publish","4":"has-post-thumbnail","6":"product_cat-pistol","8":"first","9":"instock","10":"product-type-simple"},"acf":[],"_links":{"self":[{"href":"https:\/\/retayarms.com\/tr\/wp-json\/wp\/v2\/product\/2777","targetHints":{"allow":["GET"]}}],"collection":[{"href":"https:\/\/retayarms.com\/tr\/wp-json\/wp\/v2\/product"}],"about":[{"href":"https:\/\/retayarms.com\/tr\/wp-json\/wp\/v2\/types\/product"}],"replies":[{"embeddable":true,"href":"https:\/\/retayarms.com\/tr\/wp-json\/wp\/v2\/comments?post=2777"}],"wp:featuredmedia":[{"embeddable":true,"href":"https:\/\/retayarms.com\/tr\/wp-json\/wp\/v2\/media\/2758"}],"wp:attachment":[{"href":"https:\/\/retayarms.com\/tr\/wp-json\/wp\/v2\/media?parent=2777"}],"wp:term":[{"taxonomy":"product_brand","embeddable":true,"href":"https:\/\/retayarms.com\/tr\/wp-json\/wp\/v2\/product_brand?post=2777"},{"taxonomy":"product_cat","embeddable":true,"href":"https:\/\/retayarms.com\/tr\/wp-json\/wp\/v2\/product_cat?post=2777"},{"taxonomy":"product_tag","embeddable":true,"href":"https:\/\/retayarms.com\/tr\/wp-json\/wp\/v2\/product_tag?post=2777"}],"curies":[{"name":"wp","href":"https:\/\/api.w.org\/{rel}","templated":true}]}}