{"id":2304,"date":"2025-05-28T10:50:09","date_gmt":"2025-05-28T10:50:09","guid":{"rendered":"https:\/\/retayarms.com\/?post_type=product&#038;p=2304"},"modified":"2025-08-11T13:59:41","modified_gmt":"2025-08-11T13:59:41","slug":"gps","status":"publish","type":"product","link":"https:\/\/retayarms.com\/tr\/urun\/gps\/","title":{"rendered":"GPS"},"content":{"rendered":"<table>\n<tbody>\n<tr>\n<td width=\"\"><strong>Kalibre<\/strong><\/td>\n<td width=\"\">12 GA<\/td>\n<\/tr>\n<tr>\n<td width=\"\"><strong>Kovan yata\u011f\u0131<\/strong><\/td>\n<td width=\"\">2-3\/4'' veya 3'' - 76mm<\/td>\n<\/tr>\n<tr>\n<td width=\"\"><strong>\u00c7al\u0131\u015fma Sistemi<\/strong><\/td>\n<td width=\"\">Pompa Hareket Sistemi<\/td>\n<\/tr>\n<tr>\n<td width=\"\"><strong>Namlu<\/strong><\/td>\n<td width=\"\">Hassas Delinmi\u015f Antinit \u00c7elik Monoblok Namlu Krom Kaplama 47cm\/18,5\"<\/td>\n<\/tr>\n<tr>\n<td width=\"\"><strong>\u015eok<\/strong><\/td>\n<td width=\"\">\u00c7\u0131kar\u0131labilir Marapro \u015eoklar 70mm S-M-F<\/td>\n<\/tr>\n<tr>\n<td width=\"\"><strong>Geri Tepme Pedi<\/strong><\/td>\n<td width=\"\">\u015eekillendirilmi\u015f Ergonomik Microcell Poli\u00fcretan<\/td>\n<\/tr>\n<tr>\n<td width=\"\"><strong>LOP<\/strong><\/td>\n<td width=\"\">14,37\" - 365mm<\/td>\n<\/tr>\n<tr>\n<td width=\"\"><strong>Dip\u00e7ik Topu\u011fu A\u00e7\u0131s\u0131<\/strong><\/td>\n<td width=\"\">2.16\"\u00b1.04\" ayarlanabilir 1.77\"-1.96\"-2.36\" 55\u00b11mm ayarlanabilir 45-50-60<\/td>\n<\/tr>\n<tr>\n<td width=\"\"><strong>Dip\u00e7ik G\u00f6z Yast\u0131\u011f\u0131<\/strong><\/td>\n<td width=\"\">1.45\"\u00b1.04\" - 37\u00b11mm<\/td>\n<\/tr>\n<tr>\n<td width=\"\"><strong>A\u011f\u0131rl\u0131k<\/strong><\/td>\n<td width=\"\">6lbz 9oz - 2970g \u00b1100<\/td>\n<\/tr>\n<tr>\n<td width=\"\"><strong>Mekanizma G\u00f6vdesi<\/strong><\/td>\n<td width=\"\">Al\u00fcminyum, Eloksal Kaplama<\/td>\n<\/tr>\n<tr>\n<td width=\"\"><strong>Dip\u00e7ik<\/strong><\/td>\n<td width=\"\">Ayarlanabilir Uyum Plakas\u0131 ve \u015eim Sistemi ile Kal\u0131planm\u0131\u015f ABS<\/td>\n<\/tr>\n<tr>\n<td width=\"\"><strong>\u015earj\u00f6r Kapasitesi<\/strong><\/td>\n<td width=\"\">4+1-3\u2033\" Kabuklar<\/td>\n<\/tr>\n<tr>\n<td width=\"\"><strong>G\u00fcvenlik<\/strong><\/td>\n<td width=\"\">\u00c7apraz C\u0131vata Basmal\u0131 D\u00fc\u011fme Durdurucu<\/td>\n<\/tr>\n<tr>\n<td width=\"\"><strong>Tetik<\/strong><\/td>\n<td width=\"\">Eloksall\u0131 Frezelenmi\u015f Al\u00fcminyum G\u00f6vde ve Tetik Korumas\u0131, Tetik Emniyeti<\/td>\n<\/tr>\n<tr>\n<td width=\"\"><strong>Ni\u015fangah<\/strong><\/td>\n<td width=\"\">Metal Sight<\/td>\n<\/tr>\n<\/tbody>\n<\/table>\n<p>&nbsp;<\/p>","protected":false},"excerpt":{"rendered":"<p>Gauge 12 GA Hazne 2-3\/4'' veya 3'' - 76mm Aksiyon Pompal\u0131 Aksiyon Sistemi Namlu Hassas Delinmi\u015f Antinit \u00c7elik Monoblok Namlu Krom Kaplama 47cm\/18,5\" \u015eok \u00c7\u0131kar\u0131labilir Marapro \u015eoklar 70mm S-M-F Geri Tepme Pedi \u015eekillendirilmi\u015f Ergonomik Microcell Poli\u00fcretan LOP 14.37\" - 365mm Topukta D\u00fc\u015f\u00fc\u015f 2.16\"\u00b1.04\" 1.77\"-1.96\"-2.36\" 55\u00b11mm ayarlanabilir 45-50-60 Tarakta D\u00fc\u015f\u00fc\u015f 1.45\"\u00b1.04\" - 37\u00b11mm A\u011f\u0131rl\u0131k [...]<\/p>","protected":false},"featured_media":2305,"comment_status":"closed","ping_status":"closed","template":"","meta":{"_acf_changed":false,"_et_pb_use_builder":"","_et_pb_old_content":"","_et_gb_content_width":""},"product_brand":[],"product_cat":[51,52],"product_tag":[],"class_list":{"0":"post-2304","1":"product","2":"type-product","3":"status-publish","4":"has-post-thumbnail","6":"product_cat-pump-action","7":"product_cat-tactical","9":"first","10":"instock","11":"shipping-taxable","12":"product-type-simple"},"acf":[],"_links":{"self":[{"href":"https:\/\/retayarms.com\/tr\/wp-json\/wp\/v2\/product\/2304","targetHints":{"allow":["GET"]}}],"collection":[{"href":"https:\/\/retayarms.com\/tr\/wp-json\/wp\/v2\/product"}],"about":[{"href":"https:\/\/retayarms.com\/tr\/wp-json\/wp\/v2\/types\/product"}],"replies":[{"embeddable":true,"href":"https:\/\/retayarms.com\/tr\/wp-json\/wp\/v2\/comments?post=2304"}],"wp:featuredmedia":[{"embeddable":true,"href":"https:\/\/retayarms.com\/tr\/wp-json\/wp\/v2\/media\/2305"}],"wp:attachment":[{"href":"https:\/\/retayarms.com\/tr\/wp-json\/wp\/v2\/media?parent=2304"}],"wp:term":[{"taxonomy":"product_brand","embeddable":true,"href":"https:\/\/retayarms.com\/tr\/wp-json\/wp\/v2\/product_brand?post=2304"},{"taxonomy":"product_cat","embeddable":true,"href":"https:\/\/retayarms.com\/tr\/wp-json\/wp\/v2\/product_cat?post=2304"},{"taxonomy":"product_tag","embeddable":true,"href":"https:\/\/retayarms.com\/tr\/wp-json\/wp\/v2\/product_tag?post=2304"}],"curies":[{"name":"wp","href":"https:\/\/api.w.org\/{rel}","templated":true}]}}