{"id":2147,"date":"2025-05-28T06:40:44","date_gmt":"2025-05-28T06:40:44","guid":{"rendered":"https:\/\/retayarms.com\/product\/masai-mara-max-5-sp-2\/"},"modified":"2025-05-28T06:40:50","modified_gmt":"2025-05-28T06:40:50","slug":"masai-mara-max-5-sp-2","status":"publish","type":"product","link":"https:\/\/retayarms.com\/tr\/urun\/masai-mara-max-5-sp-2\/","title":{"rendered":"Masai Mara Max-5 SP"},"content":{"rendered":"<table>\n<tbody>\n<tr>\n<td width=\"128\"><strong>Kalibre<\/strong><\/td>\n<td width=\"465\">12 GA<\/td>\n<\/tr>\n<tr>\n<td width=\"128\"><strong>Kovan yata\u011f\u0131<\/strong><\/td>\n<td width=\"465\">2-3\/4'' ila 3'' - 76mm<\/td>\n<\/tr>\n<tr>\n<td width=\"128\"><strong>\u00c7al\u0131\u015fma Sistemi<\/strong><\/td>\n<td width=\"465\">Inertia Plus D\u00f6ner C\u0131vatal\u0131 Inertia Sistemi \u00ae<\/td>\n<\/tr>\n<tr>\n<td width=\"128\"><strong>Namlu<\/strong><\/td>\n<td width=\"465\">Hassas Delinmi\u015f Antinit \u00c7elik Monoblok Namlu Hidrografik Kaplama 61-66-71-76cm<\/td>\n<\/tr>\n<tr>\n<td width=\"128\"><strong>\u015eok<\/strong><\/td>\n<td width=\"465\">\u00c7\u0131kar\u0131labilir Marapro \u015eoklar 70mm S-IC-M-IM-F<\/td>\n<\/tr>\n<tr>\n<td width=\"128\"><strong>K\u0131lavuz S\u0131rt\u0131<\/strong><\/td>\n<td width=\"465\">8mm<\/td>\n<\/tr>\n<tr>\n<td width=\"128\"><strong>Geri Tepme Pedi<\/strong><\/td>\n<td width=\"465\">\u015eekillendirilmi\u015f Ergonomik Microcell Poli\u00fcretan<\/td>\n<\/tr>\n<tr>\n<td width=\"128\"><strong>LOP<\/strong><\/td>\n<td width=\"465\">14,37\" - 365mm<\/td>\n<\/tr>\n<tr>\n<td width=\"128\"><strong>Dip\u00e7ik Topu\u011fu A\u00e7\u0131s\u0131<\/strong><\/td>\n<td width=\"465\">2.16\"\u00b1.04\" ayarlanabilir 1.77\"-1.96\"-2.36\" 55\u00b11mm ayarlanabilir 45-50-60<\/td>\n<\/tr>\n<tr>\n<td width=\"128\"><strong>Dip\u00e7ik G\u00f6z Yast\u0131\u011f\u0131<\/strong><\/td>\n<td width=\"465\">1.45\"\u00b1.04\" - 37\u00b11mm<\/td>\n<\/tr>\n<tr>\n<td width=\"128\"><strong>A\u011f\u0131rl\u0131k<\/strong><\/td>\n<td width=\"465\">7lbz 3oz - 3.260g \u00b1100<\/td>\n<\/tr>\n<tr>\n<td width=\"128\"><strong>Alt G\u00f6vde<\/strong><\/td>\n<td width=\"465\">Al\u00fcminyum, Hidrografik Kaplama<\/td>\n<\/tr>\n<tr>\n<td width=\"128\"><strong>\u00dcst G\u00f6vde<\/strong><\/td>\n<td width=\"465\">Namlu Monoblok Frezelenmi\u015f Antinit \u00c7elik, Hidrografik Kaplama<\/td>\n<\/tr>\n<tr>\n<td width=\"128\"><strong>Dip\u00e7ik<\/strong><\/td>\n<td width=\"465\">Ayarlanabilir Uyum Plakas\u0131 ve \u015eim Sistemi ile Kal\u0131planm\u0131\u015f ABS Hidrografik Kaplama<\/td>\n<\/tr>\n<tr>\n<td width=\"128\"><strong>\u015earj\u00f6r Kapasitesi<\/strong><\/td>\n<td width=\"465\">4+1-3\u2033 Kabuklar<\/td>\n<\/tr>\n<tr>\n<td width=\"128\"><strong>G\u00fcvenlik<\/strong><\/td>\n<td width=\"465\">\u00c7apraz S\u00fcrg\u00fc Basmal\u0131 D\u00fc\u011fme Durdurucu ve \u00c7\u0131kar\u0131labilir Tetik Sistemi\u00a0<\/td>\n<\/tr>\n<tr>\n<td width=\"128\"><strong>Tetik Gurubu<\/strong><\/td>\n<td width=\"465\">Frezelenmi\u015f Al\u00fcminyum G\u00f6vde ve Tetik Muhafazas\u0131<\/td>\n<\/tr>\n<tr>\n<td width=\"128\"><strong>Tetik<\/strong><\/td>\n<td width=\"465\">Basmal\u0131 D\u00fc\u011fme \u00c7\u0131kar\u0131labilir (RTS) Sistem\u00ae, Otomatik Tekrarlama \u00d6nleyici Sistem<\/td>\n<\/tr>\n<tr>\n<td width=\"128\"><strong>Ni\u015fangah<\/strong><\/td>\n<td width=\"465\">Tek Boncuklu TruGlo Fiber optik (K\u0131rm\u0131z\u0131)<\/td>\n<\/tr>\n<\/tbody>\n<\/table>","protected":false},"excerpt":{"rendered":"<p>Gauge 12 GA Chamber 2-3\/4\u2019\u2019 to 3\u2019\u2019 &#8211; 76mm Action Inertia System with Inertia Plus Rotating Bolt\u00a0\u00ae Barrel Precision Drilled Antinit Steel Monoblock Barrel Hydrographic Finish 61-66-71-76cm Choke Removable Marapro Chokes 70mm S-IC-M-IM-F Rib 8mm Recoil Pad Sculpted Ergonomic Microcell Polyurethane LOP 14.37\u201d &#8211; 365mm Drop at Heel 2.16\u201d\u00b1.04\u201d adjustable to 1.77\u201d-1.96\u201d-2.36\u201d 55\u00b11mm adjustable to [&hellip;]<\/p>","protected":false},"featured_media":2108,"comment_status":"closed","ping_status":"open","template":"","meta":{"_acf_changed":false,"_et_pb_use_builder":"","_et_pb_old_content":"","_et_gb_content_width":""},"product_brand":[],"product_cat":[21,22,23],"product_tag":[],"class_list":{"0":"post-2147","1":"product","2":"type-product","3":"status-publish","4":"has-post-thumbnail","6":"product_cat-shotguns","7":"product_cat-semi-auto","8":"product_cat-masai-mara","10":"first","11":"instock","12":"product-type-simple"},"acf":[],"_links":{"self":[{"href":"https:\/\/retayarms.com\/tr\/wp-json\/wp\/v2\/product\/2147","targetHints":{"allow":["GET"]}}],"collection":[{"href":"https:\/\/retayarms.com\/tr\/wp-json\/wp\/v2\/product"}],"about":[{"href":"https:\/\/retayarms.com\/tr\/wp-json\/wp\/v2\/types\/product"}],"replies":[{"embeddable":true,"href":"https:\/\/retayarms.com\/tr\/wp-json\/wp\/v2\/comments?post=2147"}],"wp:featuredmedia":[{"embeddable":true,"href":"https:\/\/retayarms.com\/tr\/wp-json\/wp\/v2\/media\/2108"}],"wp:attachment":[{"href":"https:\/\/retayarms.com\/tr\/wp-json\/wp\/v2\/media?parent=2147"}],"wp:term":[{"taxonomy":"product_brand","embeddable":true,"href":"https:\/\/retayarms.com\/tr\/wp-json\/wp\/v2\/product_brand?post=2147"},{"taxonomy":"product_cat","embeddable":true,"href":"https:\/\/retayarms.com\/tr\/wp-json\/wp\/v2\/product_cat?post=2147"},{"taxonomy":"product_tag","embeddable":true,"href":"https:\/\/retayarms.com\/tr\/wp-json\/wp\/v2\/product_tag?post=2147"}],"curies":[{"name":"wp","href":"https:\/\/api.w.org\/{rel}","templated":true}]}}