{"id":849,"date":"2025-04-30T12:18:22","date_gmt":"2025-04-30T12:18:22","guid":{"rendered":"https:\/\/retayarms.com\/?page_id=849"},"modified":"2025-08-01T09:00:59","modified_gmt":"2025-08-01T09:00:59","slug":"tasarimolustur","status":"publish","type":"page","link":"https:\/\/retayarms.com\/tr\/tasarimolustur\/","title":{"rendered":"Tasar\u0131mOlustur"},"content":{"rendered":"<p>[et_pb_section fb_built=&#8221;1&#8243; admin_label=&#8221;forcing&#8221; _builder_version=&#8221;4.27.4&#8243; _module_preset=&#8221;default&#8221; background_color=&#8221;#eeeeee&#8221; background_pattern_horizontal_offset=&#8221;28%&#8221; background_pattern_vertical_offset=&#8221;-2%&#8221; background_enable_mask_style=&#8221;on&#8221; background_mask_style=&#8221;corner-paint&#8221; background_mask_transform=&#8221;invert&#8221; background_last_edited=&#8221;on|phone&#8221; background_mask_aspect_ratio_phone=&#8221;portrait&#8221; background_mask_size_phone=&#8221;cover&#8221; locked=&#8221;off&#8221; collapsed=&#8221;on&#8221; global_colors_info=&#8221;{}&#8221;][et_pb_row _builder_version=&#8221;4.27.4&#8243; _module_preset=&#8221;default&#8221; global_colors_info=&#8221;{}&#8221;][et_pb_column type=&#8221;4_4&#8243; _builder_version=&#8221;4.27.4&#8243; _module_preset=&#8221;default&#8221; global_colors_info=&#8221;{}&#8221;][et_pb_text admin_label=&#8221;Text&#8221; _builder_version=&#8221;4.27.4&#8243; _module_preset=&#8221;default&#8221; text_font=&#8221;&#8211;et_global_body_font||||||||&#8221; header_2_font=&#8221;|700||on|||||&#8221; header_2_text_align=&#8221;center&#8221; header_2_font_size=&#8221;72px&#8221; header_3_font=&#8221;Barlow|500|||||||&#8221; header_3_font_size=&#8221;43px&#8221; animation_style=&#8221;zoom&#8221; animation_intensity_zoom=&#8221;60%&#8221; animation_speed_curve=&#8221;ease-in&#8221; global_colors_info=&#8221;{}&#8221;]<\/p>\n<h3>\u0130\u015fte nedeni: \u0130ki B\u00fcy\u00fck Fark!<\/h3>\n<p>[\/et_pb_text][\/et_pb_column][\/et_pb_row][et_pb_row column_structure=&#8221;1_2,1_2&#8243; _builder_version=&#8221;4.27.4&#8243; _module_preset=&#8221;default&#8221; global_colors_info=&#8221;{}&#8221;][et_pb_column type=&#8221;1_2&#8243; _builder_version=&#8221;4.27.4&#8243; _module_preset=&#8221;default&#8221; background_color=&#8221;#FFFFFF&#8221; custom_padding=&#8221;0px|11px|20px|11px|false|true&#8221; animation_style=&#8221;slide&#8221; animation_direction=&#8221;bottom&#8221; animation_intensity_slide=&#8221;5%&#8221; border_radii=&#8221;on|6px|6px|6px|6px&#8221; box_shadow_style=&#8221;preset3&#8243; global_colors_info=&#8221;{}&#8221; filter_saturate__hover_enabled=&#8221;on|hover&#8221; filter_saturate__hover=&#8221;0%&#8221; filter_brightness__hover_enabled=&#8221;on|hover&#8221; filter_brightness__hover=&#8221;95%&#8221;][et_pb_video src=&#8221;https:\/\/www.youtube.com\/watch?v=4P9FSC3f_7c&#8221; _builder_version=&#8221;4.27.4&#8243; _module_preset=&#8221;default&#8221; hover_enabled=&#8221;0&#8243; sticky_enabled=&#8221;0&#8243; title_text=&#8221;Deep-Bore-Drilled-Barrels&#8221; image_src=&#8221;https:\/\/retayarms.com\/wp-content\/uploads\/2025\/02\/Deep-Bore-Drilled-Barrels.jpg&#8221; font_icon=&#8221;&#xe0a3;||divi||400&#8243; play_icon_color=&#8221;#E02B20&#8243;][\/et_pb_video][et_pb_text _builder_version=&#8221;4.27.4&#8243; _module_preset=&#8221;default&#8221; global_colors_info=&#8221;{}&#8221;]<\/p>\n<h2 style=\"text-align: center;\"><strong>\"Dead Straight\"<br \/><\/strong>Deep Bore Drilled Barrels\u2122<\/h2>\n<p style=\"text-align: center;\" class=\" translation-block\">Retay namlular\u0131 derin delme y\u00f6ntemiyle \u00fcretilir, d\u00f6vme (hammer forged) ile de\u011fil \u2013 bu nedenle kusursuz \u015fekilde d\u00fczd\u00fcr.<\/p>\n<p>[\/et_pb_text][\/et_pb_column][et_pb_column type=&#8221;1_2&#8243; _builder_version=&#8221;4.27.4&#8243; _module_preset=&#8221;default&#8221; background_color=&#8221;#FFFFFF&#8221; custom_padding=&#8221;0px|11px|20px|11px|false|true&#8221; animation_style=&#8221;slide&#8221; animation_direction=&#8221;bottom&#8221; animation_intensity_slide=&#8221;5%&#8221; border_radii=&#8221;on|6px|6px|6px|6px&#8221; box_shadow_style=&#8221;preset3&#8243; global_colors_info=&#8221;{}&#8221; filter_saturate__hover=&#8221;0%&#8221; filter_saturate__hover_enabled=&#8221;on|hover&#8221; filter_brightness__hover=&#8221;95%&#8221; filter_brightness__hover_enabled=&#8221;on|hover&#8221;][et_pb_video src=&#8221;https:\/\/www.youtube.com\/watch?v=e7SXOLOWgr0&#038;t=1s&#8221; _builder_version=&#8221;4.27.4&#8243; _module_preset=&#8221;default&#8221; hover_enabled=&#8221;0&#8243; sticky_enabled=&#8221;0&#8243; title_text=&#8221;Forcing-Cone&#8221; image_src=&#8221;https:\/\/retayarms.com\/wp-content\/uploads\/2025\/02\/Forcing-Cone.jpg&#8221; font_icon=&#8221;&#xe0a3;||divi||400&#8243; play_icon_color=&#8221;#E02B20&#8243;][\/et_pb_video][et_pb_text _builder_version=&#8221;4.27.4&#8243; _module_preset=&#8221;default&#8221; global_colors_info=&#8221;{}&#8221;]<\/p>\n<h2 style=\"text-align: center;\"><strong>Kutudan \u00c7\u0131kar \u00c7\u0131kmaz Haz\u0131r<br \/><\/strong>Fabrika Uzatmal\u0131 Forcing Cone<\/h2>\n<p style=\"text-align: center;\">Retay\u2019\u0131n fabrika \u00e7\u0131k\u0131\u015f\u0131 uzat\u0131lm\u0131\u015f forcing cone yap\u0131s\u0131, sa\u00e7malar\u0131 namluya daha p\u00fcr\u00fczs\u00fcz bir \u015fekilde y\u00f6nlendirir, b\u00f6ylece sa\u00e7ma deformasyonunu ciddi oranda azalt\u0131r.<\/p>\n<p>[\/et_pb_text][\/et_pb_column][\/et_pb_row][\/et_pb_section][et_pb_section fb_built=&#8221;1&#8243; admin_label=&#8221;Patrol&#8221; _builder_version=&#8221;4.27.4&#8243; _module_preset=&#8221;default&#8221; use_background_color_gradient=&#8221;on&#8221; background_color_gradient_stops=&#8221;rgba(0,0,0,0.64) 0%|rgba(0,0,0,0.79) 100%&#8221; background_color_gradient_overlays_image=&#8221;on&#8221; background_image=&#8221;https:\/\/retayarms.com\/wp-content\/uploads\/2025\/04\/Patrol.webp&#8221; parallax=&#8221;on&#8221; parallax_method=&#8221;off&#8221; min_height_tablet=&#8221;&#8221; min_height_phone=&#8221;&#8221; min_height_last_edited=&#8221;on|phone&#8221; locked=&#8221;off&#8221; collapsed=&#8221;on&#8221; global_colors_info=&#8221;{}&#8221;][et_pb_row make_equal=&#8221;on&#8221; custom_padding_last_edited=&#8221;on|phone&#8221; _builder_version=&#8221;4.27.4&#8243; _module_preset=&#8221;default&#8221; width_tablet=&#8221;&#8221; width_phone=&#8221;95%&#8221; width_last_edited=&#8221;on|phone&#8221; max_width=&#8221;80%&#8221; max_width_tablet=&#8221;80%&#8221; max_width_phone=&#8221;95%&#8221; max_width_last_edited=&#8221;on|desktop&#8221; min_height_tablet=&#8221;&#8221; min_height_phone=&#8221;&#8221; min_height_last_edited=&#8221;on|phone&#8221; custom_padding_tablet=&#8221;&#8221; custom_padding_phone=&#8221;104px||104px||true|false&#8221; custom_css_main_element=&#8221;margin: auto;||align-items: center;&#8221; global_colors_info=&#8221;{}&#8221;][et_pb_column type=&#8221;4_4&#8243; _builder_version=&#8221;4.27.4&#8243; _module_preset=&#8221;default&#8221; custom_padding_tablet=&#8221;&#8221; custom_padding_phone=&#8221;20vh||||false|false&#8221; custom_padding_last_edited=&#8221;on|phone&#8221; global_colors_info=&#8221;{}&#8221;][et_pb_text _builder_version=&#8221;4.27.4&#8243; _module_preset=&#8221;default&#8221; header_3_font=&#8221;ETHNOCENTRIC|700|||||||&#8221; header_3_text_align=&#8221;center&#8221; header_3_text_color=&#8221;#FFFFFF&#8221; header_3_font_size=&#8221;400px&#8221; module_alignment=&#8221;center&#8221; custom_margin=&#8221;||-128px||false|false&#8221; custom_margin_tablet=&#8221;||-128px||false|false&#8221; custom_margin_phone=&#8221;||0px||false|false&#8221; custom_margin_last_edited=&#8221;on|phone&#8221; custom_padding=&#8221;||||false|false&#8221; filter_sepia=&#8221;57%&#8221; filter_opacity=&#8221;74%&#8221; header_3_font_size_tablet=&#8221;400px&#8221; header_3_font_size_phone=&#8221;87px&#8221; header_3_font_size_last_edited=&#8221;on|phone&#8221; global_colors_info=&#8221;{}&#8221;]<\/p>\n<h3>724<\/h3>\n<p>[\/et_pb_text][et_pb_image src=&#8221;https:\/\/retayarms.com\/wp-content\/uploads\/2025\/04\/724-patrol-V2.5.webp&#8221; title_text=&#8221;724 patrolbg1-m&#8221; show_bottom_space=&#8221;off&#8221; src_tablet=&#8221;https:\/\/retayarms.com\/wp-content\/uploads\/2025\/04\/724-patrol-V2.5.webp&#8221; src_phone=&#8221;https:\/\/retayarms.com\/wp-content\/uploads\/2025\/06\/724-patrolbg1-m.webp&#8221; src_last_edited=&#8221;on|phone&#8221; admin_label=&#8221;Image&#8221; _builder_version=&#8221;4.27.4&#8243; _module_preset=&#8221;default&#8221; transform_scale_tablet=&#8221;&#8221; transform_scale_phone=&#8221;&#8221; transform_scale_last_edited=&#8221;on|phone&#8221; transform_translate_tablet=&#8221;&#8221; transform_translate_phone=&#8221;-1px|0px&#8221; transform_translate_last_edited=&#8221;on|phone&#8221; transform_translate_linked_phone=&#8221;off&#8221; transform_rotate_tablet=&#8221;&#8221; transform_rotate_phone=&#8221;&#8221; transform_rotate_last_edited=&#8221;on|phone&#8221; transform_skew_tablet=&#8221;&#8221; transform_skew_phone=&#8221;&#8221; transform_skew_last_edited=&#8221;on|phone&#8221; transform_origin_tablet=&#8221;&#8221; transform_origin_phone=&#8221;&#8221; transform_origin_last_edited=&#8221;on|phone&#8221; transform_styles_last_edited=&#8221;on|phone&#8221; position_origin_a_tablet=&#8221;&#8221; position_origin_a_phone=&#8221;top_left&#8221; position_origin_a_last_edited=&#8221;on|phone&#8221; position_origin_f_tablet=&#8221;&#8221; position_origin_f_phone=&#8221;&#8221; position_origin_f_last_edited=&#8221;on|phone&#8221; position_origin_r_tablet=&#8221;&#8221; position_origin_r_phone=&#8221;&#8221; position_origin_r_last_edited=&#8221;on|phone&#8221; custom_margin=&#8221;||-216px||false|false&#8221; custom_margin_tablet=&#8221;||-216px||false|false&#8221; custom_margin_phone=&#8221;||-47px||false|false&#8221; custom_margin_last_edited=&#8221;on|phone&#8221; custom_padding=&#8221;||||false|false&#8221; scroll_horizontal_motion_enable=&#8221;on&#8221; scroll_horizontal_motion=&#8221;0|50|50|100|-4|0|0&#8243; transform_styles_tablet=&#8221;&#8221; transform_styles_phone=&#8221;&#8221; positioning_tablet=&#8221;&#8221; positioning_phone=&#8221;absolute&#8221; positioning_last_edited=&#8221;on|phone&#8221; global_colors_info=&#8221;{}&#8221;][\/et_pb_image][et_pb_text _builder_version=&#8221;4.27.4&#8243; _module_preset=&#8221;default&#8221; header_3_font=&#8221;ETHNOCENTRIC|700|||||||&#8221; header_3_text_align=&#8221;center&#8221; header_3_text_color=&#8221;#FFFFFF&#8221; header_3_font_size=&#8221;191px&#8221; module_alignment=&#8221;center&#8221; custom_padding=&#8221;||||false|false&#8221; filter_sepia=&#8221;57%&#8221; filter_opacity=&#8221;74%&#8221; header_3_font_size_tablet=&#8221;191px&#8221; header_3_font_size_phone=&#8221;56px&#8221; header_3_font_size_last_edited=&#8221;on|phone&#8221; global_colors_info=&#8221;{}&#8221;]<\/p>\n<h3>PATROL<\/h3>\n<p>[\/et_pb_text][et_pb_button button_text=&#8221;DISCOVER &#8221; button_alignment=&#8221;center&#8221; admin_label=&#8221;Button&#8221; _builder_version=&#8221;4.27.4&#8243; _module_preset=&#8221;default&#8221; custom_button=&#8221;on&#8221; button_text_color=&#8221;#D6D6D6&#8243; button_bg_color=&#8221;#000000&#8243; button_border_width=&#8221;1px&#8221; button_border_radius=&#8221;100px&#8221; position_origin_a=&#8221;center_center&#8221; position_origin_f=&#8221;bottom_center&#8221; custom_margin=&#8221;||121px||false|false&#8221; custom_margin_tablet=&#8221;||121px||false|false&#8221; custom_margin_phone=&#8221;||||false|false&#8221; custom_margin_last_edited=&#8221;on|phone&#8221; custom_padding=&#8221;||||false|false&#8221; locked=&#8221;off&#8221; global_colors_info=&#8221;{}&#8221;][\/et_pb_button][\/et_pb_column][\/et_pb_row][\/et_pb_section]<\/p>","protected":false},"excerpt":{"rendered":"<p>Here\u2019s Why: Two Big Differences!\u201cDead Straight\u201dDeep Bore Drilled Barrels\u2122 Retay barrels are deep bore drilled, not hammer forged \u2013 so they are dead straight.\u201cOut of the Box\u201dFactory-Lengthened Forcing Cone\u2122 Retay\u2019s factory-lengthened forcing cone funnels shot smoothly into the bore which dramatically reduces pellet deformation.724PATROL<\/p>","protected":false},"author":1,"featured_media":0,"parent":0,"menu_order":0,"comment_status":"closed","ping_status":"closed","template":"","meta":{"_acf_changed":false,"_et_pb_use_builder":"on","_et_pb_old_content":"","_et_gb_content_width":"","footnotes":""},"difl_page_category":[],"class_list":["post-849","page","type-page","status-publish","hentry"],"acf":[],"_hostinger_reach_plugin_has_subscription_block":false,"_hostinger_reach_plugin_is_elementor":false,"_links":{"self":[{"href":"https:\/\/retayarms.com\/tr\/wp-json\/wp\/v2\/pages\/849","targetHints":{"allow":["GET"]}}],"collection":[{"href":"https:\/\/retayarms.com\/tr\/wp-json\/wp\/v2\/pages"}],"about":[{"href":"https:\/\/retayarms.com\/tr\/wp-json\/wp\/v2\/types\/page"}],"author":[{"embeddable":true,"href":"https:\/\/retayarms.com\/tr\/wp-json\/wp\/v2\/users\/1"}],"replies":[{"embeddable":true,"href":"https:\/\/retayarms.com\/tr\/wp-json\/wp\/v2\/comments?post=849"}],"version-history":[{"count":96,"href":"https:\/\/retayarms.com\/tr\/wp-json\/wp\/v2\/pages\/849\/revisions"}],"predecessor-version":[{"id":3670,"href":"https:\/\/retayarms.com\/tr\/wp-json\/wp\/v2\/pages\/849\/revisions\/3670"}],"wp:attachment":[{"href":"https:\/\/retayarms.com\/tr\/wp-json\/wp\/v2\/media?parent=849"}],"wp:term":[{"taxonomy":"difl_page_category","embeddable":true,"href":"https:\/\/retayarms.com\/tr\/wp-json\/wp\/v2\/difl_page_category?post=849"}],"curies":[{"name":"wp","href":"https:\/\/api.w.org\/{rel}","templated":true}]}}