{"id":3609,"date":"2025-07-29T09:16:56","date_gmt":"2025-07-29T09:16:56","guid":{"rendered":"https:\/\/retayarms.com\/?page_id=3609"},"modified":"2025-07-29T09:17:58","modified_gmt":"2025-07-29T09:17:58","slug":"contact","status":"publish","type":"page","link":"https:\/\/retayarms.com\/tr\/iletisim\/","title":{"rendered":"\u0130leti\u015fim"},"content":{"rendered":"<p>[et_pb_section fb_built=\"1\u2033 next_background_color=\"#ffffff\" _builder_version=\"4.27.4\u2033 _module_preset=\"default\" use_background_color_gradient=\"on\" background_color_gradient_stops=\"rgba(255,255,255,0) 0%|rgba(0,0,0,0.82) 100%\" background_color_gradient_overlays_image=\"on\" background_image=\"https:\/\/retayarms.com\/wp-content\/uploads\/2025\/07\/New-9.webp\" bottom_divider_style=\"ramp2\u2033 bottom_divider_flip=\"horizontal\" hover_enabled=\"0\u2033 global_colors_info=\"{}\" locked=\"off\" theme_builder_area=\"post_content\" title_text=\"New 9\u2033 sticky_enabled=\"0\u2033][et_pb_row _builder_version=\"4.27.4\u2033 _module_preset=\"default\" custom_padding=\"107px||107px||true|false\" global_colors_info=\"{}\" theme_builder_area=\"post_content\"][et_pb_column type=\"4_4\u2033 _builder_version=\"4.27.4\u2033 _module_preset=\"default\" global_colors_info=\"{}\" theme_builder_area=\"post_content\"][et_pb_text _builder_version=\"4.27.4\u2033 _dynamic_attributes=\"content\" _module_preset=\"default\" header_font=\"Barlow|700|||||||\" header_text_color=\"#FFFF\" header_font_size=\"48px\" global_colors_info=\"{}\" theme_builder_area=\"post_content\"]@ET-DC@eyJkeW5hbWljIjp0cnVlLCJjb250ZW50IjoicG9zdF90aXRsZSIsInNldHRpbmdzIjp7ImJlZm9yZSI6IjxoMT4iLCJhZnRlciI6IjwvaDE+In19@[\/et_pb_text][\/et_pb_column][\/et_pb_row][\/et_pb_section][et_pb_section fb_built=\"1\u2033 theme_builder_area=\"post_content\" _builder_version=\"4.27.4\u2033 _module_preset=\"default\"][et_pb_row _builder_version=\"4.27.4\u2033 _module_preset=\"default\" theme_builder_area=\"post_content\" column_structure=\"1_2,1_2\u2033 hover_enabled=\"0\u2033 sticky_enabled=\"0\u2033][et_pb_column _builder_version=\"4.27.4\u2033 _module_preset=\"default\" type=\"1_2\u2033 theme_builder_area=\"post_content\"][et_pb_text _builder_version=\"4.27.4\u2033 _module_preset=\"default\" theme_builder_area=\"post_content\" header_3_font=\"Barlow Condensed|700|||||||\" header_3_font_size=\"32px\" hover_enabled=\"0\u2033 sticky_enabled=\"0\u2033]<\/p>\n<h3 class=\"text-dark font-weight-bold text-8\">\u0130leti\u015fim bilgileri<\/h3>\n<h4 class=\"mb-2 mt-0\">Retay Arms Ltd. Sti.<\/h4>\n<div class=\"col-md-12 py-2\"><b>Adres :<span>\u00a0<\/span><\/b>B\u00fcy\u00fckkayac\u0131k Mh. 103. Cd. No: 11, 42250 Konya - T\u00dcRK\u0130YE<\/div>\n<div class=\"col-md-12 py-2\"><b>Pbx :<span>\u00a0<\/span><\/b>+90 332 342 6513<\/div>\n<div class=\"col-md-12 py-2\"><b>Faks :<span>\u00a0<\/span><\/b>+90 332 342 6514<\/div>\n<div class=\"col-md-12 py-2\"><b>E-Mail :<span>\u00a0<\/span><\/b>info@retayarms.com<\/div>\n<p>[\/et_pb_text][et_pb_contact_form _builder_version=\"4.27.4\u2033 _module_preset=\"default\" _unique_id=\"24a40f4c-20da-4512-8011-0cffb0053e11\u2033 theme_builder_area=\"post_content\" email=\"info@retayaarms.com\" hover_enabled=\"0\u2033 sticky_enabled=\"0\u2033][et_pb_contact_field field_id=\"Name\" field_title=\"Name\" _builder_version=\"4.16\u2033 global_colors_info=\"{}\" button_text_size__hover_enabled=\"off\" button_one_text_size__hover_enabled=\"off\" button_two_text_size__hover_enabled=\"off\" button_text_color__hover_enabled=\"off\" button_one_text_color__hover_enabled=\"off\" button_two_text_color__hover_enabled=\"off\" button_border_width__hover_enabled=\"off\" button_one_border_width__hover_enabled=\"off\" button_two_border_width__hover_enabled=\"off\" button_border_color__hover_enabled=\"off\" button_one_border_color__hover_enabled=\"off\" button_two_border_color__hover_enabled=\"off\" button_border_radius__hover_enabled=\"off\" button_one_border_radius__hover_enabled=\"off\" button_two_border_radius__hover_enabled=\"off\" button_letter_spacing__hover_enabled=\"off\" button_one_letter_spacing__hover_enabled=\"off\" button_two_letter_spacing__hover_enabled=\"off\" button_bg_color__hover_enabled=\"off\" button_one_bg_color__hover_enabled=\"off\" button_two_bg_color__hover_enabled=\"off\" theme_builder_area=\"post_content\"][\/et_pb_contact_field][et_pb_contact_field field_id=\"Email\" field_title=\"Email Address\" field_type=\"email\" _builder_version=\"4.16\u2033 global_colors_info=\"{}\" button_text_size__hover_enabled=\"off\" button_one_text_size__hover_enabled=\"off\" button_two_text_size__hover_enabled=\"off\" button_text_color__hover_enabled=\"off\" button_one_text_color__hover_enabled=\"off\" button_two_text_color__hover_enabled=\"off\" button_border_width__hover_enabled=\"off\" button_one_border_width__hover_enabled=\"off\" button_two_border_width__hover_enabled=\"off\" button_border_color__hover_enabled=\"off\" button_one_border_color__hover_enabled=\"off\" button_two_border_color__hover_enabled=\"off\" button_border_radius__hover_enabled=\"off\" button_one_border_radius__hover_enabled=\"off\" button_two_border_radius__hover_enabled=\"off\" button_letter_spacing__hover_enabled=\"off\" button_one_letter_spacing__hover_enabled=\"off\" button_two_letter_spacing__hover_enabled=\"off\" button_bg_color__hover_enabled=\"off\" button_one_bg_color__hover_enabled=\"off\" button_two_bg_color__hover_enabled=\"off\" theme_builder_area=\"post_content\"][\/et_pb_contact_field][et_pb_contact_field field_id=\"Message\" field_title=\"Message\" field_type=\"text\" fullwidth_field=\"on\" _builder_version=\"4.16\u2033 global_colors_info=\"{}\" button_text_size__hover_enabled=\"off\" button_one_text_size__hover_enabled=\"off\" button_two_text_size__hover_enabled=\"off\" button_text_color__hover_enabled=\"off\" button_one_text_color__hover_enabled=\"off\" button_two_text_color__hover_enabled=\"off\" button_border_width__hover_enabled=\"off\" button_one_border_width__hover_enabled=\"off\" button_two_border_width__hover_enabled=\"off\" button_border_color__hover_enabled=\"off\" button_one_border_color__hover_enabled=\"off\" button_two_border_color__hover_enabled=\"off\" button_border_radius__hover_enabled=\"off\" button_one_border_radius__hover_enabled=\"off\" button_two_border_radius__hover_enabled=\"off\" button_letter_spacing__hover_enabled=\"off\" button_one_letter_spacing__hover_enabled=\"off\" button_two_letter_spacing__hover_enabled=\"off\" button_bg_color__hover_enabled=\"off\" button_one_bg_color__hover_enabled=\"off\" button_two_bg_color__hover_enabled=\"off\" theme_builder_area=\"post_content\"][\/et_pb_contact_field][\/et_pb_contact_form][\/et_pb_column][et_pb_column _builder_version=\"4.27.4\u2033 _module_preset=\"default\" type=\"1_2\u2033 theme_builder_area=\"post_content\"][et_pb_code _builder_version=\"4.27.4\u2033 _module_preset=\"default\" theme_builder_area=\"post_content\" hover_enabled=\"0\u2033 sticky_enabled=\"0\u2033]<iframe src=\"https:\/\/www.google.com\/maps\/embed?pb=!1m14!1m8!1m3!1d3903.2362908046907!2d32.598374!3d37.964872!3m2!1i1024!2i768!4f13.1!3m3!1m2!1s0x14d091e858e6e553%3A0x2e09e28beeb387f0!2sRETAY%20Arms!5e1!3m2!1str!2sus!4v1753780499650!5m2!1str!2sus\" width=\"100%\" height=\"450\" style=\"border:0;\" allowfullscreen=\"\" loading=\"lazy\" referrerpolicy=\"no-referrer-when-downgrade\"><\/iframe>[\/et_pb_code][\/et_pb_column][\/et_pb_row][\/et_pb_section]<\/p>","protected":false},"excerpt":{"rendered":"<p>\u0130leti\u015fim bilgileri Retay Arms Ltd. \u015eti. Adres : B\u00fcy\u00fckkayac\u0131k Mh. 103. Cd. No: 11, 42250 Konya - T\u00dcRK\u0130YE Pbx : +90 332 342 6513 Faks : +90 332 342 6514 E-Mail : info@retayarms.com<\/p>","protected":false},"author":1,"featured_media":0,"parent":0,"menu_order":0,"comment_status":"closed","ping_status":"closed","template":"","meta":{"_acf_changed":false,"_et_pb_use_builder":"on","_et_pb_old_content":"","_et_gb_content_width":"","footnotes":""},"difl_page_category":[],"class_list":["post-3609","page","type-page","status-publish","hentry"],"acf":[],"_hostinger_reach_plugin_has_subscription_block":false,"_hostinger_reach_plugin_is_elementor":false,"_links":{"self":[{"href":"https:\/\/retayarms.com\/tr\/wp-json\/wp\/v2\/pages\/3609","targetHints":{"allow":["GET"]}}],"collection":[{"href":"https:\/\/retayarms.com\/tr\/wp-json\/wp\/v2\/pages"}],"about":[{"href":"https:\/\/retayarms.com\/tr\/wp-json\/wp\/v2\/types\/page"}],"author":[{"embeddable":true,"href":"https:\/\/retayarms.com\/tr\/wp-json\/wp\/v2\/users\/1"}],"replies":[{"embeddable":true,"href":"https:\/\/retayarms.com\/tr\/wp-json\/wp\/v2\/comments?post=3609"}],"version-history":[{"count":3,"href":"https:\/\/retayarms.com\/tr\/wp-json\/wp\/v2\/pages\/3609\/revisions"}],"predecessor-version":[{"id":3614,"href":"https:\/\/retayarms.com\/tr\/wp-json\/wp\/v2\/pages\/3609\/revisions\/3614"}],"wp:attachment":[{"href":"https:\/\/retayarms.com\/tr\/wp-json\/wp\/v2\/media?parent=3609"}],"wp:term":[{"taxonomy":"difl_page_category","embeddable":true,"href":"https:\/\/retayarms.com\/tr\/wp-json\/wp\/v2\/difl_page_category?post=3609"}],"curies":[{"name":"wp","href":"https:\/\/api.w.org\/{rel}","templated":true}]}}