{"id":3592,"date":"2025-07-29T08:54:15","date_gmt":"2025-07-29T08:54:15","guid":{"rendered":"https:\/\/retayarms.com\/?page_id=3592"},"modified":"2025-07-29T09:01:33","modified_gmt":"2025-07-29T09:01:33","slug":"warranty-registration","status":"publish","type":"page","link":"https:\/\/retayarms.com\/tr\/garanti\u0307-kaydi\/","title":{"rendered":"Garanti Kayd\u0131"},"content":{"rendered":"<p>[et_pb_section fb_built=\"1\u2033 next_background_color=\"#ffffff\" _builder_version=\"4.27.4\u2033 _dynamic_attributes=\"background_image\" _module_preset=\"default\" use_background_color_gradient=\"on\" background_color_gradient_stops=\"rgba(255,255,255,0) 0%|rgba(0,0,0,0.82) 100%\" background_color_gradient_overlays_image=\"on\" background_image=\"@ET-DC@eyJkeW5hbWljIjp0cnVlLCJjb250ZW50IjoicG9zdF9mZWF0dXJlZF9pbWFnZSIsInNldHRpbmdzIjp7fX0=@\" bottom_divider_style=\"ramp2\u2033 bottom_divider_flip=\"horizontal\" hover_enabled=\"0\u2033 global_colors_info=\"{}\" locked=\"off\" background_color=\"#000000\u2033 sticky_enabled=\"0\u2033][et_pb_row _builder_version=\"4.27.4\u2033 _module_preset=\"default\" custom_padding=\"107px||107px||true|false\" global_colors_info=\"{}\"][et_pb_column type=\"4_4\u2033 _builder_version=\"4.27.4\u2033 _module_preset=\"default\" global_colors_info=\"{}\"][et_pb_text _builder_version=\"4.27.4\u2033 _dynamic_attributes=\"content\" _module_preset=\"default\" header_font=\"Barlow|700|||||||\" header_text_color=\"#FFFFFF\" header_font_size=\"48px\" global_colors_info=\"{}\"]@ET-DC@eyJkeW5hbWljIjp0cnVlLCJjb250ZW50IjoicG9zdF90aXRsZSIsInNldHRpbmdzIjp7ImJlZm9yZSI6IjxoMT4iLCJhZnRlciI6IjwvaDE+In19@[\/et_pb_text][\/et_pb_column][\/et_pb_row][\/et_pb_section][et_pb_section fb_built=\"1\u2033 _builder_version=\"4.27.4\u2033 _module_preset=\"default\" global_colors_info=\"{}\"][et_pb_row _builder_version=\"4.27.4\u2033 _module_preset=\"default\" global_colors_info=\"{}\"][et_pb_column type=\"4_4\u2033 _builder_version=\"4.27.4\u2033 _module_preset=\"default\" global_colors_info=\"{}\"][et_pb_text _builder_version=\"4.27.4\u2033 _module_preset=\"default\" global_colors_info=\"{}\"]<\/p>\n<p>Bir RETAY ate\u015fli silah sat\u0131n ald\u0131\u011f\u0131n\u0131z ve \u00e7evrimi\u00e7i olarak kaydettirmek i\u00e7in birka\u00e7 dakikan\u0131z\u0131 ay\u0131rd\u0131\u011f\u0131n\u0131z i\u00e7in te\u015fekk\u00fcr ederiz. Kayd\u0131n\u0131z, \u00fcr\u00fcn bilgileri ve teklifler hakk\u0131nda sizi g\u00fcncel tutmam\u0131za yard\u0131mc\u0131 olur.<\/p>\n<p>[\/et_pb_text][et_pb_text _builder_version=\"4.27.4\u2033 _module_preset=\"default\" header_3_font=\"Barlow Condensed|700|||||||\" hover_enabled=\"0\u2033 global_colors_info=\"{}\" sticky_enabled=\"0\u2033]<\/p>\n<h3>Garanti Kayd\u0131<\/h3>\n<div class=\"nf-form-wrap ninja-forms-form-wrap\">\n<div class=\"nf-debug-msg\"><\/div>\n<div class=\"nf-before-form\"><\/div>\n<div class=\"nf-form-layout\">\n<form action=\"\">\n<div>\n<div class=\"nf-before-form-content\">\n<div class=\"nf-form-fields-required\">ile i\u015faretlenmi\u015f alanlar\u00a0<span class=\"ninja-forms-req-symbol\">*<\/span>\u00a0gereklidir<\/div>\n<\/div>\n<\/div>\n<input type=\"hidden\" name=\"trp-form-language\" value=\"tr\"\/><\/form>\n<\/div>\n<\/div>\n<p>[\/et_pb_text][et_pb_contact_form _builder_version=&#8221;4.27.4&#8243; _module_preset=&#8221;default&#8221; _unique_id=&#8221;44f6875c-5a25-44a4-9576-4068fe8ccd74&#8243; form_field_background_color=&#8221;#f4f4f4&#8243; form_field_focus_background_color=&#8221;#FFFFFF&#8221; border_width_all=&#8221;1px&#8221; border_color_all=&#8221;#8F8F8F&#8221; hover_enabled=&#8221;0&#8243; sticky_enabled=&#8221;0&#8243; submit_button_text=&#8221;SUMBIT&#8221; email=&#8221;info@retayarms.com&#8221;][et_pb_contact_field fullwidth_field=&#8221;on&#8221; _builder_version=&#8221;4.27.4&#8243; _module_preset=&#8221;default&#8221; field_id=&#8221;Name&#8221; field_title=&#8221;First Name (Required) *&#8221; hover_enabled=&#8221;0&#8243; sticky_enabled=&#8221;0&#8243;][\/et_pb_contact_field][et_pb_contact_field fullwidth_field=&#8221;on&#8221; _builder_version=&#8221;4.27.4&#8243; _module_preset=&#8221;default&#8221; field_id=&#8221;Last-Name&#8221; field_title=&#8221;Last Name*&#8221; hover_enabled=&#8221;0&#8243; sticky_enabled=&#8221;0&#8243;][\/et_pb_contact_field][et_pb_contact_field fullwidth_field=&#8221;on&#8221; _builder_version=&#8221;4.27.4&#8243; _module_preset=&#8221;default&#8221; field_id=&#8221;Address&#8221; field_title=&#8221;Address (Street City, State zip *) *&#8221; hover_enabled=&#8221;0&#8243; sticky_enabled=&#8221;0&#8243;][\/et_pb_contact_field][et_pb_contact_field fullwidth_field=&#8221;on&#8221; _builder_version=&#8221;4.27.4&#8243; _module_preset=&#8221;default&#8221; field_id=&#8221;Phone&#8221; field_title=&#8221;Phone *&#8221; hover_enabled=&#8221;0&#8243; sticky_enabled=&#8221;0&#8243;][\/et_pb_contact_field][et_pb_contact_field fullwidth_field=&#8221;on&#8221; _builder_version=&#8221;4.27.4&#8243; _module_preset=&#8221;default&#8221; field_id=&#8221;Email&#8221; field_title=&#8221;Email *&#8221; hover_enabled=&#8221;0&#8243; sticky_enabled=&#8221;0&#8243;][\/et_pb_contact_field][et_pb_contact_field fullwidth_field=&#8221;on&#8221; _builder_version=&#8221;4.27.4&#8243; _module_preset=&#8221;default&#8221; field_id=&#8221;What_Product_*&#8221; field_title=&#8221;What Product *&#8221; hover_enabled=&#8221;0&#8243; sticky_enabled=&#8221;0&#8243; field_type=&#8221;select&#8221; select_options=&#8221;%91{%22value%22:%22Masai Mara%22,%22checked%22:0,%22dragID%22:-1},{%22value%22:%22Air Control Extreme%22,%22checked%22:0,%22dragID%22:0},{%22value%22:%22Air Control Extreme R%22,%22checked%22:0,%22dragID%22:1},{%22value%22:%22Antalya SS%22,%22checked%22:0,%22dragID%22:2},{%22value%22:%22Gordion%22,%22checked%22:0,%22dragID%22:3},{%22value%22:%22GPS%22,%22checked%22:0,%22dragID%22:4},{%22value%22:%22GPS XL%22,%22checked%22:0,%22dragID%22:5},{%22value%22:%22Gamelander%22,%22checked%22:0,%22dragID%22:6},{%22value%22:%22RA 15-22%22,%22checked%22:0,%22dragID%22:7},{%22value%22:%22Asend%22,%22checked%22:0,%22dragID%22:8},{%22value%22:%222022%22,%22checked%22:0,%22dragID%22:9},{%22value%22:%22RXP 22%22,%22checked%22:0,%22dragID%22:10},{%22value%22:%22RA 15-22 Pistol%22,%22checked%22:0,%22dragID%22:11},{%22value%22:%22Order%22,%22checked%22:0,%22dragID%22:12}%93&#8243;][\/et_pb_contact_field][et_pb_contact_field fullwidth_field=&#8221;on&#8221; _builder_version=&#8221;4.27.4&#8243; _module_preset=&#8221;default&#8221; field_id=&#8221;Serial-Number&#8221; field_title=&#8221;Serial Number *&#8221; hover_enabled=&#8221;0&#8243; sticky_enabled=&#8221;0&#8243;][\/et_pb_contact_field][et_pb_contact_field fullwidth_field=&#8221;on&#8221; _builder_version=&#8221;4.27.4&#8243; _module_preset=&#8221;default&#8221; field_id=&#8221;Purchase-Date&#8221; field_title=&#8221;Purchase Date&#8221; hover_enabled=&#8221;0&#8243; sticky_enabled=&#8221;0&#8243;][\/et_pb_contact_field][et_pb_contact_field fullwidth_field=&#8221;on&#8221; _builder_version=&#8221;4.27.4&#8243; _module_preset=&#8221;default&#8221; field_id=&#8221;Store_Purchased_From&#8221; field_title=&#8221;Store Purchased From *&#8221; hover_enabled=&#8221;0&#8243; sticky_enabled=&#8221;0&#8243;][\/et_pb_contact_field][\/et_pb_contact_form][et_pb_text _builder_version=&#8221;4.27.4&#8243; _module_preset=&#8221;default&#8221; hover_enabled=&#8221;0&#8243; sticky_enabled=&#8221;0&#8243;]<\/p>\n<p>G\u00f6zden ge\u00e7irin\u00a0<a href=\"https:\/\/retayarms.com\/tr\/sinirli-omur-boyu-garanti\/\">Retay S\u0131n\u0131rl\u0131 \u00d6m\u00fcr Boyu Garanti<\/a><\/p>\n<p><em><\/em><\/p>\n<p><em>\"RETAY Ate\u015fli Silah\u0131n\u0131z\u0131 Emniyete Al\u0131n<\/em><span>s<\/span><em><span>\u00a0<\/span>RETAY'de bug\u00fcn garanti! Garanti kayd\u0131, sat\u0131n alma i\u015fleminizin korunmas\u0131n\u0131 sa\u011flamak i\u00e7in \u00e7ok \u00f6nemlidir. RETAY Ate\u015fli Silahlar'a yapt\u0131\u011f\u0131n\u0131z yat\u0131r\u0131m\u0131 korumak i\u00e7in bu f\u0131rsat\u0131 ka\u00e7\u0131rmay\u0131n. Kay\u0131t yapt\u0131rarak, zaman\u0131nda onar\u0131m ve de\u011fi\u015fimlere eri\u015fim kazanacak ve gelecek y\u0131llar boyunca i\u00e7inizin rahat olmas\u0131n\u0131 sa\u011flayacaks\u0131n\u0131z. Bu sadece birka\u00e7 dakikan\u0131z\u0131 alacak basit bir i\u015flemdir. \u00c7ok ge\u00e7 olana kadar beklemeyin; RETAY Ate\u015fli Silah Garantinizin t\u00fcm avantajlar\u0131ndan yararlanmak i\u00e7in \u015fimdi harekete ge\u00e7in. Web sitemizi ziyaret edin <b><span>\u00a0<\/span><\/b><span>B\u00fcy\u00fckkayac\u0131k Mh. 103. Cd. No: 11, 42250 Konya - T\u00dcRK\u0130YE<\/span>. Kayd\u0131 tamamlay\u0131n ve RETAY Av T\u00fcfeklerinize endi\u015fesiz bir \u015fekilde sahip olman\u0131n keyfini \u00e7\u0131kar\u0131n. Memnuniyetiniz ve \u00fcr\u00fcnlerimizin uzun \u00f6m\u00fcrl\u00fc olmas\u0131 en \u00f6nemli \u00f6nceliklerimizdir!\"<\/em><\/p>\n<p>[\/et_pb_text][\/et_pb_column][\/et_pb_row][\/et_pb_section]<\/p>","protected":false},"excerpt":{"rendered":"<p>Bir RETAY ate\u015fli silah\u0131 sat\u0131n ald\u0131\u011f\u0131n\u0131z ve \u00e7evrimi\u00e7i olarak kaydetmek i\u00e7in birka\u00e7 dakikan\u0131z\u0131 ay\u0131rd\u0131\u011f\u0131n\u0131z i\u00e7in te\u015fekk\u00fcr ederiz. Kayd\u0131n\u0131z, \u00fcr\u00fcn bilgileri ve teklifler hakk\u0131nda sizi g\u00fcncel tutmam\u0131za yard\u0131mc\u0131 olur.Garanti Kayd\u0131 * ile i\u015faretlenmi\u015f alanlar gereklidir Retay S\u0131n\u0131rl\u0131 \u00d6m\u00fcr Boyu Garantisini inceleyin \"RETAY Ate\u015fli Silahlar Garantinizi bug\u00fcn RETAY'de g\u00fcvence alt\u0131na al\u0131n! Garanti kayd\u0131, [...] garantinizi sa\u011flamak i\u00e7in \u00e7ok \u00f6nemlidir.<\/p>","protected":false},"author":1,"featured_media":0,"parent":0,"menu_order":0,"comment_status":"closed","ping_status":"closed","template":"","meta":{"_acf_changed":false,"_et_pb_use_builder":"on","_et_pb_old_content":"","_et_gb_content_width":"","footnotes":""},"difl_page_category":[],"class_list":["post-3592","page","type-page","status-publish","hentry"],"acf":[],"_hostinger_reach_plugin_has_subscription_block":false,"_hostinger_reach_plugin_is_elementor":false,"_links":{"self":[{"href":"https:\/\/retayarms.com\/tr\/wp-json\/wp\/v2\/pages\/3592","targetHints":{"allow":["GET"]}}],"collection":[{"href":"https:\/\/retayarms.com\/tr\/wp-json\/wp\/v2\/pages"}],"about":[{"href":"https:\/\/retayarms.com\/tr\/wp-json\/wp\/v2\/types\/page"}],"author":[{"embeddable":true,"href":"https:\/\/retayarms.com\/tr\/wp-json\/wp\/v2\/users\/1"}],"replies":[{"embeddable":true,"href":"https:\/\/retayarms.com\/tr\/wp-json\/wp\/v2\/comments?post=3592"}],"version-history":[{"count":4,"href":"https:\/\/retayarms.com\/tr\/wp-json\/wp\/v2\/pages\/3592\/revisions"}],"predecessor-version":[{"id":3599,"href":"https:\/\/retayarms.com\/tr\/wp-json\/wp\/v2\/pages\/3592\/revisions\/3599"}],"wp:attachment":[{"href":"https:\/\/retayarms.com\/tr\/wp-json\/wp\/v2\/media?parent=3592"}],"wp:term":[{"taxonomy":"difl_page_category","embeddable":true,"href":"https:\/\/retayarms.com\/tr\/wp-json\/wp\/v2\/difl_page_category?post=3592"}],"curies":[{"name":"wp","href":"https:\/\/api.w.org\/{rel}","templated":true}]}}