{"id":3586,"date":"2025-07-29T08:39:21","date_gmt":"2025-07-29T08:39:21","guid":{"rendered":"https:\/\/retayarms.com\/?page_id=3586"},"modified":"2025-07-29T08:58:33","modified_gmt":"2025-07-29T08:58:33","slug":"limited-lifetime-warranty","status":"publish","type":"page","link":"https:\/\/retayarms.com\/tr\/sinirli-omur-boyu-garanti\/","title":{"rendered":"S\u0131n\u0131rl\u0131 \u00d6m\u00fcr Boyu Garanti"},"content":{"rendered":"<p>[et_pb_section fb_built=\"1\u2033 next_background_color=\"#ffffff\" _builder_version=\"4.27.4\u2033 _module_preset=\"default\" use_background_color_gradient=\"on\" background_color_gradient_stops=\"rgba(255,255,255,0) 0%|rgba(0,0,0,0.82) 100%\" background_color_gradient_overlays_image=\"on\" background_image=\"https:\/\/retayarms.com\/wp-content\/uploads\/2025\/07\/New-8.webp\" bottom_divider_style=\"ramp2\u2033 bottom_divider_flip=\"horizontal\" hover_enabled=\"0\u2033 global_colors_info=\"{}\" locked=\"off\" title_text=\"New 8\u2033 sticky_enabled=\"0\u2033 background_position=\"top_center\"][et_pb_row _builder_version=\"4.27.4\u2033 _module_preset=\"default\" custom_padding=\"107px||107px||true|false\" global_colors_info=\"{}\"][et_pb_column type=\"4_4\u2033 _builder_version=\"4.27.4\u2033 _module_preset=\"default\" global_colors_info=\"{}\"][et_pb_text _builder_version=\"4.27.4\u2033 _dynamic_attributes=\"content\" _module_preset=\"default\" header_font=\"Barlow|700|||||||\" header_text_color=\"#FFFFFF\" header_font_size=\"48px\" global_colors_info=\"{}\"]@ET-DC@eyJkeW5hbWljIjp0cnVlLCJjb250ZW50IjoicG9zdF90aXRsZSIsInNldHRpbmdzIjp7ImJlZm9yZSI6IjxoMT4iLCJhZnRlciI6IjwvaDE+In19@[\/et_pb_text][\/et_pb_column][\/et_pb_row][\/et_pb_section][et_pb_section fb_built=\"1\u2033 _builder_version=\"4.27.4\u2033 _module_preset=\"default\" global_colors_info=\"{}\"][et_pb_row _builder_version=\"4.27.4\u2033 _module_preset=\"default\" global_colors_info=\"{}\"][et_pb_column type=\"4_4\u2033 _builder_version=\"4.27.4\u2033 _module_preset=\"default\" global_colors_info=\"{}\"][et_pb_text _builder_version=\"4.27.4\u2033 _module_preset=\"default\" global_colors_info=\"{}\"]<\/p>\n<p>RETAY Arms Ltd. \u015eti. i\u015fbu belge ile a\u015fa\u011f\u0131dakileri sa\u011flamaktad\u0131r\u00a0<strong>SINIRLI \u00d6M\u00dcR BOYU GARANTI<\/strong>\u00a0a\u015fa\u011f\u0131da belirtilen \u015fart ve ko\u015fullara tabi olarak ekteki Retay\u00ae ate\u015fli silah\u0131n ilk al\u0131c\u0131s\u0131na verilecektir.\u00a0<strong>BU, BU ATE\u015eLI\u0307 SI\u0307LAHI KAPSAYAN RETAY TARAFINDAN UZATILAN TEK GARANTI\u0307DI\u0307R.<\/strong><\/p>\n<p><strong>GARANTI\u0307 NELERI\u0307 KAPSAR VE S\u00dcRESI\u0307 NE KADARDIR?<\/strong>\u00a0RETAY, orijinal al\u0131c\u0131ya ekteki ate\u015fli silah\u0131n malzeme ve i\u015f\u00e7ilik a\u00e7\u0131s\u0131ndan kusursuz oldu\u011funu garanti eder. RETAY, orijinal al\u0131c\u0131n\u0131n ate\u015fli silaha sahip oldu\u011fu s\u00fcre boyunca malzeme, i\u015flev veya i\u015f\u00e7ilikteki herhangi bir kusuru gidermeyi taahh\u00fct eder. Bu garanti, ate\u015fli silah\u0131n kaplamas\u0131n\u0131, kabzalar\u0131n\u0131, geri tepme pedlerini, \u015farj\u00f6rlerini, ni\u015fangahlar\u0131n\u0131 ve aksesuarlar\u0131n\u0131 kapsamaz. RETAY, ate\u015fli silah\u0131n kaplamas\u0131n\u0131n, kabzalar\u0131n\u0131n, \u015farj\u00f6rlerinin, ni\u015fangahlar\u0131n\u0131n ve aksesuarlar\u0131n\u0131n malzeme, i\u015flev ve i\u015f\u00e7ilik kusurlar\u0131ndan ari oldu\u011funu yaln\u0131zca sat\u0131n alma tarihinden itibaren bir y\u0131l s\u00fcreyle garanti eder. Yukar\u0131daki garantiler, bu ate\u015fli silah\u0131n ilk al\u0131c\u0131 d\u0131\u015f\u0131nda herhangi bir ki\u015fi veya kurulu\u015fa devredilmesi halinde otomatik olarak sona erer. Ayr\u0131ca, RETAY'in bu garanti kapsam\u0131ndaki y\u00fck\u00fcml\u00fcl\u00fc\u011f\u00fc yaln\u0131zca ate\u015fli silah\u0131 onarma veya de\u011fi\u015ftirme y\u00fck\u00fcml\u00fcl\u00fc\u011f\u00fc ile s\u0131n\u0131rl\u0131 olacakt\u0131r.<\/p>\n<p><strong>RETAY garanti vermeyecek veya sorumlu olmayacakt\u0131r:<\/strong><\/p>\n<ol>\n<li>Dikkatsiz kullan\u0131m, yetkisiz ayarlamalar veya modifikasyonlardan kaynaklanan kusurlar veya ar\u0131zalar.<\/li>\n<li>Kusurlu veya uygunsuz m\u00fchimmat kullan\u0131m\u0131, yeniden doldurulmu\u015f m\u00fchimmat, korozyon, ihmal, suistimal, ola\u011fan a\u015f\u0131nma ve y\u0131pranma veya makul olmayan kullan\u0131mdan kaynaklanan kusurlar veya ar\u0131zalar.<\/li>\n<li>Su\u00e7 te\u015fkil eden k\u00f6t\u00fcye kullan\u0131m, ihmal veya uyu\u015fturucu ya da alkol etkisi alt\u0131nda kullan\u0131m.<\/li>\n<\/ol>\n<p><strong>GARANTI\u0307 HI\u0307ZMETI\u0307NI\u0307 NASIL ALIRSINIZ?\u00a0<\/strong>Garanti, yaln\u0131zca orijinal al\u0131c\u0131 taraf\u0131ndan sat\u0131n alma tarihinden itibaren otuz (30) g\u00fcn i\u00e7inde \u015fu adresten \u00e7evrimi\u00e7i kay\u0131t yapt\u0131r\u0131larak etkinle\u015ftirilirse ge\u00e7erli olur:\u00a0<a href=\"https:\/\/retayarms.com\/tr\/garanti\u0307-kaydi\/\"><strong>https:\/\/www.retayarms.com\/warranty-registration<\/strong><\/a><\/p>\n<p><strong>\u00a0<\/strong><\/p>\n<p><strong>SORUMLULU\u011eUN SINIRLANDIRILMASI<\/strong>\u00a0<\/p>\n<p><strong>RETAY, a\u00e7\u0131k veya z\u0131mni garanti, ihmal veya ba\u015fka bir nedenden kaynaklan\u0131p kaynaklanmad\u0131\u011f\u0131na bak\u0131lmaks\u0131z\u0131n, ekonomik kay\u0131p veya ki\u015fi veya m\u00fclk\u00fcn yaralanmas\u0131na ili\u015fkin herhangi bir ar\u0131zi veya dolayl\u0131 hasar\u0131 \u00f6zellikle bu Garantinin d\u0131\u015f\u0131nda tutar ve bunlardan sorumlu olmayacakt\u0131r.<\/strong>\u00a0Baz\u0131 eyaletler tesad\u00fcfi veya dolayl\u0131 zararlar\u0131n hari\u00e7 tutulmas\u0131na veya s\u0131n\u0131rland\u0131r\u0131lmas\u0131na izin vermez, bu nedenle yukar\u0131daki s\u0131n\u0131rlama sizin i\u00e7in ge\u00e7erli olmayabilir. RETAY, dikkatsiz kullan\u0131m, yetkisiz ayarlamalar, kusurlu, d\u00fc\u015f\u00fck kaliteli, yeniden doldurulmu\u015f veya uygunsuz m\u00fchimmat, korozyon, ihmal, ola\u011fan a\u015f\u0131nma ve y\u0131pranma veya mant\u0131ks\u0131z veya yasa d\u0131\u015f\u0131 kullan\u0131m\u0131n sonu\u00e7lar\u0131ndan sorumlu olmayacakt\u0131r.  Retay'in bu garanti kapsam\u0131ndaki y\u00fck\u00fcml\u00fcl\u00fckleri, herhangi bir yasa, y\u00f6netmelik veya di\u011fer resmi gerekliliklerin ate\u015fli silah\u0131n onar\u0131m\u0131n\u0131, de\u011fi\u015ftirilmesini ve\/veya ate\u015fli silah\u0131 Retay'e g\u00f6nderen ki\u015fiye iade edilmesini yasaklad\u0131\u011f\u0131 \u00f6l\u00e7\u00fcde ge\u00e7erli olmayacakt\u0131r.<\/p>\n<p>[\/et_pb_text][\/et_pb_column][\/et_pb_row][\/et_pb_section]<\/p>","protected":false},"excerpt":{"rendered":"<p>RETAY Arms Ltd. \u015eti. i\u015fbu belge ile a\u015fa\u011f\u0131da belirtilen \u015fart ve ko\u015fullara tabi olarak ekteki Retay\u00ae ate\u015fli silah\u0131n ilk al\u0131c\u0131s\u0131na a\u015fa\u011f\u0131daki SINIRLI \u00d6M\u00dcR BOYU GARANT\u0130'yi vermektedir. BU, RETAY TARAFINDAN BU ATE\u015eLI\u0307 SI\u0307LAH I\u0307\u00c7I\u0307N VERI\u0307LEN TEK GARANTI\u0307DI\u0307R. GARANTI\u0307 NELERI\u0307 KAPSAR VE S\u00dcRESI\u0307 NE KADARDIR? RETAY, orijinal al\u0131c\u0131ya ekteki [...] silah\u0131 garanti eder.<\/p>","protected":false},"author":1,"featured_media":0,"parent":0,"menu_order":0,"comment_status":"closed","ping_status":"closed","template":"","meta":{"_acf_changed":false,"_et_pb_use_builder":"on","_et_pb_old_content":"","_et_gb_content_width":"","footnotes":""},"difl_page_category":[],"class_list":["post-3586","page","type-page","status-publish","hentry"],"acf":[],"_hostinger_reach_plugin_has_subscription_block":false,"_hostinger_reach_plugin_is_elementor":false,"_links":{"self":[{"href":"https:\/\/retayarms.com\/tr\/wp-json\/wp\/v2\/pages\/3586","targetHints":{"allow":["GET"]}}],"collection":[{"href":"https:\/\/retayarms.com\/tr\/wp-json\/wp\/v2\/pages"}],"about":[{"href":"https:\/\/retayarms.com\/tr\/wp-json\/wp\/v2\/types\/page"}],"author":[{"embeddable":true,"href":"https:\/\/retayarms.com\/tr\/wp-json\/wp\/v2\/users\/1"}],"replies":[{"embeddable":true,"href":"https:\/\/retayarms.com\/tr\/wp-json\/wp\/v2\/comments?post=3586"}],"version-history":[{"count":3,"href":"https:\/\/retayarms.com\/tr\/wp-json\/wp\/v2\/pages\/3586\/revisions"}],"predecessor-version":[{"id":3591,"href":"https:\/\/retayarms.com\/tr\/wp-json\/wp\/v2\/pages\/3586\/revisions\/3591"}],"wp:attachment":[{"href":"https:\/\/retayarms.com\/tr\/wp-json\/wp\/v2\/media?parent=3586"}],"wp:term":[{"taxonomy":"difl_page_category","embeddable":true,"href":"https:\/\/retayarms.com\/tr\/wp-json\/wp\/v2\/difl_page_category?post=3586"}],"curies":[{"name":"wp","href":"https:\/\/api.w.org\/{rel}","templated":true}]}}