{"id":3574,"date":"2025-07-29T08:20:51","date_gmt":"2025-07-29T08:20:51","guid":{"rendered":"https:\/\/retayarms.com\/?page_id=3574"},"modified":"2025-07-29T08:29:48","modified_gmt":"2025-07-29T08:29:48","slug":"retay-frequently-asked-questions","status":"publish","type":"page","link":"https:\/\/retayarms.com\/tr\/retay-sikca-sorulan-sorular\/","title":{"rendered":"S\u0131k\u00e7a Sorulan Sorular"},"content":{"rendered":"<p>[et_pb_section fb_built=\"1\u2033 next_background_color=\"#ffffff\" _builder_version=\"4.27.4\u2033 _module_preset=\"default\" use_background_color_gradient=\"on\" background_color_gradient_stops=\"rgba(255,255,255,0) 0%|rgba(0,0,0,0.82) 100%\" background_color_gradient_overlays_image=\"on\" background_image=\"https:\/\/retayarms.com\/wp-content\/uploads\/2025\/07\/E1.webp\" bottom_divider_style=\"ramp2\u2033 bottom_divider_flip=\"horizontal\" hover_enabled=\"0\u2033 global_colors_info=\"{}\" locked=\"off\" title_text=\"E1\u2033 background_position=\"top_center\" sticky_enabled=\"0\u2033][et_pb_row _builder_version=\"4.27.4\u2033 _module_preset=\"default\" custom_padding=\"107px||107px||true|false\" global_colors_info=\"{}\"][et_pb_column type=\"4_4\u2033 _builder_version=\"4.27.4\u2033 _module_preset=\"default\" global_colors_info=\"{}\"][et_pb_text _builder_version=\"4.27.4\u2033 _dynamic_attributes=\"content\" _module_preset=\"default\" header_font=\"Barlow|700|||||||\" header_text_color=\"#FFFFFF\" header_font_size=\"48px\" global_colors_info=\"{}\"]@ET-DC@eyJkeW5hbWljIjp0cnVlLCJjb250ZW50IjoicG9zdF90aXRsZSIsInNldHRpbmdzIjp7ImJlZm9yZSI6IjxoMT4iLCJhZnRlciI6IjwvaDE+In19@[\/et_pb_text][\/et_pb_column][\/et_pb_row][\/et_pb_section][et_pb_section fb_built=\"1\u2033 _builder_version=\"4.27.4\u2033 _module_preset=\"default\" global_colors_info=\"{}\"][et_pb_row _builder_version=\"4.27.4\u2033 _module_preset=\"default\" global_colors_info=\"{}\"][et_pb_column type=\"4_4\u2033 _builder_version=\"4.27.4\u2033 _module_preset=\"default\" global_colors_info=\"{}\"][et_pb_text _builder_version=\"4.27.4\u2033 _module_preset=\"default\" hover_enabled=\"0\u2033 global_colors_info=\"{}\" header_2_font=\"Barlow Condensed||||||||\" sticky_enabled=\"0\u2033]<\/p>\n<h2 class=\"wp-block-heading\">1.\u00a0<strong>Bir Retay hangi jikle ipli\u011fi modelini kullan\u0131r?<\/strong><\/h2>\n<p><em>Retay av t\u00fcfekleri \u00f6zel bir Retay\/MaraPro\u2122 yiv kullan\u0131r. \u00c7o\u011fu sat\u0131\u015f sonras\u0131 \u015fok \u00fcreticisi RETAY'e \u00f6zel \u015foklar sunmaktad\u0131r. L\u00fctfen t\u00fcfe\u011finizde sadece Retay'e \u00f6zel \u015foklar\u0131 ve Retay av t\u00fcfekleri i\u00e7in \u00fcretilmi\u015f sat\u0131\u015f sonras\u0131 \u015foklar\u0131 kullan\u0131n.<\/em><strong><em>\u00a0<\/em><\/strong><\/p>\n<figure><img decoding=\"async\" class=\"ls-is-cached lazyloaded\" src=\"https:\/\/retayarms.com\/wp-content\/uploads\/2025\/07\/choke.webp\" alt=\"RETAY Av T\u00fcfe\u011fi \u015eoklar\u0131\" data-src=\"https:\/\/retayarms.com\/wp-content\/uploads\/2025\/07\/choke.webp  \/><\/figure><h2 class=\"wp-block-heading\"><\/h2>\n<h2 class=\"wp-block-heading\"><\/h2>\n<h2 class=\"wp-block-heading\">2.\u00a0<strong>Retay \u015foklar\u0131mla \u00e7elik atabilir miyim?<\/strong><\/h2>\n<p><em>Fabrika Retay C, IC ve M \u015foklar\u0131 \u00e7elik sa\u00e7ma i\u00e7in derecelendirilmi\u015ftir. Fabrika IM ve F \u015foklar\u0131 de\u011fildir.\u00a0<strong>**UYARI: FABRI\u0307KA IM VE F \u015eOKLARI I\u0307LE \u00c7ELI\u0307K VE\/VEYA TUNGSTEN ATI\u015eI YAPMAK ATE\u015eLI\u0307 SI\u0307LAH VE\/VEYA ATICIYA ONARILAMAZ ZARARLAR VEREBI\u0307LI\u0307R**<\/strong>\u00a0<\/em><\/p>\n<h2 class=\"wp-block-heading\"><\/h2>\n<h2 class=\"wp-block-heading\">3.\u00a0<strong>Retay'imle kur\u015fun atabilir miyim?<\/strong><\/h2>\n<p><em>Retay av t\u00fcfekleri s\u00fcm\u00fckl\u00fc b\u00f6ceklerle ba\u015fa \u00e7\u0131kabilir. Sert kur\u015funlar i\u00e7in,\u00a0<strong>SADECE<\/strong>\u00a0C \u015fokunu kullan\u0131n. Yivli kur\u015funlar i\u00e7in,\u00a0<strong>SADECE\u00a0<\/strong>fabrika C veya IC bobinlerini kullan\u0131n.\u00a0<strong>**UYARI: FABRI\u0307KA M, IM VE F \u015eOKLARINDAN SALYANGOZ ATI\u015eI YAPMAK ATE\u015eLI\u0307 SI\u0307LAH VE\/VEYA ATICIYA ONARILAMAZ ZARARLAR VEREBI\u0307LI\u0307R**<\/strong>\u00a0<\/em><\/p>\n<h2 class=\"wp-block-heading\">4.\u00a0<strong>Retay'imle sa\u00e7ma atabilir miyim?<\/strong><\/h2>\n<p><em>Evet. Fabrika Retay \u015foklar\u0131 sa\u00e7ma ile ba\u015fa \u00e7\u0131kabilir.\u00a0<strong>\u00c7elik sa\u00e7malarla ilgili 2. soruya bak\u0131n\u0131z.\u00a0<\/strong><\/em><\/p>\n<h2 class=\"wp-block-heading\">5.\u00a0<strong>Bir Retay'in d\u00f6nd\u00fcrece\u011fi minimum y\u00fck nedir?<\/strong><\/h2>\n<p><em>Retay Inertia ile \u00e7al\u0131\u015fan av t\u00fcfekleri, namluda desen yo\u011funlu\u011funu ve tutarl\u0131l\u0131\u011f\u0131n\u0131 b\u00fcy\u00fck \u00f6l\u00e7\u00fcde art\u0131rman\u0131n yan\u0131 s\u0131ra geri bas\u0131nc\u0131 ve hissedilen geri tepmeyi azaltan fabrikada uzat\u0131lm\u0131\u015f zorlama konimize sahiptir. Zorlama konimiz, \u00e7o\u011fu av t\u00fcfe\u011finde bulunan keskin zorlama konisi a\u00e7\u0131s\u0131n\u0131 ortadan kald\u0131rarak, at\u0131\u015f\u0131n daha b\u00fcy\u00fck delikten daha dar deli\u011fe sorunsuz bir \u015fekilde ge\u00e7erken ko\u015fulland\u0131r\u0131lmas\u0131na izin vererek \u00e7al\u0131\u015f\u0131r. Ortaya \u00e7\u0131kan yumu\u015fak ge\u00e7i\u015f, sa\u00e7ma \u00e7arp\u0131\u015fmas\u0131n\u0131 ve desen deformasyonunu azalt\u0131r. Retay zorlama konisinin d\u00fc\u015f\u00fck a\u00e7\u0131s\u0131, Retay patentli Inertia-Plus\u2122 mekanizmas\u0131na aktar\u0131lan geri tepme \u015fok dalgas\u0131n\u0131 da azalt\u0131r. Inertia aksiyonlu av t\u00fcfekleri do\u011frudan fi\u015fek taraf\u0131ndan aksiyona aktar\u0131lan geri tepme \u015fok dalgas\u0131 ile \u00e7al\u0131\u015f\u0131r ve s\u00fcrg\u00fcy\u00fc tam olarak d\u00f6nd\u00fcrmek i\u00e7in yeterli kuvvete ihtiya\u00e7 duyarlar. Bir Retay Masai Mara 12ga 3.5\u2033, s\u00fcrg\u00fcy\u00fc g\u00fcvenilir bir \u015fekilde d\u00f6nd\u00fcrmek i\u00e7in minimum (3.25 DRAM) y\u00fck gerektirecektir, bunun bir \u00f6rne\u011fi 1250FPS h\u0131z\u0131nda 1-1 \/ 8'lik bir mermi olacakt\u0131r. Masai Mara 20ga, s\u00fcrg\u00fcy\u00fc g\u00fcvenilir bir \u015fekilde \u00e7evirmek i\u00e7in ( 3 DRAM ) y\u00fck gerektirir. Bunun bir \u00f6rne\u011fi, minimum 1250FPS ile 7\/8 oz fi\u015fektir. Bir Retay Gordion 12ga 3\u2033 minimum ( 3-DRAM ) gerektirir, bunun bir \u00f6rne\u011fi 1oz 1200 FPS'dir. Bir Retay Gordion 20ga 3\u2033 minimum ( 2-3\/4 DRAM ) gerektirir, buna \u00f6rnek olarak 1250FPS ile 7\/8oz fi\u015fek verilebilir. Kural olarak, daha a\u011f\u0131r bir y\u00fck a\u011f\u0131rl\u0131\u011f\u0131, herhangi bir atalet av t\u00fcfe\u011finde d\u00fczg\u00fcn bir \u015fekilde d\u00f6nmesi i\u00e7in daha az h\u0131z gerektirecektir. Baz\u0131 Retay Inertia Plus Av T\u00fcfekleri, di\u011fer baz\u0131 ataletli av t\u00fcfe\u011fi markalar\u0131ndan minimum d\u00fczeyde daha y\u00fcksek bir DRAM gerektirse de, hem fabrikada uzat\u0131lm\u0131\u015f zorlama konisinden elde edilen desendeki performans kazan\u0131mlar\u0131 hem de Patentli Inertia-Plus hareketimizden elde edilen g\u00fcvenilirlik, mevcut en hafif hedef y\u00fcklerini atman\u0131n n\u00fcansl\u0131 de\u011ferinden \u00e7ok daha a\u011f\u0131r basmaktad\u0131r. Her zaman Retay av t\u00fcfe\u011finizi tam olarak \u00e7al\u0131\u015ft\u0131racak kadar g\u00fc\u00e7l\u00fc m\u00fchimmat kullanmay\u0131 unutmay\u0131n.\u00a0<\/em><\/p>\n<figure><img decoding=\"async\" class=\"ls-is-cached lazyloaded\" src=\"https:\/\/www.retayusa.com\/wp-content\/uploads\/2023\/03\/Retay-cycling-chart-1024x336.png\" alt=\"Retay Av T\u00fcfe\u011fi Bisiklet \u00c7izelgesi\" data-src=\"https:\/\/www.retayusa.com\/wp-content\/uploads\/2023\/03\/Retay-cycling-chart-1024x336.png\" \/><\/figure>\n<h2 class=\"wp-block-heading\">6. Nas\u0131l garanti talebinde bulunabilirim?<\/h2>\n<p><em>L\u00fctfen web sitemiz (https:\/\/www.Retay USA.com\/contact-us\/) \u00fczerinden \u00e7evrimi\u00e7i bir destek bileti doldurun ve Retay'inizle ilgili ya\u015fad\u0131\u011f\u0131n\u0131z sorun(lar)\u0131 a\u00e7\u0131klay\u0131n. L\u00fctfen destek biletinize modelinizi ve \u00f6l\u00e7erinizi ekleyin. Bisikletle ilgili sorunlar ya\u015f\u0131yorsan\u0131z, l\u00fctfen kabuk markas\u0131n\u0131, ons cinsinden y\u00fck a\u011f\u0131rl\u0131\u011f\u0131n\u0131 ve kutu \u00fczerinde yaz\u0131l\u0131 h\u0131z derecesini de ekleyin. Bir Retay ABD temsilcisi destek biletinize 48 saat i\u00e7inde yan\u0131t verecektir.\u00a0<\/em><\/p>\n<h2 class=\"wp-block-heading\"><strong>7. Kullan\u0131m K\u0131lavuzumu kaybettim, nas\u0131l bir tane edinebilirim?\u00a0<\/strong><\/h2>\n<p><em>Kullan\u0131c\u0131 El Kitaplar\u0131 web sitemizden g\u00f6r\u00fcnt\u00fclenebilir ve indirilebilir<\/em>:\u00a0<a href=\"http:\/\/retayusa.com\/owners-manuals\/\" data-type=\"URL\" data-id=\"retayusa.com\/owners-manuals\/\">KILAVUZLAR I\u00c7IN BURAYA TIKLAYIN<\/a><\/p>\n<h2 class=\"wp-block-heading\">8.\u00a0<strong>Retay'im bana uymuyor. Nas\u0131l ayarlayabilirim?<\/strong><\/h2>\n<p><em>Retay Masai Mara ve Gordion, dip\u00e7ik d\u00f6k\u00fcm\u00fcn\u00fcz\u00fc ve topuktaki d\u00fc\u015f\u00fc\u015f\u00fc ayarlamak i\u00e7in dip\u00e7ik \u015fimleri ile birlikte gelir. At\u0131\u015f duru\u015funuza ba\u011fl\u0131 olarak, silah\u0131 d\u00fczg\u00fcn bir \u015fekilde monte etmek i\u00e7in \u015fimleri de\u011fi\u015ftirmeniz gerekebilir.\u00a0<strong>L\u00fctfen 2021 \u00f6ncesi kullan\u0131c\u0131 k\u0131lavuzlar\u0131n\u0131n 92. sayfas\u0131ndaki ve 2021'in 20. sayfas\u0131ndaki Damla De\u011fi\u015fim Program\u0131na bak\u0131n<\/strong>-drop change de\u011ferleri i\u00e7in g\u00fcncel kullan\u0131m k\u0131lavuzlar\u0131.\u00a0<\/em><\/p>\n<h2 class=\"wp-block-heading\"><strong>9. Retay'imin arpac\u0131\u011f\u0131n\u0131 de\u011fi\u015ftirmek istiyorum. Hangi di\u015fe sahip?<\/strong><\/h2>\n<p><em>Arpac\u0131k taban\u0131 a\u015fa\u011f\u0131dakiler i\u00e7in di\u015flidir\u00a0<strong>M3x0.5\/3-56\u2033<\/strong>\u00a0<\/em><\/p>\n<h2 class=\"wp-block-heading\">10.\u00a0<strong>S\u00fcrg\u00fc kolum \u00e7\u0131km\u0131yor. Ne yapmam gerekiyor?<\/strong><\/h2>\n<p><em>Nisan 2021'den sonra \u00fcretilen Retay otomatik doldurmal\u0131 av t\u00fcfekleri, s\u00fcrg\u00fc kolunun tercih edilen gerginli\u011fini ayarlamak i\u00e7in ayarlanabilir bir ayar vidas\u0131na sahiptir. YouTube sayfam\u0131zda e\u011fitici bir video bulunabilir:<\/em><\/p>\n<figure>\n<div class=\"epyt-video-wrapper fluid-width-video-wrapper\"><iframe id=\"_ytid_35797\" class=\"__youtube_prefs__  epyt-is-override  no-lazyload\" title=\"Retay Talimat\u0131 - \u015earj Kolunuzu Nas\u0131l \u00c7\u0131kar\u0131rs\u0131n\u0131z\" src=\"https:\/\/www.youtube.com\/embed\/wzxOuj_dBBU?enablejsapi=1&amp;rel=0&amp;modestbranding=1&amp;autoplay=0&amp;cc_load_policy=0&amp;cc_lang_pref=&amp;iv_load_policy=1&amp;loop=0&amp;fs=1&amp;playsinline=0&amp;autohide=2&amp;theme=dark&amp;color=red&amp;controls=1&amp;\" allowfullscreen=\"allowfullscreen\" data-origwidth=\"800\" data-origheight=\"450\" data-relstop=\"1\" data-no-lazy=\"1\" data-skipgform_ajax_framebjll=\"\" data-gtm-yt-inspected-16=\"true\" data-mce-fragment=\"1\"><\/iframe><\/div>\n<\/figure>\n<h2 class=\"wp-block-heading\">11.\u00a0<strong>S\u00fcrg\u00fcm\u00fcn i\u00e7inde serbest\u00e7e ileri geri hareket eden b\u00fcy\u00fck bir yay var. Bu normal mi?<\/strong><\/h2>\n<p><em>Bu yay Atalet Yay\u0131d\u0131r ve Inertia-Plus\u2122 hareketinin anahtar\u0131d\u0131r. S\u00fcrg\u00fc grubu pilde de\u011filken, Atalet Yay\u0131 ta\u015f\u0131y\u0131c\u0131n\u0131n i\u00e7inde ileri geri hareket etmekte serbesttir. Atalet Yay\u0131na sadece s\u00fcrg\u00fc grubu tamamen bataryada oldu\u011funda gerilim uygulan\u0131r.<\/em><\/p>\n<h2 class=\"wp-block-heading\">12.\u00a0<strong>Retay'ime ne t\u00fcr bir bak\u0131m yapmam gerekir?<\/strong>?<\/h2>\n<p><em>Uygun bak\u0131m ve onar\u0131m, Retay av t\u00fcfe\u011finizin uzun \u00f6m\u00fcrl\u00fc ve g\u00fcvenilir olmas\u0131n\u0131n anahtar\u0131d\u0131r. Retay USA, a\u015fa\u011f\u0131daki bile\u015fenler i\u00e7in a\u015fa\u011f\u0131daki bak\u0131m\u0131 \u00f6nermektedir:\u00a0<\/em><\/p>\n<p><strong>Delik<\/strong>: Her gezintiden sonra temizlenene kadar kuru temizleme yamalar\u0131n\u0131 \u00e7al\u0131\u015ft\u0131r\u0131n<\/p>\n<p><strong>\u015eok:\u00a0<\/strong>Her at\u0131\u015ftan sonra jikleyi \u00e7\u0131kar\u0131n, karbon ve toz av t\u00fcfe\u011fini temizleyin, jikle ya\u011f\u0131 uygulay\u0131n<\/p>\n<p><strong>C\u0131vata grubu:<\/strong>\u00a0Gerekti\u011finde karbon ve barut sa\u00e7malar\u0131n\u0131 temizleyin, gerekti\u011finde s\u00fcrg\u00fc raylar\u0131n\u0131 ve kam pabucu y\u00fczeylerini ya\u011flay\u0131n<\/p>\n<p><strong>Tetik grubu:<\/strong>\u00a0Gerekti\u011finde karbon ve barut fowlingini temizleyin, gerekti\u011finde \u00e7eki\u00e7 yay\u0131n\u0131 ya\u011flay\u0131n<\/p>\n<p><strong>Geri tepme tertibat\u0131:<\/strong>\u00a0Her sezon sonunda veya dip\u00e7ik ya da g\u00f6vde suya bat\u0131r\u0131ld\u0131\u011f\u0131nda detayl\u0131 bir \u015fekilde soyun, temizleyin ve ya\u011flay\u0131n<\/p>\n<h2 class=\"wp-block-heading\">13.\u00a0<strong>Retay Garantisi neleri kapsar?<\/strong><\/h2>\n<p><em>Retay USA 5 y\u0131ll\u0131k garanti, ate\u015fli silah\u0131n\u0131z\u0131n \u00e7al\u0131\u015fmas\u0131n\u0131 sa\u011flayan malzeme veya i\u015f\u00e7ilikteki t\u00fcm fabrika mekanik kusurlar\u0131n\u0131 kapsar.\u00a0<\/em><\/p>\n<p>Retay USA garantisi kapsamamaktad\u0131r:<\/p>\n<p>Yanl\u0131\u015f kullan\u0131m veya kazalar<\/p>\n<p>Uygun bak\u0131m veya onar\u0131m\u0131n sa\u011flanamamas\u0131<\/p>\n<p>K\u0131lavuzdaki talimatlara uyulmamas\u0131<\/p>\n<p>Metal, ah\u015fap, plastik, kau\u00e7uk veya di\u011fer malzemelerdeki y\u00fczey veya kaplama par\u00e7alar\u0131ndaki \u00e7izikler, ezikler ve di\u011fer kozmetik hasarlar dahil olmak \u00fczere ate\u015fli silah\u0131n kullan\u0131m\u0131ndan kaynaklanan normal a\u015f\u0131nma ve y\u0131pranma<\/p>\n<p>Pas veya korozyon<\/p>\n<p>Namludaki engeller<\/p>\n<p>SAAMI standartlar\u0131na uygun olmayan ve\/veya elle doldurulmu\u015f ve\/veya yeniden doldurulmu\u015f m\u00fchimmat kullan\u0131m\u0131<\/p>\n<p>Retay USA taraf\u0131ndan \u00fcretilmeyen, lisanslanmayan veya tedarik edilmeyen \u00fcr\u00fcnler, par\u00e7alar veya hizmetler<\/p>\n<h2 class=\"wp-block-heading\">14. \u015eimlerimi ayarlad\u0131m, \u015fimdi silah\u0131m \u00e7al\u0131\u015fm\u0131yor.<\/h2>\n<p>Do\u011fru \u015fim montaj\u0131 i\u00e7in l\u00fctfen a\u015fa\u011f\u0131daki tabloyu kullan\u0131n.<\/p>\n<figure><img decoding=\"async\" class=\"ls-is-cached lazyloaded\" src=\"https:\/\/www.retayusa.com\/wp-content\/uploads\/2023\/09\/Retay-Shim-Guide-1-576x1024.jpg\" alt=\"\" data-src=\"https:\/\/www.retayusa.com\/wp-content\/uploads\/2023\/09\/Retay-Shim-Guide-1-576x1024.jpg\" \/><\/figure>\n<p>&nbsp;<\/p>\n<h2 class=\"wp-block-heading\">\u00a015. Retay fabrika \u015foklar\u0131yla ne t\u00fcr at\u0131\u015flar yapabilirim?<\/h2>\n<figure><img decoding=\"async\" class=\"ls-is-cached lazyloaded\" src=\"https:\/\/www.retayusa.com\/wp-content\/uploads\/2023\/12\/Retay-Choke-Guide-1024x185.png\" alt=\"\" data-src=\"https:\/\/www.retayusa.com\/wp-content\/uploads\/2023\/12\/Retay-Choke-Guide-1024x185.png\" \/><\/figure>\n<h2>16. Retay Av T\u00fcfekleri i\u00e7in fi\u015fek s\u0131n\u0131rlamalar\u0131 nelerdir?<\/h2>\n<p>Av t\u00fcfe\u011fi fi\u015feklerinin dolu uzunlu\u011fu \u00fcreticiden \u00fcreticiye ve hatta partiden partiye de\u011fi\u015febilir. Bu \u00f6zellikle 12ga 3.5\u2033 fi\u015fekler i\u00e7in ge\u00e7erlidir, \u00e7\u00fcnk\u00fc 3.5\u2033 fi\u015fek kovan\u0131n\u0131n sar\u0131lmam\u0131\u015f uzunlu\u011funu ifade eder ve dolu veya \"sar\u0131lm\u0131\u015f\" kovan spesifikasyonu yoktur. Ekstra uzun 3,5\u2033 ve 3\u2033 kovanlar daha \u00e7ok rulo k\u0131vr\u0131ml\u0131 TSS hindi dolumlar\u0131nda bulunur. Bu durumlarda m\u00fc\u015fterinin silah\u0131nda en iyi \u00e7al\u0131\u015fan kovan\u0131 bulmas\u0131 gerekecektir.<\/p>\n<p>GPS-XL, ate\u015flenmemi\u015f 3.1\u2033 \/ 3-1\/8\u2033 \u00fczerindeki 3.5\u2033 fi\u015fekleri besleyemez.<br \/>\nGordion, Antalya ve GPS, ate\u015flenmemi\u015f 2,7\u2033 \/ 2-11\/16\u2033 \u00fczerindeki 3\u2033 mermileri besleyemez.<\/p>\n<p>Masai Mara'n\u0131n 12ga 3\u2033 veya 20ga 3\u2033 fi\u015fek yata\u011f\u0131na yerle\u015ftirilmi\u015f 3\u2033 fi\u015fekleri beslemeyece\u011fini hen\u00fcz bulamad\u0131k.<\/p>\n<p>&nbsp;<\/p>\n<p><img loading=\"lazy\" decoding=\"async\" class=\"alignnone size-medium wp-image-9092 ls-is-cached lazyloaded\" src=\"https:\/\/www.retayusa.com\/wp-content\/uploads\/2025\/02\/ShellLimitations-300x143.png\" sizes=\"(max-width: 300px) 100vw, 300px\" srcset=\"https:\/\/www.retayusa.com\/wp-content\/uploads\/2025\/02\/ShellLimitations-300x143.png 300w, https:\/\/www.retayusa.com\/wp-content\/uploads\/2025\/02\/ShellLimitations-500x239.png 500w, https:\/\/www.retayusa.com\/wp-content\/uploads\/2025\/02\/ShellLimitations.png 750w\" alt=\"\" width=\"300\" height=\"143\" data-src=\"https:\/\/www.retayusa.com\/wp-content\/uploads\/2025\/02\/ShellLimitations-300x143.png\" data-srcset=\"https:\/\/www.retayusa.com\/wp-content\/uploads\/2025\/02\/ShellLimitations-300x143.png 300w, https:\/\/www.retayusa.com\/wp-content\/uploads\/2025\/02\/ShellLimitations-500x239.png 500w, https:\/\/www.retayusa.com\/wp-content\/uploads\/2025\/02\/ShellLimitations.png 750w\" data-sizes=\"(max-width: 300px) 100vw, 300px\" \/>[\/et_pb_text][\/et_pb_column][\/et_pb_row][\/et_pb_section]<\/p>","protected":false},"excerpt":{"rendered":"<p>1. Bir Retay hangi \u015fok ipli\u011fi modelini kullan\u0131r? Retay av t\u00fcfekleri \u00f6zel bir Retay\/MaraPro\u2122 yiv kullan\u0131r. \u00c7o\u011fu sat\u0131\u015f sonras\u0131 \u015fok \u00fcreticisi RETAY'e \u00f6zel \u015foklar sunmaktad\u0131r. L\u00fctfen t\u00fcfe\u011finizde sadece Retay'e \u00f6zel \u015foklar\u0131 ve Retay av t\u00fcfekleri i\u00e7in \u00fcretilmi\u015f sat\u0131\u015f sonras\u0131 \u015foklar\u0131 kullan\u0131n.\u00a0<\/p>","protected":false},"author":1,"featured_media":0,"parent":0,"menu_order":0,"comment_status":"closed","ping_status":"closed","template":"","meta":{"_acf_changed":false,"_et_pb_use_builder":"on","_et_pb_old_content":"","_et_gb_content_width":"","footnotes":""},"difl_page_category":[],"class_list":["post-3574","page","type-page","status-publish","hentry"],"acf":[],"_hostinger_reach_plugin_has_subscription_block":false,"_hostinger_reach_plugin_is_elementor":false,"_links":{"self":[{"href":"https:\/\/retayarms.com\/tr\/wp-json\/wp\/v2\/pages\/3574","targetHints":{"allow":["GET"]}}],"collection":[{"href":"https:\/\/retayarms.com\/tr\/wp-json\/wp\/v2\/pages"}],"about":[{"href":"https:\/\/retayarms.com\/tr\/wp-json\/wp\/v2\/types\/page"}],"author":[{"embeddable":true,"href":"https:\/\/retayarms.com\/tr\/wp-json\/wp\/v2\/users\/1"}],"replies":[{"embeddable":true,"href":"https:\/\/retayarms.com\/tr\/wp-json\/wp\/v2\/comments?post=3574"}],"version-history":[{"count":5,"href":"https:\/\/retayarms.com\/tr\/wp-json\/wp\/v2\/pages\/3574\/revisions"}],"predecessor-version":[{"id":3583,"href":"https:\/\/retayarms.com\/tr\/wp-json\/wp\/v2\/pages\/3574\/revisions\/3583"}],"wp:attachment":[{"href":"https:\/\/retayarms.com\/tr\/wp-json\/wp\/v2\/media?parent=3574"}],"wp:term":[{"taxonomy":"difl_page_category","embeddable":true,"href":"https:\/\/retayarms.com\/tr\/wp-json\/wp\/v2\/difl_page_category?post=3574"}],"curies":[{"name":"wp","href":"https:\/\/api.w.org\/{rel}","templated":true}]}}