{"id":2901,"date":"2025-06-03T08:11:47","date_gmt":"2025-06-03T08:11:47","guid":{"rendered":"https:\/\/retayarms.com\/?page_id=2901"},"modified":"2025-07-30T10:04:53","modified_gmt":"2025-07-30T10:04:53","slug":"company","status":"publish","type":"page","link":"https:\/\/retayarms.com\/tr\/sirket\/","title":{"rendered":"\u015eirket"},"content":{"rendered":"<p>[et_pb_section fb_built=&#8221;1&#8243; next_background_color=&#8221;#ffffff&#8221; _builder_version=&#8221;4.27.4&#8243; _dynamic_attributes=&#8221;background_image&#8221; _module_preset=&#8221;default&#8221; use_background_color_gradient=&#8221;on&#8221; background_color_gradient_stops=&#8221;rgba(255,255,255,0) 0%|rgba(0,0,0,0.82) 100%&#8221; background_color_gradient_overlays_image=&#8221;on&#8221; background_image=&#8221;@ET-DC@eyJkeW5hbWljIjp0cnVlLCJjb250ZW50IjoicG9zdF9mZWF0dXJlZF9pbWFnZSIsInNldHRpbmdzIjp7fX0=@&#8221; bottom_divider_style=&#8221;ramp2&#8243; bottom_divider_flip=&#8221;horizontal&#8221; global_colors_info=&#8221;{}&#8221;][et_pb_row _builder_version=&#8221;4.27.4&#8243; _module_preset=&#8221;default&#8221; custom_padding=&#8221;107px||107px||true|false&#8221; global_colors_info=&#8221;{}&#8221;][et_pb_column type=&#8221;4_4&#8243; _builder_version=&#8221;4.27.4&#8243; _module_preset=&#8221;default&#8221; global_colors_info=&#8221;{}&#8221;][et_pb_text _builder_version=&#8221;4.27.4&#8243; _dynamic_attributes=&#8221;content&#8221; _module_preset=&#8221;default&#8221; header_font=&#8221;Barlow|700|||||||&#8221; header_text_color=&#8221;#FFFFFF&#8221; header_font_size=&#8221;48px&#8221; global_colors_info=&#8221;{}&#8221;]@ET-DC@eyJkeW5hbWljIjp0cnVlLCJjb250ZW50IjoicG9zdF90aXRsZSIsInNldHRpbmdzIjp7ImJlZm9yZSI6IjxoMT4iLCJhZnRlciI6IjwvaDE+In19@[\/et_pb_text][\/et_pb_column][\/et_pb_row][\/et_pb_section][et_pb_section fb_built=&#8221;1&#8243; _builder_version=&#8221;4.27.4&#8243; _module_preset=&#8221;default&#8221; background_enable_mask_style=&#8221;on&#8221; background_mask_style=&#8221;corner-paint&#8221; background_mask_color=&#8221;#efefef&#8221; global_colors_info=&#8221;{}&#8221;][et_pb_row _builder_version=&#8221;4.27.4&#8243; _module_preset=&#8221;default&#8221; global_colors_info=&#8221;{}&#8221;][et_pb_column type=&#8221;4_4&#8243; _builder_version=&#8221;4.27.4&#8243; _module_preset=&#8221;default&#8221; global_colors_info=&#8221;{}&#8221;][et_pb_text _builder_version=&#8221;4.27.4&#8243; _module_preset=&#8221;default&#8221; header_font=&#8221;Barlow Condensed|700|||||||&#8221; header_2_font=&#8221;Barlow Condensed|700|||||||&#8221; header_2_font_size=&#8221;37px&#8221; global_colors_info=&#8221;{}&#8221;]<\/p>\n<h2 style=\"text-align: center;\">RETAY, 2006 y\u0131l\u0131nda T\u00fcrk ate\u015fli silahlar sekt\u00f6r\u00fcnde yeni bir m\u00fckemmellik standard\u0131 belirleme misyonuyla kurulmu\u015ftur.<\/h2>\n<p>Yenilik\u00e7i tasar\u0131mlar\u0131, kaliteli i\u015f\u00e7ili\u011fi ve sekt\u00f6r lideri \u00fcr\u00fcnleriyle d\u00fcnya \u00e7ap\u0131nda sa\u011flam bir \u00fcne sahip olan RETAY, d\u00fcnyan\u0131n en iyi, en g\u00fczel ve en kaliteli ate\u015fli silahlar\u0131n\u0131 \u00fcreterek gelecekteki b\u00fcy\u00fcmemizi te\u015fvik etmek temel misyonumuz olmaya devam etmektedir.<\/p>\n<p>\u00dcr\u00fcnler, mevcut en sofistike modern teknikler, makineler ve malzemeler kullan\u0131larak tasarlanmakta ve \u00fcretilmektedir. M\u00fc\u015fterilerimizin keyif almas\u0131 i\u00e7in d\u00fcnya standartlar\u0131nda \u00fcr\u00fcnler \u00fcretmekten gurur duyan yetenekli tasar\u0131mc\u0131, m\u00fchendis ve zanaatk\u00e2r ekiplerinden olu\u015fan dinamik ve yetenekli bir i\u015fg\u00fcc\u00fc istihdam ediyoruz. M\u00fc\u015fterilerimize en y\u00fcksek kalitede \u00fcr\u00fcnler sunmak en \u00f6nemli \u00f6nceli\u011fimizdir.<\/p>\n<p>Y\u00fcksek kalite standartlar\u0131na olan ba\u011fl\u0131l\u0131\u011f\u0131m\u0131z, \u00fcretim s\u00fcrecinin t\u00fcm a\u015famalar\u0131nda titiz \u00fcretim g\u00f6zetimi ve d\u00fczenli aral\u0131klarla testleri i\u00e7eren s\u0131k\u0131, sekt\u00f6r lideri kalite kontrol s\u00fcre\u00e7lerinin uygulanmas\u0131yla ar\u015fivlenmektedir.<\/p>\n<p>T\u00fcm imalat, \u00fcretim ve montaj s\u00fcre\u00e7lerimiz, T\u00fcrkiye'nin merkezinde yer alan g\u00fczel Konya \u015fehrindeki son teknoloji merkez tesisimizde \"in house\" olarak tamamlanmaktad\u0131r.<\/p>\n<p>Y\u00f6netici liderli\u011fimizi, tasar\u0131m departman\u0131m\u0131z\u0131 ve \u00fcretimimizi ayn\u0131 \u00e7at\u0131 alt\u0131nda bar\u0131nd\u0131rmak, \u00fcr\u00fcnlerimizin kalitesi \u00fczerinde tam kontrol sahibi olmam\u0131z\u0131 ve d\u00fcnya \u00e7ap\u0131ndaki m\u00fc\u015fterilerimizin ihtiya\u00e7lar\u0131na h\u0131zl\u0131 bir \u015fekilde yan\u0131t verebilmemizi sa\u011fl\u0131yor. G\u00f6zlerimizi daima gelecekten ay\u0131rm\u0131yoruz.<\/p>\n<p>Y\u00f6netimimiz yenilik\u00e7ili\u011fi vurgulayan bir \u015firket k\u00fclt\u00fcr\u00fcn\u00fc te\u015fvik etmekte ve t\u00fcketicilerimizin istek ve ihtiya\u00e7lar\u0131na dayal\u0131 \u00fcr\u00fcnler geli\u015ftirmek i\u00e7in \u00e7aba sarf etmekteyiz.<\/p>\n<p>M\u00fc\u015fterilerimize de\u011fer veririz ve onlara en \u00fcst d\u00fczeyde de\u011fer sa\u011flayacak yeni \u00fcr\u00fcnlerin geli\u015ftirilmesinde onlar\u0131n kat\u0131l\u0131m\u0131n\u0131 sa\u011flaman\u0131n yollar\u0131n\u0131 arar\u0131z<\/p>\n<p>[\/et_pb_text][\/et_pb_column][\/et_pb_row][et_pb_row _builder_version=&#8221;4.27.4&#8243; _module_preset=&#8221;default&#8221; global_colors_info=&#8221;{}&#8221;][et_pb_column type=&#8221;4_4&#8243; _builder_version=&#8221;4.27.4&#8243; _module_preset=&#8221;default&#8221; global_colors_info=&#8221;{}&#8221;][et_pb_video src=&#8221;https:\/\/www.youtube.com\/watch?v=9SzRUd3DU40&#8243; _builder_version=&#8221;4.27.4&#8243; _module_preset=&#8221;default&#8221; hover_enabled=&#8221;0&#8243; global_colors_info=&#8221;{}&#8221; sticky_enabled=&#8221;0&#8243;][\/et_pb_video][\/et_pb_column][\/et_pb_row][\/et_pb_section]<\/p>","protected":false},"excerpt":{"rendered":"<p>RETAY \u00a0was founded in 2006 with a mission to set a new standard of excellence in the Turkish firearms industry. RETAY has established a solid reputation worldwide with innovative designs, quality craftsmanship and industry leading products.It remains our central mission to promote our future growth by manufacturing the best, most beautiful, and highest quality firearms [&hellip;]<\/p>","protected":false},"author":1,"featured_media":2902,"parent":0,"menu_order":0,"comment_status":"closed","ping_status":"closed","template":"","meta":{"_acf_changed":false,"_et_pb_use_builder":"on","_et_pb_old_content":"","_et_gb_content_width":"","footnotes":""},"difl_page_category":[],"class_list":["post-2901","page","type-page","status-publish","has-post-thumbnail","hentry"],"acf":[],"_hostinger_reach_plugin_has_subscription_block":false,"_hostinger_reach_plugin_is_elementor":false,"_links":{"self":[{"href":"https:\/\/retayarms.com\/tr\/wp-json\/wp\/v2\/pages\/2901","targetHints":{"allow":["GET"]}}],"collection":[{"href":"https:\/\/retayarms.com\/tr\/wp-json\/wp\/v2\/pages"}],"about":[{"href":"https:\/\/retayarms.com\/tr\/wp-json\/wp\/v2\/types\/page"}],"author":[{"embeddable":true,"href":"https:\/\/retayarms.com\/tr\/wp-json\/wp\/v2\/users\/1"}],"replies":[{"embeddable":true,"href":"https:\/\/retayarms.com\/tr\/wp-json\/wp\/v2\/comments?post=2901"}],"version-history":[{"count":5,"href":"https:\/\/retayarms.com\/tr\/wp-json\/wp\/v2\/pages\/2901\/revisions"}],"predecessor-version":[{"id":3647,"href":"https:\/\/retayarms.com\/tr\/wp-json\/wp\/v2\/pages\/2901\/revisions\/3647"}],"wp:featuredmedia":[{"embeddable":true,"href":"https:\/\/retayarms.com\/tr\/wp-json\/wp\/v2\/media\/2902"}],"wp:attachment":[{"href":"https:\/\/retayarms.com\/tr\/wp-json\/wp\/v2\/media?parent=2901"}],"wp:term":[{"taxonomy":"difl_page_category","embeddable":true,"href":"https:\/\/retayarms.com\/tr\/wp-json\/wp\/v2\/difl_page_category?post=2901"}],"curies":[{"name":"wp","href":"https:\/\/api.w.org\/{rel}","templated":true}]}}