{"id":2858,"date":"2025-06-02T14:32:05","date_gmt":"2025-06-02T14:32:05","guid":{"rendered":"https:\/\/retayarms.com\/?page_id=2858"},"modified":"2025-06-02T14:53:46","modified_gmt":"2025-06-02T14:53:46","slug":"firearms-safety","status":"publish","type":"page","link":"https:\/\/retayarms.com\/tr\/atesli\u0307-si\u0307lahlarin-guvenli\u0307gi\u0307\/","title":{"rendered":"Ate\u015fli Silah G\u00fcvenli\u011fi"},"content":{"rendered":"<p>[et_pb_section fb_built=\"1\u2033 next_background_color=\"#ffffff\" _builder_version=\"4.27.4\u2033 _dynamic_attributes=\"background_image\" _module_preset=\"default\" background_image=\"@ET-DC@eyJkeW5hbWljIjp0cnVlLCJjb250ZW50IjoicG9zdF9mZWF0dXJlZF9pbWFnZSIsInNldHRpbmdzIjp7fX0=@\" bottom_divider_style=\"ramp2\u2033 bottom_divider_flip=\"horizontal\" global_colors_info=\"{}\"][et_pb_row _builder_version=\"4.27.4\u2033 _module_preset=\"default\" hover_enabled=\"0\u2033 global_colors_info=\"{}\" custom_padding=\"107px||107px|true|false\" sticky_enabled=\"0\u2033][et_pb_column type=\"4_4\u2033 _builder_version=\"4.27.4\u2033 _module_preset=\"default\" global_colors_info=\"{}\"][et_pb_text _builder_version=\"4.27.4\u2033 _dynamic_attributes=\"content\" _module_preset=\"default\" header_font=\"Barlow|700|||||||\" hover_enabled=\"0\u2033 global_colors_info=\"{}\" header_text_color=\"#FFFFFF\" sticky_enabled=\"0\u2033 header_font_size=\"48px\"]@ET-DC@eyJkeW5hbWljIjp0cnVlLCJjb250ZW50IjoicG9zdF90aXRsZSIsInNldHRpbmdzIjp7ImJlZm9yZSI6IjxoMT4iLCJhZnRlciI6IjwvaDE+In19@[\/et_pb_text][\/et_pb_column][\/et_pb_row][\/et_pb_section][et_pb_section fb_built=\"1\u2033 _builder_version=\"4.27.4\u2033 _module_preset=\"default\" global_colors_info=\"{}\"][et_pb_row _builder_version=\"4.27.4\u2033 _module_preset=\"default\" global_colors_info=\"{}\"][et_pb_column type=\"4_4\u2033 _builder_version=\"4.27.4\u2033 _module_preset=\"default\" global_colors_info=\"{}\"][et_pb_text _builder_version=\"4.27.4\u2033 _module_preset=\"default\" global_colors_info=\"{}\"]<\/p>\n<p><strong>ATE\u015eLI\u0307 SI\u0307LAHLAR G\u00dcVENLI\u0307K KURALLARI<\/strong><strong><\/p>\n<p>!!! Silah\u0131n\u0131z\u0131n kullan\u0131m k\u0131lavuzunu dikkatlice okudu\u011funuzdan emin olun ve her zaman a\u015fa\u011f\u0131daki ipu\u00e7lar\u0131n\u0131 izleyin<\/strong><\/p>\n<p><strong>1. Ate\u015f etmek i\u00e7in g\u00fcvenli olmayan bir \u015feye asla ate\u015fli silah do\u011frultmay\u0131n.\u00a0<\/strong><\/p>\n<p>Ate\u015fli silah\u0131n namlusunun asla v\u00fccudunuzun herhangi bir yerine veya ba\u015fka bir ki\u015fiye do\u011frultulmas\u0131na izin vermeyin. Bu \u00f6zellikle silah\u0131 doldururken veya bo\u015falt\u0131rken \u00f6nemlidir. Bir hedefe ate\u015f ederken, hedefin arkas\u0131nda ne oldu\u011funu bilin. Baz\u0131 mermiler bir milden fazla yol alabilir. Hedefinizi \u0131skalarsan\u0131z ya da mermi hedefin i\u00e7ine girerse, at\u0131\u015f\u0131n istenmeyen yaralanmalara ya da hasara yol a\u00e7mamas\u0131n\u0131 sa\u011flamak sizin sorumlulu\u011funuzdad\u0131r.\u00a0<\/p>\n<p><strong>2. Bir ate\u015fli silaha her zaman doluymu\u015f gibi davran\u0131n.<\/strong><\/p>\n<p>Asla bir ate\u015fli silah\u0131n bo\u015f oldu\u011funu varsaymay\u0131n. Bir ate\u015fli silah\u0131n bo\u015f oldu\u011fundan emin olman\u0131n tek kesin yolu fi\u015fek yata\u011f\u0131n\u0131 a\u00e7mak ve i\u00e7inde mermi olup olmad\u0131\u011f\u0131n\u0131 g\u00f6rsel olarak incelemektir. \u015earj\u00f6r\u00fcn \u00e7\u0131kar\u0131lmas\u0131 bir tabancan\u0131n bo\u015f oldu\u011funu veya ate\u015f alamayaca\u011f\u0131n\u0131 garanti etmez. Av t\u00fcfekleri ve t\u00fcfekler, t\u00fcm mermilerin \u00e7evrilmesi veya \u00e7\u0131kar\u0131lmas\u0131 ve ard\u0131ndan kalan mermiler i\u00e7in haznenin g\u00f6rsel olarak incelenebilmesi i\u00e7in haznenin a\u00e7\u0131lmas\u0131yla kontrol edilebilir.\u00a0<\/p>\n<p><strong>3. Ate\u015fli silah\u0131n\u0131z\u0131 \u00e7ocuklar\u0131n eri\u015femeyece\u011fi \u015fekilde saklay\u0131n.\u00a0<\/strong><\/p>\n<p>Ate\u015fli silah\u0131n\u0131za 18 ya\u015f\u0131ndan k\u00fc\u00e7\u00fck \u00e7ocuklar\u0131n veya di\u011fer yetkisiz ki\u015filerin eri\u015fmemesini sa\u011flamak sizin sorumlulu\u011funuzdad\u0131r. \u00c7ocuklar\u0131n kar\u0131\u015fabilece\u011fi kaza riskini azaltmak i\u00e7in, ate\u015fli silah\u0131n\u0131z\u0131 bo\u015falt\u0131n, kilitleyin ve m\u00fchimmat\u0131 ayr\u0131 bir kilitli yerde saklay\u0131n. Kazalar\u0131 \u00f6nlemeye y\u00f6nelik cihazlar\u0131n (\u00f6rne\u011fin kablo kilitleri, fi\u015fek yata\u011f\u0131 tapalar\u0131 vb.) ate\u015fli silah\u0131n\u0131z\u0131n belirli bir ki\u015fi taraf\u0131ndan kullan\u0131lmas\u0131n\u0131 veya k\u00f6t\u00fcye kullan\u0131lmas\u0131n\u0131 \u00f6nleyemeyebilece\u011fini l\u00fctfen unutmay\u0131n. \u00c7elik silah kasalar\u0131, ate\u015fli silah\u0131n bir \u00e7ocuk veya ba\u015fka bir yetkisiz ki\u015fi taraf\u0131ndan kas\u0131tl\u0131 olarak k\u00f6t\u00fcye kullan\u0131lmas\u0131 olas\u0131l\u0131\u011f\u0131n\u0131 azaltmak i\u00e7in daha uygun olabilir.\u00a0<\/p>\n<p><strong>4. Asla suya veya sert bir y\u00fczeye ate\u015f etmeyin.<\/strong><\/p>\n<p>Su y\u00fczeyine veya bir kayaya veya ba\u015fka bir sert y\u00fczeye ate\u015f etmek, merminin veya at\u0131\u015f\u0131n sekme veya par\u00e7alanma olas\u0131l\u0131\u011f\u0131n\u0131 art\u0131r\u0131r, bu da merminin istenmeyen veya \u00e7evresel bir hedefe \u00e7arpmas\u0131na neden olabilir.\u00a0<\/p>\n<p><strong>5. Kulland\u0131\u011f\u0131n\u0131z ate\u015fli silah\u0131n g\u00fcvenlik \u00f6zelliklerini bilin, ancak unutmay\u0131n:\u00a0<\/strong><strong>G\u00fcvenlik cihazlar\u0131 g\u00fcvenli kullan\u0131m prosed\u00fcrlerinin yerine ge\u00e7mez.<\/strong><\/p>\n<p>Bir kazay\u0131 \u00f6nlemek i\u00e7in asla sadece bir g\u00fcvenlik cihaz\u0131na g\u00fcvenmeyin. Kulland\u0131\u011f\u0131n\u0131z ate\u015fli silah\u0131n g\u00fcvenlik \u00f6zelliklerini bilmeniz ve kullanman\u0131z zorunludur, ancak kazalar en iyi \u015fekilde bu g\u00fcvenlik kurallar\u0131nda ve \u00fcr\u00fcn k\u0131lavuzunun ba\u015fka yerlerinde a\u00e7\u0131klanan g\u00fcvenli kullan\u0131m prosed\u00fcrleri izlenerek \u00f6nlenebilir. Ate\u015fli silahlar\u0131n do\u011fru kullan\u0131m\u0131 hakk\u0131nda daha fazla bilgi edinmek i\u00e7in, ate\u015fli silah kullan\u0131m\u0131 ve g\u00fcvenlik prosed\u00fcrleri konusunda uzman bir ki\u015fi taraf\u0131ndan verilen bir ate\u015fli silah g\u00fcvenlik kursuna kat\u0131l\u0131n.<\/p>\n<p><strong>6. Silah\u0131n\u0131z\u0131n bak\u0131m\u0131n\u0131 uygun \u015fekilde yap\u0131n.<\/strong><\/p>\n<p>Silah\u0131n\u0131z\u0131, \u00e7al\u0131\u015fan par\u00e7alarda kir veya t\u00fcy birikmeyecek \u015fekilde saklay\u0131n ve ta\u015f\u0131y\u0131n. Her kullan\u0131mdan sonra, korozyonu, namlunun hasar g\u00f6rmesini veya acil bir durumda silah\u0131n kullan\u0131lmas\u0131n\u0131 engelleyebilecek yabanc\u0131 maddelerin birikmesini \u00f6nlemek i\u00e7in kullan\u0131m k\u0131lavuzunuzda verilen talimatlar\u0131 izleyerek silah\u0131n\u0131z\u0131 temizleyin ve ya\u011flay\u0131n. Namluyu doldurmadan \u00f6nce daima kontrol ederek temiz oldu\u011fundan ve herhangi bir engel bulunmad\u0131\u011f\u0131ndan emin olun. Bir engele kar\u015f\u0131 ate\u015f etmek namluyu k\u0131rabilir ve sizi veya yak\u0131n\u0131n\u0131zdakileri yaralayabilir. Ate\u015f ederken ola\u011fand\u0131\u015f\u0131 bir ses duyarsan\u0131z, derhal ate\u015f etmeyi b\u0131rak\u0131n, manuel emniyeti devreye sokun ve silah\u0131 bo\u015falt\u0131n. Namlu yata\u011f\u0131nda herhangi bir engel veya kusurlu veya uygun olmayan m\u00fchimmat nedeniyle namlu i\u00e7inde t\u0131kanm\u0131\u015f olas\u0131 mermi bulunmad\u0131\u011f\u0131ndan emin olun.<\/p>\n<p><strong>7. Uygun m\u00fchimmat kullan\u0131n.<\/strong>\u00a0<\/p>\n<p>Sadece fabrikada doldurulmu\u015f, end\u00fcstri spesifikasyonlar\u0131na g\u00f6re \u00fcretilmi\u015f yeni m\u00fchimmat kullan\u0131n: CIP (Avrupa ve di\u011fer yerler), SAAMI (A.B.D.). Kulland\u0131\u011f\u0131n\u0131z her merminin s\u00f6z konusu ate\u015fli silah i\u00e7in uygun kalibre veya \u00f6l\u00e7\u00fclerde ve tipte oldu\u011fundan emin olun. Ate\u015fli silah\u0131n kalibresi veya \u00f6l\u00e7\u00fcs\u00fc, av t\u00fcfeklerinin namlusunda ve tabancalar\u0131n s\u00fcrg\u00fcs\u00fcnde veya namlusunda a\u00e7\u0131k\u00e7a i\u015faretlenmi\u015ftir. Yeniden doldurulmu\u015f veya yeniden \u00fcretilmi\u015f m\u00fchimmat kullan\u0131m\u0131, a\u015f\u0131r\u0131 fi\u015fek bas\u0131n\u00e7lar\u0131, kovan ba\u015f\u0131 y\u0131rt\u0131lmalar\u0131 veya m\u00fchimmatta di\u011fer kusurlar\u0131n meydana gelme olas\u0131l\u0131\u011f\u0131n\u0131 art\u0131rabilir ve bunlar\u0131n t\u00fcm\u00fc ate\u015fli silah\u0131n\u0131za zarar verebilir ve kendinizin veya \u00e7evrenizdekilerin yaralanmas\u0131na neden olabilir.\u00a0<\/p>\n<p><strong>8. At\u0131\u015f yaparken daima g\u00f6z ve i\u015fitme korumas\u0131 kullan\u0131n.<\/strong><\/p>\n<p>Gaz, barut veya metal par\u00e7alar\u0131n\u0131n geri teperek silah\u0131n\u0131 ate\u015fleyen bir at\u0131c\u0131y\u0131 yaralama ihtimali nadirdir, ancak bu t\u00fcr durumlarda meydana gelebilecek yaralanmalar, olas\u0131 g\u00f6rme kayb\u0131 da dahil olmak \u00fczere ciddi boyutlardad\u0131r. Bir at\u0131c\u0131 herhangi bir ate\u015fli silah\u0131 ate\u015flerken her zaman darbeye dayan\u0131kl\u0131 at\u0131\u015f g\u00f6zl\u00fc\u011f\u00fc takmal\u0131d\u0131r. Kulak t\u0131ka\u00e7lar\u0131 ve kulak k\u0131l\u0131flar\u0131 gibi i\u015fitme korumas\u0131, at\u0131\u015ftan kaynaklanan i\u015fitme hasar\u0131 olas\u0131l\u0131\u011f\u0131n\u0131 azaltmaya yard\u0131mc\u0131 olacakt\u0131r.<\/p>\n<p><strong>9. Dolu bir ate\u015fli silahla asla bir a\u011faca, \u00e7ite veya engele t\u0131rmanmay\u0131n.\u00a0<\/strong><\/p>\n<p>Bir a\u011faca t\u0131rmanmadan veya a\u011fa\u00e7tan inmeden \u00f6nce veya bir \u00e7ite t\u0131rmanmadan ya da bir hendek veya engelin \u00fczerinden atlamadan \u00f6nce ate\u015fli silah\u0131n\u0131z\u0131n fi\u015fek yata\u011f\u0131n\u0131 a\u00e7\u0131n ve bo\u015falt\u0131n. Dolu bir ate\u015fli silah\u0131 asla kendinize veya ba\u015fka bir ki\u015fiye do\u011fru \u00e7ekmeyin veya itmeyin.<\/p>\n<p><strong>10. At\u0131\u015f yaparken alkoll\u00fc i\u00e7eceklerden ve yarg\u0131lama ya da refleksleri bozan ila\u00e7lardan ka\u00e7\u0131n\u0131n.<\/strong>\u00a0<\/p>\n<p>\u0130\u00e7ki i\u00e7meyin ve ate\u015f etmeyin. Motor reaksiyonlar\u0131 veya muhakemeyi bozabilecek ila\u00e7lar al\u0131yorsan\u0131z, ila\u00e7lar\u0131n etkisi alt\u0131ndayken ate\u015fli silah kullanmay\u0131n.<\/p>\n<p><strong>11. Asla dolu bir ate\u015fli silah\u0131 ta\u015f\u0131may\u0131n<\/strong>m.<\/p>\n<p>Ate\u015fli silah\u0131 bir araca koymadan \u00f6nce bo\u015falt\u0131n. Avc\u0131lar ve hedef at\u0131c\u0131lar\u0131 ate\u015fli silahlar\u0131n\u0131 sadece gidecekleri yerde doldurmal\u0131d\u0131r. Kendinizi korumak i\u00e7in bir ate\u015fli silah ta\u015f\u0131yorsan\u0131z, hazneyi bo\u015f b\u0131rakmak kazara bo\u015falma olas\u0131l\u0131\u011f\u0131n\u0131 azaltabilir.\u00a0<\/p>\n<p><strong>12. Kur\u015fun uyar\u0131s\u0131.<\/strong><\/p>\n<p>Havaland\u0131rmas\u0131 yetersiz alanlarda ate\u015fli silahlar\u0131 bo\u015faltmak, ate\u015fli silahlar\u0131 temizlemek veya m\u00fchimmatla u\u011fra\u015fmak kur\u015fun ve do\u011fum kusurlar\u0131na, \u00fcreme hasarlar\u0131na ve di\u011fer ciddi fiziksel yaralanmalara neden oldu\u011fu bilinen di\u011fer maddelere maruz kalmaya neden olabilir. Her zaman yeterli havaland\u0131rma sa\u011flay\u0131n. Maruz kald\u0131ktan sonra ellerinizi iyice y\u0131kay\u0131n.<\/p>\n<p>_______________________________________________________________________________________________________________________________<\/p>\n<p>&nbsp;<\/p>\n<p><strong>AIRGUN S<\/strong><strong>G\u00dcVENLI\u0307K KURALLARI<\/strong><\/p>\n<p>RETAY haval\u0131 tabancan\u0131z\u0131 her elinize ald\u0131\u011f\u0131n\u0131zda, emniyet mandal\u0131n\u0131n \"A\u00c7IK\" oldu\u011fundan ve \u015farj\u00f6r giri\u015finde m\u00fchimmat olmad\u0131\u011f\u0131ndan emin olun.<\/p>\n<ol>\n<li>HER ZAMAN KORUYUCU G\u00d6ZL\u00dcK KULLANIN.<\/li>\n<li>HER ZAMAN I\u015eITME KORUMASI KULLANIN.<\/li>\n<li>Haval\u0131 silahlar oyuncak de\u011fildir. Sadece yeti\u015fkin g\u00f6zetimi alt\u0131nda kullan\u0131lmal\u0131d\u0131rlar. G\u00fcvenlik basit ama s\u00fcrekli bir s\u00fcre\u00e7tir. HAVALI TABANCALARIN G\u00d6ZETI\u0307MSI\u0307Z KULLANIMI 16 YA\u015eINDAN K\u00dc\u00c7\u00dcK KI\u0307\u015eI\u0307LER I\u0307\u00c7I\u0307N TAVSI\u0307YE EDI\u0307LMEMEKTEDI\u0307R.<\/li>\n<li>\u00d6nce d\u00fc\u015f\u00fcn, sonra ate\u015f et.<\/li>\n<li>Silah\u0131 her zaman g\u00fcvenli bir y\u00f6ne do\u011frultun. HAVALI SI\u0307LAHINIZI ASLA DOLU OLMASA BI\u0307LE I\u0307NSANLARA VEYA HAYVANLARA DO\u011eRULTMAYIN.<\/li>\n<li>Kurma ve ta\u015f\u0131ma s\u0131ras\u0131nda parmaklar\u0131n\u0131z\u0131 daima tetikten uzak tutun. Ate\u015f etmeye haz\u0131r olana kadar parma\u011f\u0131n\u0131z\u0131 tetikten uzak tutun.<\/li>\n<li>Hedefinizin arkas\u0131nda ne oldu\u011fundan daima emin olun. Hedefinizin arkas\u0131nda sa\u00e7malardan zarar g\u00f6rebilecek bir insan ya da nesne olmad\u0131\u011f\u0131ndan emin olun.<\/li>\n<li>Sekme veya sapmalara izin veren bir hedefe ate\u015f etmeyin. Su i\u00e7ine veya suya ate\u015f etmeyin.<\/li>\n<li>Bu \u00fcr\u00fcn\u00fc kullan\u0131rken asla uyu\u015fturucu veya alkol kullanmay\u0131n.<\/li>\n<li>Peletleri asla tekrar kullanmay\u0131n.<\/li>\n<li>Hava tabancas\u0131 ve sa\u00e7malar ayr\u0131 yerlerde, m\u00fcmk\u00fcnse kilit alt\u0131nda tutulmal\u0131d\u0131r.<\/li>\n<li>Kulland\u0131ktan sonra ve hava tabancas\u0131n\u0131 kald\u0131rmadan \u00f6nce, her zaman haznede sa\u00e7ma olmad\u0131\u011f\u0131ndan kesinlikle emin olun.<\/li>\n<li>Ate\u015f etmeye haz\u0131r olana kadar haval\u0131 tabancay\u0131 doldurmay\u0131n. Dolu bir hava tabancas\u0131 ta\u015f\u0131rken y\u00fcr\u00fcmeyin, ko\u015fmay\u0131n veya z\u0131plamay\u0131n. Dolu bir hava tabancas\u0131 asla bir arac\u0131n i\u00e7inde ta\u015f\u0131nmamal\u0131d\u0131r. Haval\u0131 tabanca bo\u015f olsa bile emniyeti daima A\u00c7IK tutun.<\/li>\n<\/ol>\n<p>[\/et_pb_text][\/et_pb_column][\/et_pb_row][\/et_pb_section]<\/p>","protected":false},"excerpt":{"rendered":"<p>ATE\u015eLI\u0307 SI\u0307LAHLAR G\u00dcVENLI\u0307K KURALLARI !!! Silah\u0131n\u0131z\u0131n kullan\u0131m k\u0131lavuzunu dikkatlice okudu\u011funuzdan emin olun ve her zaman a\u015fa\u011f\u0131daki ipu\u00e7lar\u0131na uyun 1. Ate\u015f etmek i\u00e7in g\u00fcvenli olmayan bir \u015feye asla ate\u015fli silah do\u011frultmay\u0131n.  Ate\u015fli silah\u0131n namlusunun asla v\u00fccudunuzun herhangi bir yerine veya ba\u015fka bir ki\u015fiye do\u011frultulmas\u0131na izin vermeyin. Bu \u00f6zellikle [...]<\/p>","protected":false},"author":1,"featured_media":2864,"parent":0,"menu_order":0,"comment_status":"closed","ping_status":"closed","template":"","meta":{"_acf_changed":false,"_et_pb_use_builder":"on","_et_pb_old_content":"","_et_gb_content_width":"","footnotes":""},"difl_page_category":[],"class_list":["post-2858","page","type-page","status-publish","has-post-thumbnail","hentry"],"acf":[],"_hostinger_reach_plugin_has_subscription_block":false,"_hostinger_reach_plugin_is_elementor":false,"_links":{"self":[{"href":"https:\/\/retayarms.com\/tr\/wp-json\/wp\/v2\/pages\/2858","targetHints":{"allow":["GET"]}}],"collection":[{"href":"https:\/\/retayarms.com\/tr\/wp-json\/wp\/v2\/pages"}],"about":[{"href":"https:\/\/retayarms.com\/tr\/wp-json\/wp\/v2\/types\/page"}],"author":[{"embeddable":true,"href":"https:\/\/retayarms.com\/tr\/wp-json\/wp\/v2\/users\/1"}],"replies":[{"embeddable":true,"href":"https:\/\/retayarms.com\/tr\/wp-json\/wp\/v2\/comments?post=2858"}],"version-history":[{"count":5,"href":"https:\/\/retayarms.com\/tr\/wp-json\/wp\/v2\/pages\/2858\/revisions"}],"predecessor-version":[{"id":2866,"href":"https:\/\/retayarms.com\/tr\/wp-json\/wp\/v2\/pages\/2858\/revisions\/2866"}],"wp:featuredmedia":[{"embeddable":true,"href":"https:\/\/retayarms.com\/tr\/wp-json\/wp\/v2\/media\/2864"}],"wp:attachment":[{"href":"https:\/\/retayarms.com\/tr\/wp-json\/wp\/v2\/media?parent=2858"}],"wp:term":[{"taxonomy":"difl_page_category","embeddable":true,"href":"https:\/\/retayarms.com\/tr\/wp-json\/wp\/v2\/difl_page_category?post=2858"}],"curies":[{"name":"wp","href":"https:\/\/api.w.org\/{rel}","templated":true}]}}